{"id":26945,"date":"2018-04-09T15:44:32","date_gmt":"2018-04-09T13:44:32","guid":{"rendered":"https:\/\/www.hcristallo.it\/vacanze-mare-famiglia-hotel-giulianova-abruzzo\/"},"modified":"2025-02-05T15:21:19","modified_gmt":"2025-02-05T14:21:19","slug":"urlaub-meer-familien-hotel-giulianova-adria","status":"publish","type":"page","link":"https:\/\/www.hcristallo.it\/de\/urlaub-meer-familien-hotel-giulianova-adria\/","title":{"rendered":"MEER"},"content":{"rendered":"<p><section   class=\"fw-main-row-custom fw-main-row-top fw-section-no-padding fw-content-overlay-custom fw_theme_bg_fw-custom fw-section-image fw-section-height-custom  fw-section-position-back tf-sh-0427b7c6c59618cbd33a2e564bb5cafc\"  style=\"margin-bottom:-60px; background-image:url(https:\/\/www.hcristallo.it\/wp-content\/uploads\/2019\/02\/hotel-cristallo-mare-giulianova_DJI_0038-pano-spiaggia-e1551033933418.jpg); background-repeat: no-repeat; background-position: center top; background-size: auto; height: 560px;\"  >\n\t\t\t<div class=\"fw-container\" >\n\t\t<div class=\"fw-row\">\n\t<div id=\"column-69f1e5ad34e27\" class=\"fw-col-sm-12 tf-sh-18b8432e0468f1415a3ae419b7822d33  fw-animated-element fw-col-no-padding\" data-animation-type=\"fadeInUp\" data-animation-delay=\"300\">\n\t<div class=\"fw-wrap-col-inner clearfix  \"   >\n\t\t\t\t<div class=\"fw-col-inner\">\n\t\t\t<div class=\"fw-heading fw-heading-center  fw-heading-with-subtitle tf-sh-277ab0ddd26e64a702509b6a58d9f9c2\" >\n\t\t\t<h1 class=\"fw-special-title\">Strandurlaub in Giulianova<\/h1>\n\t\n\t\n\t\t\t<div class=\"fw-special-subtitle\">Entspannung und Spa\u00df am feinen Sandstrand<\/div>\n\t<\/div>\t\t<\/div>\n\t<\/div>\n<\/div><\/div>\n\n\t<\/div>\n\t<\/section><section   class=\"fw-main-row-custom fw-section-no-padding  auto  fw-section-position-back tf-sh-350ea997bc7f8a4269fda430c8751858 quick-reservation-section\"    >\n\t\t\t<div class=\"fw-container\" >\n\t\t<div class=\"fw-row\">\n\t<div id=\"column-69f1e5ad35f75\" class=\"fw-col-sm-12 fw-col-md-12 tf-sh-add4e13e6777830d37d9c4e53a02ff89 quick-reservation\" >\n\t<div class=\"fw-wrap-col-inner clearfix  \"   >\n\t\t\t\t<div class=\"fw-col-inner\">\n\t\t\t<div class=\"fw-raw-code \">\n\t\n\t\t\t<script type=\"text\/javascript\">\n\t\t\t(function (i, s, o, g, r, a, m) {\n\t\t\ti['SBSyncroBoxParam'] = r; i[r] = i[r] || function () {\n\t\t\t(i[r].q = i[r].q || []).push(arguments)\n\t\t\t}, i[r].l = 1 * new Date(); a = s.createElement(o),\n\t\t\tm = s.getElementsByTagName(o)[0]; a.async = 1; a.src = g; m.parentNode.insertBefore(a, m)\n\t\t\t})(window, document, 'script', 'https:\/\/cdn.simplebooking.it\/search-box-script.axd?IDA=9622','SBSyncroBox');\n\n\t\t\tSBSyncroBox({\n\t\t\tCodLang: 'DE',\n\t\t\tStyles: {\n\t\t\tFontFamily: 'Lato, OpenSans, sans-serif',\n\t\t\tTheme: \"dark\",\n\t\t\tCustomColor: \"#f6f3ef\", \/\/primary color ex. #CDEFDD\n\t\t\tCustomBGColor: \"#93a8c9\", \/\/background color\n\t\t\tCustomLabelColor: \"#f6f3ef\", \/\/labels color\n\t\t\tCustomWidgetColor: \"#f6f3ef\", \/\/popovers text color\n\t\t\tCustomWidgetBGColor: \"#7486a3\",\n\t\t\tCustomWidgetElementHoverColor: \"#000\",\n\t\t\tCustomWidgetElementHoverBGColor: \"#000\",\n\t\t\tCustomBoxShadowColor: \"#f6f3ef\",\n\t\t\tCustomBoxShadowColorHover: \"#f6f3ef\",\n\t\t\tCustomIntentSelectionColor: \"#f6f3ef\",\n\t\t\tCustomIntentSelectionDaysBGColor : \"#f6f3ef\",\n\t\t\tCustomLabelHoverColor: \"#000\",\/\/f0f0f0\n\t\t\tCustomButtonColor: \"#5b7079\",\n\t\t\tCustomButtonBGColor: \"#ffffff\", \/\/db4807\n\t\t\tCustomButtonHoverBGColor: \"#f6f3ef\",\n\t\t\tCustomIconColor: \"#ffffff\",\/\/f0f0f0\n\t\t\tCustomLinkColor: \"#f6f3ef\",\n\t\t\tCustomBoxShadowColorFocus: \"#f6f3ef\",\/\/f0f0f0\n\t\t\tCustomAddRoomBoxShadowColor: \"#000\",\/\/f0f0f0\n\t\t\tCustomAccentColor : \"#f6f3ef\",\n\t\t\tCustomBGColor: \"#93a8c9\",\/\/f0f0f0\n\t\t\tCustomFieldBackgroundColor: \"#7486a3\",\n\t\t\tCustomSelectedDaysColor: \"#000\",\n\t\t\tCustomCalendarBackgroundColor: \"#7486a3\"\n\t\t\t}\n\t\t\t});\n\t\t\t<\/script>\n\t\t\t<div id=\"sb-container\"><\/div>\n\t\t\t<\/div>\t\t<\/div>\n\t<\/div>\n<\/div><\/div>\n\n\t<\/div>\n\t<\/section><section   class=\"fw-main-row-custom fw-section-no-padding  auto  fw-section-position-back tf-sh-2a24729400113cf7c2ac056d488aacd5 sinistra\"    >\n\t\t\t<div class=\"fw-container\" >\n\t\t<div class=\"fw-row\">\n\t<div id=\"column-69f1e5ad36f54\" class=\"fw-col-sm-12 tf-sh-3577f77f733188f01f6858a5183142de\" >\n\t<div class=\"fw-wrap-col-inner clearfix  \"   >\n\t\t\t\t<div class=\"fw-col-inner\">\n\t\t\t<div class=\"fw-divider-space  fw-custom-space  fw-mobile-hide-element clearfix\" style=\"height:70px;\" ><\/div>\t\t<\/div>\n\t<\/div>\n<\/div><\/div>\n\n<div class=\"fw-row\">\n\t<div id=\"column-69f1e5ad37ac9\" class=\"fw-col-sm-9 fw-col-md-6 tf-sh-d1d36f8dab7256bb289fc324e2654c2c  fw-animated-element\" data-animation-type=\"fadeInUp\" data-animation-delay=\"300\">\n\t<div class=\"fw-wrap-col-inner clearfix  \"   >\n\t\t\t\t<div class=\"fw-col-inner\">\n\t\t\t<div class=\"fw-heading fw-heading-left  tf-sh-ade10b06772013677f84c060bd4304b9\" >\n\t\t\t<h4 class=\"fw-special-title\">Das Cristallo Mare ist unser privater Badestrand und befindet sich etwa 200 Meter n\u00f6rdlich des Hotels Cristallo. Er bietet Ihnen einen breiten, feinen Sandstrand, der sanft zum kristallklaren Meer abf\u00e4llt. Er wurde von der Europ\u00e4ischen Gemeinschaft mit der \u201eBlauen Flagge\u201c f\u00fcr Sauberkeit und als kinderfreundlicher Strand mit der Gr\u00fcnen Flagge ausgezeichnet.<\/h4>\n\t\n\t\n\t<\/div>\t\t<\/div>\n\t<\/div>\n<\/div><div id=\"column-69f1e5ad3813d\" class=\"fw-col-sm-9 fw-col-md-6 tf-sh-542b501b5b6adb3dfaef4961b45ecdd0  fw-animated-element\" data-animation-type=\"fadeInUp\" data-animation-delay=\"300\">\n\t<div class=\"fw-wrap-col-inner clearfix  \"   >\n\t\t\t\t<div class=\"fw-col-inner\">\n\t\t\t<div class=\"fw-text-box tf-sh-e20ffa62af954226fc4d60a28624ccd8 \" >\n\t<div class=\"fw-text-inner\">\n\t\t<p><iframe loading=\"lazy\" src=\"https:\/\/www.youtube-nocookie.com\/embed\/qGJrWnMdf40?rel=0\" width=\"560\" height=\"315\" frameborder=\"0\" allowfullscreen=\"allowfullscreen\"><\/iframe><br \/><!--p><a href=\"#\"><img loading=\"lazy\" decoding=\"async\" class=\"aligncenter size-medium wp-image-935\" src=\"https:\/\/www.hcristallo.it\/wp-content\/uploads\/2018\/03\/virtual-tour-300x153.png\" alt=\"\" width=\"300\" height=\"153\" \/><\/a><\/p--><\/p>\n\t<\/div>\n<\/div><div class=\"fw-divider-space  fw-custom-space  fw-mobile-hide-element clearfix\" style=\"height:70px;\" ><\/div>\t\t<\/div>\n\t<\/div>\n<\/div><\/div>\n\n\t<\/div>\n\t<\/section><section   class=\"fw-main-row-custom fw-section-no-padding  auto  fw-section-position-back tf-sh-ab92656868cc9c71ef09e446399b9638 destra\"  style=\" background-color:#e8e8e8;\"  >\n\t\t\t<div class=\"fw-container-fluid\" >\n\t\t<div class=\"fw-row\">\n\t<div id=\"column-69f1e5ad39332\" class=\"fw-col-sm-12 fw-col-md-6 tf-sh-d998146fd8390b2ca885f1281f8c6e82  fw-col-no-padding\" >\n\t<div class=\"fw-wrap-col-inner clearfix   fw-column-height-custom\" style=\"height: 500px;\"  >\n\t\t\t\t<div class=\"fw-col-inner\">\n\t\t\t\t\t<\/div>\n\t<\/div>\n<\/div><div id=\"column-69f1e5ad39648\" class=\"fw-col-sm-12 fw-col-md-6 tf-sh-a63f715448fab47ecece44d1ebb4e6ff destra\" >\n\t<div class=\"fw-wrap-col-inner clearfix  \"   >\n\t\t\t\t<div class=\"fw-col-inner\">\n\t\t\t<div class=\"fw-heading fw-heading-left  fw-animated-element tf-sh-f0b4244f9a6976183e63cdb9e550e44b\"  data-animation-type=\"fadeInUp\" data-animation-delay=\"300\">\n\t\t\t<h2 class=\"fw-special-title\">Entspannung und Spa\u00df am Strand<\/h2>\n\t\n\t\n\t<\/div><div class=\"fw-divider-space  fw-custom-space  clearfix\" style=\"height:15px;\" ><\/div><div class=\"fw-text-box tf-sh-a69564321ae0f14d917305a7366a0191  fw-animated-element\"  data-animation-type=\"fadeInUp\" data-animation-delay=\"500\">\n\t<div class=\"fw-text-inner\">\n\t\t<p>Sonnenschirme, Liegest\u00fchle, Sonnenliegen und Tretboote, Bar, Restaurant, Unterhaltung und Spiele f\u00fcr Kinder, Kabinen und Duschen stehen Ihnen zur Verf\u00fcgung. Unser Strand ist der ideale Ort zum Segeln, Surfen, Schwimmen ... oder aber auch zum Faulenzen.\u00a0Oder halten Sie sich in unserem Panorama-Fitnessraum fit.<span class=\"Apple-converted-space\">\u00a0<\/span><\/p>\n\t<\/div>\n<\/div><div class=\"fw-divider-space  fw-custom-space  clearfix\" style=\"height:30px;\" ><\/div>\t\t<\/div>\n\t<\/div>\n<\/div><\/div>\n\n\t<\/div>\n\t<\/section><section   class=\"fw-main-row-custom fw-section-no-padding  auto  fw-section-position-back tf-sh-2dfbfe5d8860d8806f69babc332330c6 sinistra\"  style=\" background-color:#e8e8e8;\"  >\n\t\t\t<div class=\"fw-container-fluid\" >\n\t\t<div class=\"fw-row\">\n\t<div id=\"column-69f1e5ad3aebf\" class=\"fw-col-sm-12 fw-col-md-6 tf-sh-b6d8ee42285784e344b3b7374e6dbff2 sinistra\" >\n\t<div class=\"fw-wrap-col-inner clearfix  \"   >\n\t\t\t\t<div class=\"fw-col-inner\">\n\t\t\t<div class=\"fw-heading fw-heading-left  fw-animated-element tf-sh-f00202d52f26f5cbe576429890a43e2e\"  data-animation-type=\"fadeInUp\" data-animation-delay=\"300\">\n\t\t\t<h2 class=\"fw-special-title\">Der Urlaub f\u00fcr die ganze Familie<\/h2>\n\t\n\t\n\t<\/div><div class=\"fw-divider-space  fw-custom-space  clearfix\" style=\"height:15px;\" ><\/div><div class=\"fw-text-box tf-sh-521ec92123e809cde6fd28b52ae4c65a  fw-animated-element\"  data-animation-type=\"fadeInUp\" data-animation-delay=\"500\">\n\t<div class=\"fw-text-inner\">\n\t\t<p>Das Hotel Cristallo nimmt besondere R\u00fccksicht auf Familien mit kleinen G\u00e4sten jeden Alters. Eltern, Gro\u00dfeltern und Kinder bekommen unz\u00e4hlige M\u00f6glichkeiten f\u00fcr Spa\u00df und Entspannung und zur Mittagszeit k\u00f6nnen sie die Gerichte w\u00e4hlen, die am besten zu ihrem Geschmack und ihren Essgewohnheiten passen.<\/p>\n\t<\/div>\n<\/div><div class=\"fw-divider-space  fw-custom-space  clearfix\" style=\"height:30px;\" ><\/div>\t\t<\/div>\n\t<\/div>\n<\/div><div id=\"column-69f1e5ad3bda1\" class=\"fw-col-sm-12 fw-col-md-6 tf-sh-29769428d8eafc670cd89d15b3d54bf8  fw-col-no-padding\" >\n\t<div class=\"fw-wrap-col-inner clearfix   fw-column-height-custom\" style=\"height: 500px;\"  >\n\t\t\t\t<div class=\"fw-col-inner\">\n\t\t\t\t\t<\/div>\n\t<\/div>\n<\/div><\/div>\n\n\t<\/div>\n\t<\/section><section   class=\"fw-main-row-custom fw-section-no-padding  auto  fw-section-position-back tf-sh-e87ff00e49cef9a2a11b9f268bdfc24e destra\"  style=\" background-color:#e8e8e8;\"  >\n\t\t\t<div class=\"fw-container-fluid\" >\n\t\t<div class=\"fw-row\">\n\t<div id=\"column-69f1e5ad3c8c7\" class=\"fw-col-sm-12 fw-col-md-6 tf-sh-53ccc6d8cb481cee73f71bb142413b96  fw-col-no-padding\" >\n\t<div class=\"fw-wrap-col-inner clearfix   fw-column-height-custom\" style=\"height: 500px;\"  >\n\t\t\t\t<div class=\"fw-col-inner\">\n\t\t\t\t\t<\/div>\n\t<\/div>\n<\/div><div id=\"column-69f1e5ad3cbe9\" class=\"fw-col-sm-12 fw-col-md-6 tf-sh-e23911bd29f39ef97f6b57564d69c0e7 destra\" >\n\t<div class=\"fw-wrap-col-inner clearfix  \"   >\n\t\t\t\t<div class=\"fw-col-inner\">\n\t\t\t<div class=\"fw-heading fw-heading-left  fw-animated-element tf-sh-c3efc02fc56cce21d7c4b6baa3b0af7f\"  data-animation-type=\"fadeInUp\" data-animation-delay=\"300\">\n\t\t\t<h2 class=\"fw-special-title\">Kinderanimation und Babyclub<\/h2>\n\t\n\t\n\t<\/div><div class=\"fw-divider-space  fw-custom-space  clearfix\" style=\"height:15px;\" ><\/div><div class=\"fw-text-box tf-sh-ada6c06a66f9ca034e87fb0296a78aa6  fw-animated-element\"  data-animation-type=\"fadeInUp\" data-animation-delay=\"500\">\n\t<div class=\"fw-text-inner\">\n\t\t<p>Der Spa\u00df f\u00fcr Kinder ist den ganzen Tag \u00fcber garantiert und die Eltern k\u00f6nnen sich im Urlaub wirklich bei ihren Lieblingsbesch\u00e4ftigungen entspannen. Die jungen G\u00e4ste k\u00f6nnen unter Aufsicht unserer Animateure an vielen Aktivit\u00e4ten teilnehmen, entweder am Meer, am schattigen Spielplatz oder in den anderen Au\u00dfenbereichen unseres Hotels.<\/p>\n\t<\/div>\n<\/div><div class=\"fw-divider-space  fw-custom-space  clearfix\" style=\"height:30px;\" ><\/div>\t<a href=\"https:\/\/www.hcristallo.it\/de\/animation-und-baby-club\/\" target=\"_self\" class=\"fw-btn tf-sh-98758539799cfe9c0e48c6935cdf853a  fw-btn-md  fw-btn-side-by-side fw-animated-element fw-btn-4\"  data-animation-type=\"fadeInUp\" data-animation-delay=\"700\" style=\"\">\n\t\t<span >\n\t\t\t<strong>MEHR ERFAHREN<\/strong><i class=\"pull-right-icon fa fa-angle-right\" style=\"font-size:22px;\"><\/i>\t\t<\/span>\n\t<\/a>\n\t\t<\/div>\n\t<\/div>\n<\/div><\/div>\n\n\t<\/div>\n\t<\/section><section   class=\"fw-main-row  auto  fw-section-position-back\"    >\n\t\t\t<div class=\"fw-container\" >\n\t\t<div class=\"fw-row\">\n\t<div id=\"column-69f1e5ad3e827\" class=\"fw-col-sm-12 tf-sh-60c471a1100411dc2c57e8477693df5d\" >\n\t<div class=\"fw-wrap-col-inner clearfix  \"   >\n\t\t\t\t<div class=\"fw-col-inner\">\n\t\t\t<div class=\"text-center\">\t<a href=\"https:\/\/www.hcristallo.it\/de\/reservierung-hotel-giulianova-adria\/\" target=\"_blank\" class=\"fw-btn tf-sh-e5d841fd02761bd0d9da91565608e550  fw-btn-lg   fw-animated-element fw-btn-1\"  data-animation-type=\"fadeInUp\" data-animation-delay=\"500\" style=\"\">\n\t\t<span >\n\t\t\tINFORMATIONEN ANFORDERN\t\t<\/span>\n\t<\/a>\n<\/div>\t\t<\/div>\n\t<\/div>\n<\/div><\/div>\n\n\t<\/div>\n\t<\/section><\/p>\n","protected":false},"excerpt":{"rendered":"<p>Strandurlaub in Giulianova Entspannung und Spa\u00df am feinen Sandstrand Das Cristallo Mare ist unser privater Badestrand und befindet sich etwa 200 Meter n\u00f6rdlich des Hotels Cristallo. Er bietet Ihnen einen breiten, feinen Sandstrand, der sanft zum kristallklaren Meer abf\u00e4llt. Er wurde von der Europ\u00e4ischen Gemeinschaft mit der \u201eBlauen Flagge\u201c f\u00fcr Sauberkeit und als kinderfreundlicher Strand [&hellip;]<\/p>\n","protected":false},"author":1,"featured_media":0,"parent":0,"menu_order":0,"comment_status":"closed","ping_status":"closed","template":"visual-builder-template.php","meta":{"footnotes":""},"class_list":["post-26945","page","type-page","status-publish","hentry"],"yoast_head":"<!-- This site is optimized with the Yoast SEO plugin v26.9 - https:\/\/yoast.com\/product\/yoast-seo-wordpress\/ -->\n<title>Privatstrand mit Cristallo Mare ausgestattet - CRISTALLO HOTEL Giulianova<\/title>\n<meta name=\"description\" content=\"Ein Strand aus feinem Sand, der f\u00fcr einen Familienurlaub am Strand geeignet ist, mit Unterhaltung und Babyclub und vielen Dienstleistungen f\u00fcr maximale Entspannung und Spa\u00df\" \/>\n<meta name=\"robots\" content=\"index, follow, max-snippet:-1, max-image-preview:large, max-video-preview:-1\" \/>\n<link rel=\"canonical\" href=\"https:\/\/www.hcristallo.it\/de\/urlaub-meer-familien-hotel-giulianova-adria\/\" \/>\n<meta property=\"og:locale\" content=\"de_DE\" \/>\n<meta property=\"og:type\" content=\"article\" \/>\n<meta property=\"og:title\" content=\"Privatstrand mit Cristallo Mare ausgestattet - CRISTALLO HOTEL Giulianova\" \/>\n<meta property=\"og:description\" content=\"Ein Strand aus feinem Sand, der f\u00fcr einen Familienurlaub am Strand geeignet ist, mit Unterhaltung und Babyclub und vielen Dienstleistungen f\u00fcr maximale Entspannung und Spa\u00df\" \/>\n<meta property=\"og:url\" content=\"https:\/\/www.hcristallo.it\/de\/urlaub-meer-familien-hotel-giulianova-adria\/\" \/>\n<meta property=\"og:site_name\" content=\"CRISTALLO HOTEL Giulianova\" \/>\n<meta property=\"article:publisher\" content=\"https:\/\/www.facebook.com\/HotelCristalloGiulianova\/\" \/>\n<meta property=\"article:modified_time\" content=\"2025-02-05T14:21:19+00:00\" \/>\n<meta property=\"og:image\" content=\"https:\/\/www.hcristallo.it\/wp-content\/uploads\/2018\/03\/virtual-tour-300x153.png\" \/>\n<meta name=\"twitter:card\" content=\"summary_large_image\" \/>\n<meta name=\"twitter:label1\" content=\"Gesch\u00e4tzte Lesezeit\" \/>\n\t<meta name=\"twitter:data1\" content=\"2\u00a0Minuten\" \/>\n<script type=\"application\/ld+json\" class=\"yoast-schema-graph\">{\"@context\":\"https:\/\/schema.org\",\"@graph\":[{\"@type\":\"WebPage\",\"@id\":\"https:\/\/www.hcristallo.it\/de\/urlaub-meer-familien-hotel-giulianova-adria\/\",\"url\":\"https:\/\/www.hcristallo.it\/de\/urlaub-meer-familien-hotel-giulianova-adria\/\",\"name\":\"Privatstrand mit Cristallo Mare ausgestattet - CRISTALLO HOTEL Giulianova\",\"isPartOf\":{\"@id\":\"https:\/\/www.hcristallo.it\/de\/#website\"},\"primaryImageOfPage\":{\"@id\":\"https:\/\/www.hcristallo.it\/de\/urlaub-meer-familien-hotel-giulianova-adria\/#primaryimage\"},\"image\":{\"@id\":\"https:\/\/www.hcristallo.it\/de\/urlaub-meer-familien-hotel-giulianova-adria\/#primaryimage\"},\"thumbnailUrl\":\"https:\/\/www.hcristallo.it\/wp-content\/uploads\/2018\/03\/virtual-tour-300x153.png\",\"datePublished\":\"2018-04-09T13:44:32+00:00\",\"dateModified\":\"2025-02-05T14:21:19+00:00\",\"description\":\"Ein Strand aus feinem Sand, der f\u00fcr einen Familienurlaub am Strand geeignet ist, mit Unterhaltung und Babyclub und vielen Dienstleistungen f\u00fcr maximale Entspannung und Spa\u00df\",\"breadcrumb\":{\"@id\":\"https:\/\/www.hcristallo.it\/de\/urlaub-meer-familien-hotel-giulianova-adria\/#breadcrumb\"},\"inLanguage\":\"de\",\"potentialAction\":[{\"@type\":\"ReadAction\",\"target\":[\"https:\/\/www.hcristallo.it\/de\/urlaub-meer-familien-hotel-giulianova-adria\/\"]}]},{\"@type\":\"ImageObject\",\"inLanguage\":\"de\",\"@id\":\"https:\/\/www.hcristallo.it\/de\/urlaub-meer-familien-hotel-giulianova-adria\/#primaryimage\",\"url\":\"https:\/\/www.hcristallo.it\/wp-content\/uploads\/2018\/03\/virtual-tour-300x153.png\",\"contentUrl\":\"https:\/\/www.hcristallo.it\/wp-content\/uploads\/2018\/03\/virtual-tour-300x153.png\"},{\"@type\":\"BreadcrumbList\",\"@id\":\"https:\/\/www.hcristallo.it\/de\/urlaub-meer-familien-hotel-giulianova-adria\/#breadcrumb\",\"itemListElement\":[{\"@type\":\"ListItem\",\"position\":1,\"name\":\"Home\",\"item\":\"https:\/\/www.hcristallo.it\/de\/\"},{\"@type\":\"ListItem\",\"position\":2,\"name\":\"MEER\"}]},{\"@type\":\"WebSite\",\"@id\":\"https:\/\/www.hcristallo.it\/de\/#website\",\"url\":\"https:\/\/www.hcristallo.it\/de\/\",\"name\":\"CRISTALLO HOTEL Giulianova\",\"description\":\"Family e business hotel 4 stelle a Giulianova in Italia\",\"publisher\":{\"@id\":\"https:\/\/www.hcristallo.it\/de\/#organization\"},\"potentialAction\":[{\"@type\":\"SearchAction\",\"target\":{\"@type\":\"EntryPoint\",\"urlTemplate\":\"https:\/\/www.hcristallo.it\/de\/?s={search_term_string}\"},\"query-input\":{\"@type\":\"PropertyValueSpecification\",\"valueRequired\":true,\"valueName\":\"search_term_string\"}}],\"inLanguage\":\"de\"},{\"@type\":\"Organization\",\"@id\":\"https:\/\/www.hcristallo.it\/de\/#organization\",\"name\":\"Hotel Cristallo\",\"url\":\"https:\/\/www.hcristallo.it\/de\/\",\"logo\":{\"@type\":\"ImageObject\",\"inLanguage\":\"de\",\"@id\":\"https:\/\/www.hcristallo.it\/de\/#\/schema\/logo\/image\/\",\"url\":\"https:\/\/www.hcristallo.it\/wp-content\/uploads\/2019\/05\/Logo.png\",\"contentUrl\":\"https:\/\/www.hcristallo.it\/wp-content\/uploads\/2019\/05\/Logo.png\",\"width\":274,\"height\":186,\"caption\":\"Hotel Cristallo\"},\"image\":{\"@id\":\"https:\/\/www.hcristallo.it\/de\/#\/schema\/logo\/image\/\"},\"sameAs\":[\"https:\/\/www.facebook.com\/HotelCristalloGiulianova\/\"]}]}<\/script>\n<!-- \/ Yoast SEO plugin. -->","yoast_head_json":{"title":"Privatstrand mit Cristallo Mare ausgestattet - CRISTALLO HOTEL Giulianova","description":"Ein Strand aus feinem Sand, der f\u00fcr einen Familienurlaub am Strand geeignet ist, mit Unterhaltung und Babyclub und vielen Dienstleistungen f\u00fcr maximale Entspannung und Spa\u00df","robots":{"index":"index","follow":"follow","max-snippet":"max-snippet:-1","max-image-preview":"max-image-preview:large","max-video-preview":"max-video-preview:-1"},"canonical":"https:\/\/www.hcristallo.it\/de\/urlaub-meer-familien-hotel-giulianova-adria\/","og_locale":"de_DE","og_type":"article","og_title":"Privatstrand mit Cristallo Mare ausgestattet - CRISTALLO HOTEL Giulianova","og_description":"Ein Strand aus feinem Sand, der f\u00fcr einen Familienurlaub am Strand geeignet ist, mit Unterhaltung und Babyclub und vielen Dienstleistungen f\u00fcr maximale Entspannung und Spa\u00df","og_url":"https:\/\/www.hcristallo.it\/de\/urlaub-meer-familien-hotel-giulianova-adria\/","og_site_name":"CRISTALLO HOTEL Giulianova","article_publisher":"https:\/\/www.facebook.com\/HotelCristalloGiulianova\/","article_modified_time":"2025-02-05T14:21:19+00:00","og_image":[{"url":"https:\/\/www.hcristallo.it\/wp-content\/uploads\/2018\/03\/virtual-tour-300x153.png","type":"","width":"","height":""}],"twitter_card":"summary_large_image","twitter_misc":{"Gesch\u00e4tzte Lesezeit":"2\u00a0Minuten"},"schema":{"@context":"https:\/\/schema.org","@graph":[{"@type":"WebPage","@id":"https:\/\/www.hcristallo.it\/de\/urlaub-meer-familien-hotel-giulianova-adria\/","url":"https:\/\/www.hcristallo.it\/de\/urlaub-meer-familien-hotel-giulianova-adria\/","name":"Privatstrand mit Cristallo Mare ausgestattet - CRISTALLO HOTEL Giulianova","isPartOf":{"@id":"https:\/\/www.hcristallo.it\/de\/#website"},"primaryImageOfPage":{"@id":"https:\/\/www.hcristallo.it\/de\/urlaub-meer-familien-hotel-giulianova-adria\/#primaryimage"},"image":{"@id":"https:\/\/www.hcristallo.it\/de\/urlaub-meer-familien-hotel-giulianova-adria\/#primaryimage"},"thumbnailUrl":"https:\/\/www.hcristallo.it\/wp-content\/uploads\/2018\/03\/virtual-tour-300x153.png","datePublished":"2018-04-09T13:44:32+00:00","dateModified":"2025-02-05T14:21:19+00:00","description":"Ein Strand aus feinem Sand, der f\u00fcr einen Familienurlaub am Strand geeignet ist, mit Unterhaltung und Babyclub und vielen Dienstleistungen f\u00fcr maximale Entspannung und Spa\u00df","breadcrumb":{"@id":"https:\/\/www.hcristallo.it\/de\/urlaub-meer-familien-hotel-giulianova-adria\/#breadcrumb"},"inLanguage":"de","potentialAction":[{"@type":"ReadAction","target":["https:\/\/www.hcristallo.it\/de\/urlaub-meer-familien-hotel-giulianova-adria\/"]}]},{"@type":"ImageObject","inLanguage":"de","@id":"https:\/\/www.hcristallo.it\/de\/urlaub-meer-familien-hotel-giulianova-adria\/#primaryimage","url":"https:\/\/www.hcristallo.it\/wp-content\/uploads\/2018\/03\/virtual-tour-300x153.png","contentUrl":"https:\/\/www.hcristallo.it\/wp-content\/uploads\/2018\/03\/virtual-tour-300x153.png"},{"@type":"BreadcrumbList","@id":"https:\/\/www.hcristallo.it\/de\/urlaub-meer-familien-hotel-giulianova-adria\/#breadcrumb","itemListElement":[{"@type":"ListItem","position":1,"name":"Home","item":"https:\/\/www.hcristallo.it\/de\/"},{"@type":"ListItem","position":2,"name":"MEER"}]},{"@type":"WebSite","@id":"https:\/\/www.hcristallo.it\/de\/#website","url":"https:\/\/www.hcristallo.it\/de\/","name":"CRISTALLO HOTEL Giulianova","description":"Family e business hotel 4 stelle a Giulianova in Italia","publisher":{"@id":"https:\/\/www.hcristallo.it\/de\/#organization"},"potentialAction":[{"@type":"SearchAction","target":{"@type":"EntryPoint","urlTemplate":"https:\/\/www.hcristallo.it\/de\/?s={search_term_string}"},"query-input":{"@type":"PropertyValueSpecification","valueRequired":true,"valueName":"search_term_string"}}],"inLanguage":"de"},{"@type":"Organization","@id":"https:\/\/www.hcristallo.it\/de\/#organization","name":"Hotel Cristallo","url":"https:\/\/www.hcristallo.it\/de\/","logo":{"@type":"ImageObject","inLanguage":"de","@id":"https:\/\/www.hcristallo.it\/de\/#\/schema\/logo\/image\/","url":"https:\/\/www.hcristallo.it\/wp-content\/uploads\/2019\/05\/Logo.png","contentUrl":"https:\/\/www.hcristallo.it\/wp-content\/uploads\/2019\/05\/Logo.png","width":274,"height":186,"caption":"Hotel Cristallo"},"image":{"@id":"https:\/\/www.hcristallo.it\/de\/#\/schema\/logo\/image\/"},"sameAs":["https:\/\/www.facebook.com\/HotelCristalloGiulianova\/"]}]}},"publishpress_future_action":{"enabled":false,"date":"2026-05-06 13:04:13","action":"change-status","newStatus":"draft","terms":[],"taxonomy":"translation_priority","extraData":[]},"publishpress_future_workflow_manual_trigger":{"enabledWorkflows":[]},"_links":{"self":[{"href":"https:\/\/www.hcristallo.it\/de\/wp-json\/wp\/v2\/pages\/26945","targetHints":{"allow":["GET"]}}],"collection":[{"href":"https:\/\/www.hcristallo.it\/de\/wp-json\/wp\/v2\/pages"}],"about":[{"href":"https:\/\/www.hcristallo.it\/de\/wp-json\/wp\/v2\/types\/page"}],"author":[{"embeddable":true,"href":"https:\/\/www.hcristallo.it\/de\/wp-json\/wp\/v2\/users\/1"}],"replies":[{"embeddable":true,"href":"https:\/\/www.hcristallo.it\/de\/wp-json\/wp\/v2\/comments?post=26945"}],"version-history":[{"count":5,"href":"https:\/\/www.hcristallo.it\/de\/wp-json\/wp\/v2\/pages\/26945\/revisions"}],"predecessor-version":[{"id":38234,"href":"https:\/\/www.hcristallo.it\/de\/wp-json\/wp\/v2\/pages\/26945\/revisions\/38234"}],"wp:attachment":[{"href":"https:\/\/www.hcristallo.it\/de\/wp-json\/wp\/v2\/media?parent=26945"}],"curies":[{"name":"wp","href":"https:\/\/api.w.org\/{rel}","templated":true}]}}