{"id":26951,"date":"2018-04-09T16:33:57","date_gmt":"2018-04-09T14:33:57","guid":{"rendered":"https:\/\/www.hcristallo.it\/animazione-e-baby-club\/"},"modified":"2025-02-05T15:20:53","modified_gmt":"2025-02-05T14:20:53","slug":"animation-und-baby-club","status":"publish","type":"page","link":"https:\/\/www.hcristallo.it\/de\/animation-und-baby-club\/","title":{"rendered":"KINDERANIMATION UND BABYCLUB"},"content":{"rendered":"<p><section   class=\"fw-main-row-custom fw-main-row-top fw-section-no-padding fw-content-overlay-custom fw_theme_bg_fw-custom fw-section-image fw-section-height-custom  fw-section-position-back tf-sh-0427b7c6c59618cbd33a2e564bb5cafc\"  style=\"margin-bottom:-60px; background-image:url(https:\/\/www.hcristallo.it\/wp-content\/uploads\/2019\/04\/header-baby-club.jpg); background-repeat: no-repeat; background-position: center top; background-size: auto; height: 560px;\"  >\n\t\t\t<div class=\"fw-container\" >\n\t\t<div class=\"fw-row\">\n\t<div id=\"column-69f1f4353f7fe\" class=\"fw-col-sm-12 tf-sh-18b8432e0468f1415a3ae419b7822d33  fw-animated-element fw-col-no-padding\" data-animation-type=\"fadeInUp\" data-animation-delay=\"300\">\n\t<div class=\"fw-wrap-col-inner clearfix  \"   >\n\t\t\t\t<div class=\"fw-col-inner\">\n\t\t\t<div class=\"fw-heading fw-heading-center  fw-heading-with-subtitle tf-sh-277ab0ddd26e64a702509b6a58d9f9c2\" >\n\t\t\t<h1 class=\"fw-special-title\">Kinderanimation und Babyclub<\/h1>\n\t\n\t\n\t\t\t<div class=\"fw-special-subtitle\">Kindergerechter Urlaub<\/div>\n\t<\/div>\t\t<\/div>\n\t<\/div>\n<\/div><\/div>\n\n\t<\/div>\n\t<\/section><section   class=\"fw-main-row-custom fw-section-no-padding  auto  fw-section-position-back tf-sh-350ea997bc7f8a4269fda430c8751858 quick-reservation-section\"    >\n\t\t\t<div class=\"fw-container\" >\n\t\t<div class=\"fw-row\">\n\t<div id=\"column-69f1f43540a4a\" class=\"fw-col-sm-12 fw-col-md-12 tf-sh-add4e13e6777830d37d9c4e53a02ff89 quick-reservation\" >\n\t<div class=\"fw-wrap-col-inner clearfix  \"   >\n\t\t\t\t<div class=\"fw-col-inner\">\n\t\t\t<div class=\"fw-raw-code \">\n\t\n\t\t\t<script type=\"text\/javascript\">\n\t\t\t(function (i, s, o, g, r, a, m) {\n\t\t\ti['SBSyncroBoxParam'] = r; i[r] = i[r] || function () {\n\t\t\t(i[r].q = i[r].q || []).push(arguments)\n\t\t\t}, i[r].l = 1 * new Date(); a = s.createElement(o),\n\t\t\tm = s.getElementsByTagName(o)[0]; a.async = 1; a.src = g; m.parentNode.insertBefore(a, m)\n\t\t\t})(window, document, 'script', 'https:\/\/cdn.simplebooking.it\/search-box-script.axd?IDA=9622','SBSyncroBox');\n\n\t\t\tSBSyncroBox({\n\t\t\tCodLang: 'DE',\n\t\t\tStyles: {\n\t\t\tFontFamily: 'Lato, OpenSans, sans-serif',\n\t\t\tTheme: \"dark\",\n\t\t\tCustomColor: \"#f6f3ef\", \/\/primary color ex. #CDEFDD\n\t\t\tCustomBGColor: \"#93a8c9\", \/\/background color\n\t\t\tCustomLabelColor: \"#f6f3ef\", \/\/labels color\n\t\t\tCustomWidgetColor: \"#f6f3ef\", \/\/popovers text color\n\t\t\tCustomWidgetBGColor: \"#7486a3\",\n\t\t\tCustomWidgetElementHoverColor: \"#000\",\n\t\t\tCustomWidgetElementHoverBGColor: \"#000\",\n\t\t\tCustomBoxShadowColor: \"#f6f3ef\",\n\t\t\tCustomBoxShadowColorHover: \"#f6f3ef\",\n\t\t\tCustomIntentSelectionColor: \"#f6f3ef\",\n\t\t\tCustomIntentSelectionDaysBGColor : \"#f6f3ef\",\n\t\t\tCustomLabelHoverColor: \"#000\",\/\/f0f0f0\n\t\t\tCustomButtonColor: \"#5b7079\",\n\t\t\tCustomButtonBGColor: \"#ffffff\", \/\/db4807\n\t\t\tCustomButtonHoverBGColor: \"#f6f3ef\",\n\t\t\tCustomIconColor: \"#ffffff\",\/\/f0f0f0\n\t\t\tCustomLinkColor: \"#f6f3ef\",\n\t\t\tCustomBoxShadowColorFocus: \"#f6f3ef\",\/\/f0f0f0\n\t\t\tCustomAddRoomBoxShadowColor: \"#000\",\/\/f0f0f0\n\t\t\tCustomAccentColor : \"#f6f3ef\",\n\t\t\tCustomBGColor: \"#93a8c9\",\/\/f0f0f0\n\t\t\tCustomFieldBackgroundColor: \"#7486a3\",\n\t\t\tCustomSelectedDaysColor: \"#000\",\n\t\t\tCustomCalendarBackgroundColor: \"#7486a3\"\n\t\t\t}\n\t\t\t});\n\t\t\t<\/script>\n\t\t\t<div id=\"sb-container\"><\/div>\n\t\t\t<\/div>\t\t<\/div>\n\t<\/div>\n<\/div><\/div>\n\n\t<\/div>\n\t<\/section><section   class=\"fw-main-row-custom fw-section-no-padding  auto  fw-section-position-back tf-sh-2a24729400113cf7c2ac056d488aacd5\"    >\n\t\t\t<div class=\"fw-container\" >\n\t\t<div class=\"fw-row\">\n\t<div id=\"column-69f1f43541aaf\" class=\"fw-col-sm-12 tf-sh-3577f77f733188f01f6858a5183142de\" >\n\t<div class=\"fw-wrap-col-inner clearfix  \"   >\n\t\t\t\t<div class=\"fw-col-inner\">\n\t\t\t<div class=\"fw-divider-space  fw-custom-space  fw-mobile-hide-element clearfix\" style=\"height:80px;\" ><\/div>\t\t<\/div>\n\t<\/div>\n<\/div><\/div>\n\n<div class=\"fw-row\">\n\t<div id=\"column-69f1f435427a1\" class=\"fw-col-sm-9 fw-col-md-12 tf-sh-d1d36f8dab7256bb289fc324e2654c2c  fw-animated-element\" data-animation-type=\"fadeInUp\" data-animation-delay=\"300\">\n\t<div class=\"fw-wrap-col-inner clearfix  \"   >\n\t\t\t\t<div class=\"fw-col-inner\">\n\t\t\t<div class=\"fw-heading fw-heading-left  tf-sh-ade10b06772013677f84c060bd4304b9\" >\n\t\t\t<h4 class=\"fw-special-title\">Unser Miniclub ist von 9:00 bis 23:30 Uhr ge\u00f6ffnet und k\u00fcmmert sich um die Unterhaltung Ihrer Kinder, damit Sie sich den ganzen Tag \u00fcber beruhigt entspannen k\u00f6nnen. Die Kinder k\u00f6nnen unter Aufsicht unserer Animateure an vielen Aktivit\u00e4ten im Hotel, an der frischen Luft und am Strand teilnehmen, da wir dort auch einen eigenen Bereich eingerichtet und mit lustigen Ger\u00e4ten ausgestattet haben.<\/h4>\n\t\n\t\n\t<\/div><div class=\"fw-divider-space  fw-custom-space  fw-mobile-hide-element clearfix\" style=\"height:15px;\" ><\/div>\t\t<\/div>\n\t<\/div>\n<\/div><\/div>\n\n\t<\/div>\n\t<\/section><section   class=\"fw-main-row-custom fw-section-no-padding  auto  fw-section-position-back tf-sh-ea82a31f338a515d461f64d9c9a76312\"    >\n\t\t\t<div class=\"fw-container\" >\n\t\t<div class=\"fw-row\">\n\t<div id=\"column-69f1f43543b32\" class=\"fw-col-sm-12 tf-sh-e091a0fa2a2528c4a8d9a6e8a87c2792\" >\n\t<div class=\"fw-wrap-col-inner clearfix  \"   >\n\t\t\t\t<div class=\"fw-col-inner\">\n\t\t\t<div class=\"fw-divider-space  fw-custom-space  fw-mobile-hide-element clearfix\" style=\"height:30px;\" ><\/div>\t\t<\/div>\n\t<\/div>\n<\/div><\/div>\n\n<div class=\"fw-row\">\n\t<div id=\"column-69f1f43544582\" class=\"fw-col-sm-12 tf-sh-e091a0fa2a2528c4a8d9a6e8a87c2792\" >\n\t<div class=\"fw-wrap-col-inner clearfix  \"   >\n\t\t\t\t<div class=\"fw-col-inner\">\n\t\t\t<div class=\"fw-gallery clearfix tf-sh-6e7af31d5646ec1fb145a448a194fd07 fw-gallery-type1 \" >\n\t<div class=\"fw-gallery-col fw-col-width1\"><div class=\"fw-gallery-image fw-height-lg fw-block-image-parent fw-overlay-7  \" >\n\t\t\t\t\t<a href=\"https:\/\/www.hcristallo.it\/wp-content\/uploads\/2019\/04\/giochi-spiaggia.jpg\" data-rel=\"prettyPhoto[fw-gallery-6e7af31d5646ec1fb145a448a194fd07]\" rel=\"prettyPhoto[fw-gallery-6e7af31d5646ec1fb145a448a194fd07]\" class=\"fw-block-image-child fw-ratio-container fw-ratio-1 \">\n\t\t\t\t\t\t<noscript itemscope itemtype=\"https:\/\/schema.org\/ImageObject\" itemprop=\"image\"><img decoding=\"async\" src=\"https:\/\/www.hcristallo.it\/wp-content\/uploads\/2019\/04\/giochi-spiaggia.jpg\"  alt=\"giochi-spiaggia\" data-maxdpr=\"1.7\" class=\"attachment-post-thumbnail lazyload\" \/><meta itemprop=\"url\" content=\"https:\/\/www.hcristallo.it\/wp-content\/uploads\/2019\/04\/giochi-spiaggia.jpg\"><meta itemprop=\"width\" content=\"2000\"><meta itemprop=\"height\" content=\"1362\"><\/noscript><img decoding=\"async\" src=\"data:image\/gif;base64,R0lGODlhAQABAIAAAAAAAP\/\/\/yH5BAEAAAAALAAAAAABAAEAAAIBRAA7\" data-sizes=\"auto\" data-srcset=\"https:\/\/www.hcristallo.it\/wp-content\/uploads\/2019\/04\/giochi-spiaggia-150x150.jpg 150w, https:\/\/www.hcristallo.it\/wp-content\/uploads\/2019\/04\/giochi-spiaggia-800x800.jpg 800w, https:\/\/www.hcristallo.it\/wp-content\/uploads\/2019\/04\/giochi-spiaggia-300x300.jpg 300w\"   alt=\"giochi-spiaggia\" data-maxdpr=\"1.7\" class=\"attachment-post-thumbnail lazyload\" \/>\n\t\t\t\t\t\t<div class=\"fw-block-image-overlay\">\n\t\t\t\t\t\t\t<div class=\"fw-itable\">\n\t\t\t\t\t\t\t\t<div class=\"fw-icell\">\n\t\t\t\t\t\t\t\t\t<i class=\"fw-icon-zoom\"><\/i>\n\t\t\t\t\t\t\t\t\t<h5 class=\"fw-overlay-title\"><\/h5>\n\t\t\t\t\t\t\t\t\t<p class=\"fw-overlay-description\"><\/p>\n\t\t\t\t\t\t\t\t<\/div>\n\t\t\t\t\t\t\t<\/div>\n\t\t\t\t\t\t<\/div>\n\t\t\t\t\t<\/a>\n\t\t\t\t<\/div><\/div><div class=\"fw-gallery-col fw-col-width2\"><div class=\"fw-gallery-image fw-height-md fw-block-image-parent fw-overlay-7  \" >\n\t\t\t\t\t<a href=\"https:\/\/www.hcristallo.it\/wp-content\/uploads\/2019\/04\/baby-club.jpg\" data-rel=\"prettyPhoto[fw-gallery-6e7af31d5646ec1fb145a448a194fd07]\" rel=\"prettyPhoto[fw-gallery-6e7af31d5646ec1fb145a448a194fd07]\" class=\"fw-block-image-child fw-ratio-container fw-ratio-4-3 \">\n\t\t\t\t\t\t<noscript itemscope itemtype=\"https:\/\/schema.org\/ImageObject\" itemprop=\"image\"><img decoding=\"async\" src=\"https:\/\/www.hcristallo.it\/wp-content\/uploads\/2019\/04\/baby-club.jpg\"  alt=\"baby-club\" data-maxdpr=\"1.7\" class=\"attachment-post-thumbnail lazyload\" \/><meta itemprop=\"url\" content=\"https:\/\/www.hcristallo.it\/wp-content\/uploads\/2019\/04\/baby-club.jpg\"><meta itemprop=\"width\" content=\"899\"><meta itemprop=\"height\" content=\"599\"><\/noscript><img decoding=\"async\" src=\"data:image\/gif;base64,R0lGODlhAQABAIAAAAAAAP\/\/\/yH5BAEAAAAALAAAAAABAAEAAAIBRAA7\" data-sizes=\"auto\" data-srcset=\"https:\/\/www.hcristallo.it\/wp-content\/uploads\/2019\/04\/baby-club-393x295.jpg 393w, https:\/\/www.hcristallo.it\/wp-content\/uploads\/2019\/04\/baby-club-786x590.jpg 786w, https:\/\/www.hcristallo.it\/wp-content\/uploads\/2019\/04\/baby-club-800x599.jpg 800w\"   alt=\"baby-club\" data-maxdpr=\"1.7\" class=\"attachment-post-thumbnail lazyload\" \/>\n\t\t\t\t\t\t<div class=\"fw-block-image-overlay\">\n\t\t\t\t\t\t\t<div class=\"fw-itable\">\n\t\t\t\t\t\t\t\t<div class=\"fw-icell\">\n\t\t\t\t\t\t\t\t\t<i class=\"fw-icon-zoom\"><\/i>\n\t\t\t\t\t\t\t\t\t<h5 class=\"fw-overlay-title\"><\/h5>\n\t\t\t\t\t\t\t\t\t<p class=\"fw-overlay-description\"><\/p>\n\t\t\t\t\t\t\t\t<\/div>\n\t\t\t\t\t\t\t<\/div>\n\t\t\t\t\t\t<\/div>\n\t\t\t\t\t<\/a>\n\t\t\t\t<\/div><div class=\"fw-gallery-image fw-height-sm fw-block-image-parent fw-overlay-7  \" >\n\t\t\t\t\t<a href=\"https:\/\/www.hcristallo.it\/wp-content\/uploads\/2019\/04\/animazione-spiaggia.jpg\" data-rel=\"prettyPhoto[fw-gallery-6e7af31d5646ec1fb145a448a194fd07]\" rel=\"prettyPhoto[fw-gallery-6e7af31d5646ec1fb145a448a194fd07]\" class=\"fw-block-image-child fw-ratio-container fw-ratio-16-9 \">\n\t\t\t\t\t\t<noscript itemscope itemtype=\"https:\/\/schema.org\/ImageObject\" itemprop=\"image\"><img decoding=\"async\" src=\"https:\/\/www.hcristallo.it\/wp-content\/uploads\/2019\/04\/animazione-spiaggia.jpg\"  alt=\"animazione-spiaggia\" data-maxdpr=\"1.7\" class=\"attachment-post-thumbnail lazyload\" \/><meta itemprop=\"url\" content=\"https:\/\/www.hcristallo.it\/wp-content\/uploads\/2019\/04\/animazione-spiaggia.jpg\"><meta itemprop=\"width\" content=\"1348\"><meta itemprop=\"height\" content=\"899\"><\/noscript><img decoding=\"async\" src=\"data:image\/gif;base64,R0lGODlhAQABAIAAAAAAAP\/\/\/yH5BAEAAAAALAAAAAABAAEAAAIBRAA7\" data-sizes=\"auto\" data-srcset=\"https:\/\/www.hcristallo.it\/wp-content\/uploads\/2019\/04\/animazione-spiaggia-1228x691.jpg 1228w, https:\/\/www.hcristallo.it\/wp-content\/uploads\/2019\/04\/animazione-spiaggia-614x346.jpg 614w, https:\/\/www.hcristallo.it\/wp-content\/uploads\/2019\/04\/animazione-spiaggia-295x166.jpg 295w, https:\/\/www.hcristallo.it\/wp-content\/uploads\/2019\/04\/animazione-spiaggia-590x332.jpg 590w\"   alt=\"animazione-spiaggia\" data-maxdpr=\"1.7\" class=\"attachment-post-thumbnail lazyload\" \/>\n\t\t\t\t\t\t<div class=\"fw-block-image-overlay\">\n\t\t\t\t\t\t\t<div class=\"fw-itable\">\n\t\t\t\t\t\t\t\t<div class=\"fw-icell\">\n\t\t\t\t\t\t\t\t\t<i class=\"fw-icon-zoom\"><\/i>\n\t\t\t\t\t\t\t\t\t<h5 class=\"fw-overlay-title\"><\/h5>\n\t\t\t\t\t\t\t\t\t<p class=\"fw-overlay-description\"><\/p>\n\t\t\t\t\t\t\t\t<\/div>\n\t\t\t\t\t\t\t<\/div>\n\t\t\t\t\t\t<\/div>\n\t\t\t\t\t<\/a>\n\t\t\t\t<\/div><\/div><div class=\"fw-gallery-col fw-col-width1\"><div class=\"fw-gallery-image fw-height-lg fw-block-image-parent fw-overlay-7  \" >\n\t\t\t\t\t<a href=\"https:\/\/www.hcristallo.it\/wp-content\/uploads\/2019\/04\/animazione-mare.jpg\" data-rel=\"prettyPhoto[fw-gallery-6e7af31d5646ec1fb145a448a194fd07]\" rel=\"prettyPhoto[fw-gallery-6e7af31d5646ec1fb145a448a194fd07]\" class=\"fw-block-image-child fw-ratio-container fw-ratio-1 \">\n\t\t\t\t\t\t<noscript itemscope itemtype=\"https:\/\/schema.org\/ImageObject\" itemprop=\"image\"><img decoding=\"async\" src=\"https:\/\/www.hcristallo.it\/wp-content\/uploads\/2019\/04\/animazione-mare.jpg\"  alt=\"animazione-mare\" data-maxdpr=\"1.7\" class=\"attachment-post-thumbnail lazyload\" \/><meta itemprop=\"url\" content=\"https:\/\/www.hcristallo.it\/wp-content\/uploads\/2019\/04\/animazione-mare.jpg\"><meta itemprop=\"width\" content=\"899\"><meta itemprop=\"height\" content=\"599\"><\/noscript><img decoding=\"async\" src=\"data:image\/gif;base64,R0lGODlhAQABAIAAAAAAAP\/\/\/yH5BAEAAAAALAAAAAABAAEAAAIBRAA7\" data-sizes=\"auto\" data-srcset=\"https:\/\/www.hcristallo.it\/wp-content\/uploads\/2019\/04\/animazione-mare-150x150.jpg 150w, https:\/\/www.hcristallo.it\/wp-content\/uploads\/2019\/04\/animazione-mare-590x599.jpg 590w, https:\/\/www.hcristallo.it\/wp-content\/uploads\/2019\/04\/animazione-mare-600x599.jpg 600w, https:\/\/www.hcristallo.it\/wp-content\/uploads\/2019\/04\/animazione-mare-590x599.jpg 590w, https:\/\/www.hcristallo.it\/wp-content\/uploads\/2019\/04\/animazione-mare-300x300.jpg 300w\"   alt=\"animazione-mare\" data-maxdpr=\"1.7\" class=\"attachment-post-thumbnail lazyload\" \/>\n\t\t\t\t\t\t<div class=\"fw-block-image-overlay\">\n\t\t\t\t\t\t\t<div class=\"fw-itable\">\n\t\t\t\t\t\t\t\t<div class=\"fw-icell\">\n\t\t\t\t\t\t\t\t\t<i class=\"fw-icon-zoom\"><\/i>\n\t\t\t\t\t\t\t\t\t<h5 class=\"fw-overlay-title\"><\/h5>\n\t\t\t\t\t\t\t\t\t<p class=\"fw-overlay-description\"><\/p>\n\t\t\t\t\t\t\t\t<\/div>\n\t\t\t\t\t\t\t<\/div>\n\t\t\t\t\t\t<\/div>\n\t\t\t\t\t<\/a>\n\t\t\t\t<\/div><\/div><\/div>\t\t<\/div>\n\t<\/div>\n<\/div><\/div>\n\n\t<\/div>\n\t<\/section><section   class=\"fw-main-row  auto  fw-section-position-back\"    >\n\t\t\t<div class=\"fw-container\" >\n\t\t<div class=\"fw-row\">\n\t<div id=\"column-69f1f4354c75c\" class=\"fw-col-sm-12 tf-sh-60c471a1100411dc2c57e8477693df5d\" >\n\t<div class=\"fw-wrap-col-inner clearfix  \"   >\n\t\t\t\t<div class=\"fw-col-inner\">\n\t\t\t<div class=\"text-center\">\t<a href=\"https:\/\/www.hcristallo.it\/de\/reservierung-hotel-giulianova-adria\/\" target=\"_blank\" class=\"fw-btn tf-sh-e5d841fd02761bd0d9da91565608e550  fw-btn-lg   fw-animated-element fw-btn-1\"  data-animation-type=\"fadeInUp\" data-animation-delay=\"500\" style=\"\">\n\t\t<span >\n\t\t\tINFORMATIONEN ANFORDERN\t\t<\/span>\n\t<\/a>\n<\/div>\t\t<\/div>\n\t<\/div>\n<\/div><\/div>\n\n\t<\/div>\n\t<\/section><\/p>\n","protected":false},"excerpt":{"rendered":"<p>Kinderanimation und Babyclub Kindergerechter Urlaub Unser Miniclub ist von 9:00 bis 23:30 Uhr ge\u00f6ffnet und k\u00fcmmert sich um die Unterhaltung Ihrer Kinder, damit Sie sich den ganzen Tag \u00fcber beruhigt entspannen k\u00f6nnen. Die Kinder k\u00f6nnen unter Aufsicht unserer Animateure an vielen Aktivit\u00e4ten im Hotel, an der frischen Luft und am Strand teilnehmen, da wir dort [&hellip;]<\/p>\n","protected":false},"author":1,"featured_media":0,"parent":0,"menu_order":0,"comment_status":"closed","ping_status":"closed","template":"visual-builder-template.php","meta":{"footnotes":""},"class_list":["post-26951","page","type-page","status-publish","hentry"],"yoast_head":"<!-- This site is optimized with the Yoast SEO plugin v26.9 - https:\/\/yoast.com\/product\/yoast-seo-wordpress\/ -->\n<title>Animation und Babyclub im Urlaub am Meer - CRISTALLO HOTEL Giulianova<\/title>\n<meta name=\"description\" content=\"Viel Spa\u00df f\u00fcr Kinder im Urlaub: Strandspiele, schattige Bereiche, Unterhaltung rund um die Uhr von 9 bis 23 Uhr und sogar ein spezielles Men\u00fc\" \/>\n<meta name=\"robots\" content=\"index, follow, max-snippet:-1, max-image-preview:large, max-video-preview:-1\" \/>\n<link rel=\"canonical\" href=\"https:\/\/www.hcristallo.it\/de\/animation-und-baby-club\/\" \/>\n<meta property=\"og:locale\" content=\"de_DE\" \/>\n<meta property=\"og:type\" content=\"article\" \/>\n<meta property=\"og:title\" content=\"Animation und Babyclub im Urlaub am Meer - CRISTALLO HOTEL Giulianova\" \/>\n<meta property=\"og:description\" content=\"Viel Spa\u00df f\u00fcr Kinder im Urlaub: Strandspiele, schattige Bereiche, Unterhaltung rund um die Uhr von 9 bis 23 Uhr und sogar ein spezielles Men\u00fc\" \/>\n<meta property=\"og:url\" content=\"https:\/\/www.hcristallo.it\/de\/animation-und-baby-club\/\" \/>\n<meta property=\"og:site_name\" content=\"CRISTALLO HOTEL Giulianova\" \/>\n<meta property=\"article:publisher\" content=\"https:\/\/www.facebook.com\/HotelCristalloGiulianova\/\" \/>\n<meta property=\"article:modified_time\" content=\"2025-02-05T14:20:53+00:00\" \/>\n<meta property=\"og:image\" content=\"https:\/\/www.hcristallo.it\/wp-content\/uploads\/2019\/04\/giochi-spiaggia.jpg\" \/>\n<meta name=\"twitter:card\" content=\"summary_large_image\" \/>\n<meta name=\"twitter:label1\" content=\"Gesch\u00e4tzte Lesezeit\" \/>\n\t<meta name=\"twitter:data1\" content=\"2\u00a0Minuten\" \/>\n<script type=\"application\/ld+json\" class=\"yoast-schema-graph\">{\"@context\":\"https:\/\/schema.org\",\"@graph\":[{\"@type\":\"WebPage\",\"@id\":\"https:\/\/www.hcristallo.it\/de\/animation-und-baby-club\/\",\"url\":\"https:\/\/www.hcristallo.it\/de\/animation-und-baby-club\/\",\"name\":\"Animation und Babyclub im Urlaub am Meer - CRISTALLO HOTEL Giulianova\",\"isPartOf\":{\"@id\":\"https:\/\/www.hcristallo.it\/de\/#website\"},\"primaryImageOfPage\":{\"@id\":\"https:\/\/www.hcristallo.it\/de\/animation-und-baby-club\/#primaryimage\"},\"image\":{\"@id\":\"https:\/\/www.hcristallo.it\/de\/animation-und-baby-club\/#primaryimage\"},\"thumbnailUrl\":\"https:\/\/www.hcristallo.it\/wp-content\/uploads\/2019\/04\/giochi-spiaggia.jpg\",\"datePublished\":\"2018-04-09T14:33:57+00:00\",\"dateModified\":\"2025-02-05T14:20:53+00:00\",\"description\":\"Viel Spa\u00df f\u00fcr Kinder im Urlaub: Strandspiele, schattige Bereiche, Unterhaltung rund um die Uhr von 9 bis 23 Uhr und sogar ein spezielles Men\u00fc\",\"breadcrumb\":{\"@id\":\"https:\/\/www.hcristallo.it\/de\/animation-und-baby-club\/#breadcrumb\"},\"inLanguage\":\"de\",\"potentialAction\":[{\"@type\":\"ReadAction\",\"target\":[\"https:\/\/www.hcristallo.it\/de\/animation-und-baby-club\/\"]}]},{\"@type\":\"ImageObject\",\"inLanguage\":\"de\",\"@id\":\"https:\/\/www.hcristallo.it\/de\/animation-und-baby-club\/#primaryimage\",\"url\":\"https:\/\/www.hcristallo.it\/wp-content\/uploads\/2019\/04\/giochi-spiaggia.jpg\",\"contentUrl\":\"https:\/\/www.hcristallo.it\/wp-content\/uploads\/2019\/04\/giochi-spiaggia.jpg\"},{\"@type\":\"BreadcrumbList\",\"@id\":\"https:\/\/www.hcristallo.it\/de\/animation-und-baby-club\/#breadcrumb\",\"itemListElement\":[{\"@type\":\"ListItem\",\"position\":1,\"name\":\"Home\",\"item\":\"https:\/\/www.hcristallo.it\/de\/\"},{\"@type\":\"ListItem\",\"position\":2,\"name\":\"KINDERANIMATION UND BABYCLUB\"}]},{\"@type\":\"WebSite\",\"@id\":\"https:\/\/www.hcristallo.it\/de\/#website\",\"url\":\"https:\/\/www.hcristallo.it\/de\/\",\"name\":\"CRISTALLO HOTEL Giulianova\",\"description\":\"Family e business hotel 4 stelle a Giulianova in Italia\",\"publisher\":{\"@id\":\"https:\/\/www.hcristallo.it\/de\/#organization\"},\"potentialAction\":[{\"@type\":\"SearchAction\",\"target\":{\"@type\":\"EntryPoint\",\"urlTemplate\":\"https:\/\/www.hcristallo.it\/de\/?s={search_term_string}\"},\"query-input\":{\"@type\":\"PropertyValueSpecification\",\"valueRequired\":true,\"valueName\":\"search_term_string\"}}],\"inLanguage\":\"de\"},{\"@type\":\"Organization\",\"@id\":\"https:\/\/www.hcristallo.it\/de\/#organization\",\"name\":\"Hotel Cristallo\",\"url\":\"https:\/\/www.hcristallo.it\/de\/\",\"logo\":{\"@type\":\"ImageObject\",\"inLanguage\":\"de\",\"@id\":\"https:\/\/www.hcristallo.it\/de\/#\/schema\/logo\/image\/\",\"url\":\"https:\/\/www.hcristallo.it\/wp-content\/uploads\/2019\/05\/Logo.png\",\"contentUrl\":\"https:\/\/www.hcristallo.it\/wp-content\/uploads\/2019\/05\/Logo.png\",\"width\":274,\"height\":186,\"caption\":\"Hotel Cristallo\"},\"image\":{\"@id\":\"https:\/\/www.hcristallo.it\/de\/#\/schema\/logo\/image\/\"},\"sameAs\":[\"https:\/\/www.facebook.com\/HotelCristalloGiulianova\/\"]}]}<\/script>\n<!-- \/ Yoast SEO plugin. -->","yoast_head_json":{"title":"Animation und Babyclub im Urlaub am Meer - CRISTALLO HOTEL Giulianova","description":"Viel Spa\u00df f\u00fcr Kinder im Urlaub: Strandspiele, schattige Bereiche, Unterhaltung rund um die Uhr von 9 bis 23 Uhr und sogar ein spezielles Men\u00fc","robots":{"index":"index","follow":"follow","max-snippet":"max-snippet:-1","max-image-preview":"max-image-preview:large","max-video-preview":"max-video-preview:-1"},"canonical":"https:\/\/www.hcristallo.it\/de\/animation-und-baby-club\/","og_locale":"de_DE","og_type":"article","og_title":"Animation und Babyclub im Urlaub am Meer - CRISTALLO HOTEL Giulianova","og_description":"Viel Spa\u00df f\u00fcr Kinder im Urlaub: Strandspiele, schattige Bereiche, Unterhaltung rund um die Uhr von 9 bis 23 Uhr und sogar ein spezielles Men\u00fc","og_url":"https:\/\/www.hcristallo.it\/de\/animation-und-baby-club\/","og_site_name":"CRISTALLO HOTEL Giulianova","article_publisher":"https:\/\/www.facebook.com\/HotelCristalloGiulianova\/","article_modified_time":"2025-02-05T14:20:53+00:00","og_image":[{"url":"https:\/\/www.hcristallo.it\/wp-content\/uploads\/2019\/04\/giochi-spiaggia.jpg","type":"","width":"","height":""}],"twitter_card":"summary_large_image","twitter_misc":{"Gesch\u00e4tzte Lesezeit":"2\u00a0Minuten"},"schema":{"@context":"https:\/\/schema.org","@graph":[{"@type":"WebPage","@id":"https:\/\/www.hcristallo.it\/de\/animation-und-baby-club\/","url":"https:\/\/www.hcristallo.it\/de\/animation-und-baby-club\/","name":"Animation und Babyclub im Urlaub am Meer - CRISTALLO HOTEL Giulianova","isPartOf":{"@id":"https:\/\/www.hcristallo.it\/de\/#website"},"primaryImageOfPage":{"@id":"https:\/\/www.hcristallo.it\/de\/animation-und-baby-club\/#primaryimage"},"image":{"@id":"https:\/\/www.hcristallo.it\/de\/animation-und-baby-club\/#primaryimage"},"thumbnailUrl":"https:\/\/www.hcristallo.it\/wp-content\/uploads\/2019\/04\/giochi-spiaggia.jpg","datePublished":"2018-04-09T14:33:57+00:00","dateModified":"2025-02-05T14:20:53+00:00","description":"Viel Spa\u00df f\u00fcr Kinder im Urlaub: Strandspiele, schattige Bereiche, Unterhaltung rund um die Uhr von 9 bis 23 Uhr und sogar ein spezielles Men\u00fc","breadcrumb":{"@id":"https:\/\/www.hcristallo.it\/de\/animation-und-baby-club\/#breadcrumb"},"inLanguage":"de","potentialAction":[{"@type":"ReadAction","target":["https:\/\/www.hcristallo.it\/de\/animation-und-baby-club\/"]}]},{"@type":"ImageObject","inLanguage":"de","@id":"https:\/\/www.hcristallo.it\/de\/animation-und-baby-club\/#primaryimage","url":"https:\/\/www.hcristallo.it\/wp-content\/uploads\/2019\/04\/giochi-spiaggia.jpg","contentUrl":"https:\/\/www.hcristallo.it\/wp-content\/uploads\/2019\/04\/giochi-spiaggia.jpg"},{"@type":"BreadcrumbList","@id":"https:\/\/www.hcristallo.it\/de\/animation-und-baby-club\/#breadcrumb","itemListElement":[{"@type":"ListItem","position":1,"name":"Home","item":"https:\/\/www.hcristallo.it\/de\/"},{"@type":"ListItem","position":2,"name":"KINDERANIMATION UND BABYCLUB"}]},{"@type":"WebSite","@id":"https:\/\/www.hcristallo.it\/de\/#website","url":"https:\/\/www.hcristallo.it\/de\/","name":"CRISTALLO HOTEL Giulianova","description":"Family e business hotel 4 stelle a Giulianova in Italia","publisher":{"@id":"https:\/\/www.hcristallo.it\/de\/#organization"},"potentialAction":[{"@type":"SearchAction","target":{"@type":"EntryPoint","urlTemplate":"https:\/\/www.hcristallo.it\/de\/?s={search_term_string}"},"query-input":{"@type":"PropertyValueSpecification","valueRequired":true,"valueName":"search_term_string"}}],"inLanguage":"de"},{"@type":"Organization","@id":"https:\/\/www.hcristallo.it\/de\/#organization","name":"Hotel Cristallo","url":"https:\/\/www.hcristallo.it\/de\/","logo":{"@type":"ImageObject","inLanguage":"de","@id":"https:\/\/www.hcristallo.it\/de\/#\/schema\/logo\/image\/","url":"https:\/\/www.hcristallo.it\/wp-content\/uploads\/2019\/05\/Logo.png","contentUrl":"https:\/\/www.hcristallo.it\/wp-content\/uploads\/2019\/05\/Logo.png","width":274,"height":186,"caption":"Hotel Cristallo"},"image":{"@id":"https:\/\/www.hcristallo.it\/de\/#\/schema\/logo\/image\/"},"sameAs":["https:\/\/www.facebook.com\/HotelCristalloGiulianova\/"]}]}},"publishpress_future_action":{"enabled":false,"date":"2026-05-06 14:06:13","action":"change-status","newStatus":"draft","terms":[],"taxonomy":"translation_priority","extraData":[]},"publishpress_future_workflow_manual_trigger":{"enabledWorkflows":[]},"_links":{"self":[{"href":"https:\/\/www.hcristallo.it\/de\/wp-json\/wp\/v2\/pages\/26951","targetHints":{"allow":["GET"]}}],"collection":[{"href":"https:\/\/www.hcristallo.it\/de\/wp-json\/wp\/v2\/pages"}],"about":[{"href":"https:\/\/www.hcristallo.it\/de\/wp-json\/wp\/v2\/types\/page"}],"author":[{"embeddable":true,"href":"https:\/\/www.hcristallo.it\/de\/wp-json\/wp\/v2\/users\/1"}],"replies":[{"embeddable":true,"href":"https:\/\/www.hcristallo.it\/de\/wp-json\/wp\/v2\/comments?post=26951"}],"version-history":[{"count":4,"href":"https:\/\/www.hcristallo.it\/de\/wp-json\/wp\/v2\/pages\/26951\/revisions"}],"predecessor-version":[{"id":38233,"href":"https:\/\/www.hcristallo.it\/de\/wp-json\/wp\/v2\/pages\/26951\/revisions\/38233"}],"wp:attachment":[{"href":"https:\/\/www.hcristallo.it\/de\/wp-json\/wp\/v2\/media?parent=26951"}],"curies":[{"name":"wp","href":"https:\/\/api.w.org\/{rel}","templated":true}]}}