{"id":26973,"date":"2018-04-09T15:50:02","date_gmt":"2018-04-09T13:50:02","guid":{"rendered":"https:\/\/www.hcristallo.it\/soggiorno-business-hotel-affari-italia\/"},"modified":"2025-02-05T15:17:12","modified_gmt":"2025-02-05T14:17:12","slug":"business-aufenthalt-hotel-geschaftsreise-italien","status":"publish","type":"page","link":"https:\/\/www.hcristallo.it\/de\/business-aufenthalt-hotel-geschaftsreise-italien\/","title":{"rendered":"BUSINESS HOTEL"},"content":{"rendered":"<p><section   class=\"fw-main-row-custom fw-main-row-top fw-section-no-padding  fw_theme_bg_fw-custom fw-section-image fw-section-height-custom  fw-section-position-back tf-sh-0427b7c6c59618cbd33a2e564bb5cafc\"  style=\" background-image:url(https:\/\/www.hcristallo.it\/wp-content\/uploads\/2019\/02\/hotel-cristallo-giulianova-business_riunione-plus-e1551091050911.jpg); background-repeat: no-repeat; background-position: center top; background-size: auto; height: 560px;\"  >\n\t\t\t<div class=\"fw-container\" >\n\t\t<div class=\"fw-row\">\n\t<div id=\"column-69f6075c7275e\" class=\"fw-col-sm-12 tf-sh-18b8432e0468f1415a3ae419b7822d33  fw-animated-element fw-col-no-padding\" data-animation-type=\"fadeInUp\" data-animation-delay=\"300\">\n\t<div class=\"fw-wrap-col-inner clearfix  \"   >\n\t\t\t\t<div class=\"fw-col-inner\">\n\t\t\t<div class=\"fw-heading fw-heading-center  fw-heading-with-subtitle tf-sh-277ab0ddd26e64a702509b6a58d9f9c2\" >\n\t\t\t<h1 class=\"fw-special-title\">H\u00f6chst komfortable Gesch\u00e4ftsreise<\/h1>\n\t\n\t\n\t\t\t<div class=\"fw-special-subtitle\">Und auch Meetings und Gesch\u00e4ftsessen<\/div>\n\t<\/div>\t\t<\/div>\n\t<\/div>\n<\/div><\/div>\n\n\t<\/div>\n\t<\/section><section   class=\"fw-main-row-custom fw-section-no-padding  auto  fw-section-position-back tf-sh-350ea997bc7f8a4269fda430c8751858 quick-reservation-section\"    >\n\t\t\t<div class=\"fw-container\" >\n\t\t<div class=\"fw-row\">\n\t<div id=\"column-69f6075c736fb\" class=\"fw-col-sm-12 fw-col-md-12 tf-sh-add4e13e6777830d37d9c4e53a02ff89 quick-reservation\" >\n\t<div class=\"fw-wrap-col-inner clearfix  \"   >\n\t\t\t\t<div class=\"fw-col-inner\">\n\t\t\t<div class=\"fw-raw-code \">\n\t\n\t\t\t<script type=\"text\/javascript\">\n\t\t\t(function (i, s, o, g, r, a, m) {\n\t\t\ti['SBSyncroBoxParam'] = r; i[r] = i[r] || function () {\n\t\t\t(i[r].q = i[r].q || []).push(arguments)\n\t\t\t}, i[r].l = 1 * new Date(); a = s.createElement(o),\n\t\t\tm = s.getElementsByTagName(o)[0]; a.async = 1; a.src = g; m.parentNode.insertBefore(a, m)\n\t\t\t})(window, document, 'script', 'https:\/\/cdn.simplebooking.it\/search-box-script.axd?IDA=9622','SBSyncroBox');\n\n\t\t\tSBSyncroBox({\n\t\t\tCodLang: 'DE',\n\t\t\tStyles: {\n\t\t\tFontFamily: 'Lato, OpenSans, sans-serif',\n\t\t\tTheme: \"dark\",\n\t\t\tCustomColor: \"#f6f3ef\", \/\/primary color ex. #CDEFDD\n\t\t\tCustomBGColor: \"#93a8c9\", \/\/background color\n\t\t\tCustomLabelColor: \"#f6f3ef\", \/\/labels color\n\t\t\tCustomWidgetColor: \"#f6f3ef\", \/\/popovers text color\n\t\t\tCustomWidgetBGColor: \"#7486a3\",\n\t\t\tCustomWidgetElementHoverColor: \"#000\",\n\t\t\tCustomWidgetElementHoverBGColor: \"#000\",\n\t\t\tCustomBoxShadowColor: \"#f6f3ef\",\n\t\t\tCustomBoxShadowColorHover: \"#f6f3ef\",\n\t\t\tCustomIntentSelectionColor: \"#f6f3ef\",\n\t\t\tCustomIntentSelectionDaysBGColor : \"#f6f3ef\",\n\t\t\tCustomLabelHoverColor: \"#000\",\/\/f0f0f0\n\t\t\tCustomButtonColor: \"#5b7079\",\n\t\t\tCustomButtonBGColor: \"#ffffff\", \/\/db4807\n\t\t\tCustomButtonHoverBGColor: \"#f6f3ef\",\n\t\t\tCustomIconColor: \"#ffffff\",\/\/f0f0f0\n\t\t\tCustomLinkColor: \"#f6f3ef\",\n\t\t\tCustomBoxShadowColorFocus: \"#f6f3ef\",\/\/f0f0f0\n\t\t\tCustomAddRoomBoxShadowColor: \"#000\",\/\/f0f0f0\n\t\t\tCustomAccentColor : \"#f6f3ef\",\n\t\t\tCustomBGColor: \"#93a8c9\",\/\/f0f0f0\n\t\t\tCustomFieldBackgroundColor: \"#7486a3\",\n\t\t\tCustomSelectedDaysColor: \"#000\",\n\t\t\tCustomCalendarBackgroundColor: \"#7486a3\"\n\t\t\t}\n\t\t\t});\n\t\t\t<\/script>\n\t\t\t<div id=\"sb-container\"><\/div>\n\t\t\t<\/div>\t\t<\/div>\n\t<\/div>\n<\/div><\/div>\n\n\t<\/div>\n\t<\/section><section   class=\"fw-main-row-custom fw-section-no-padding  auto  fw-section-position-back tf-sh-2a24729400113cf7c2ac056d488aacd5\"    >\n\t\t\t<div class=\"fw-container\" >\n\t\t<div class=\"fw-row\">\n\t<div id=\"column-69f6075c7468c\" class=\"fw-col-sm-12 tf-sh-3577f77f733188f01f6858a5183142de\" >\n\t<div class=\"fw-wrap-col-inner clearfix  \"   >\n\t\t\t\t<div class=\"fw-col-inner\">\n\t\t\t<div class=\"fw-divider-space  fw-custom-space  fw-mobile-hide-element clearfix\" style=\"height:110px;\" ><\/div>\t\t<\/div>\n\t<\/div>\n<\/div><\/div>\n\n<div class=\"fw-row\">\n\t<div id=\"column-69f6075c7528c\" class=\"fw-col-sm-9 fw-col-md-9 tf-sh-d1d36f8dab7256bb289fc324e2654c2c sinistra fw-animated-element\" data-animation-type=\"fadeInUp\" data-animation-delay=\"300\">\n\t<div class=\"fw-wrap-col-inner clearfix  \"   >\n\t\t\t\t<div class=\"fw-col-inner\">\n\t\t\t<div class=\"fw-heading fw-heading-left  tf-sh-ade10b06772013677f84c060bd4304b9\" >\n\t\t\t<h4 class=\"fw-special-title\">Erholen Sie sich auch bei besonderen Gesch\u00e4ftsreisen in der zentralen und ruhigen Gegend von Giulianova. Das Hotel ist leicht zu erreichen und liegt in der N\u00e4he der wichtigsten St\u00e4dte der Abruzzen und Marken.<\/h4>\n\t\n\t\n\t<\/div><div class=\"fw-divider-space  fw-custom-space  clearfix\" style=\"height:100px;\" ><\/div>\t\t<\/div>\n\t<\/div>\n<\/div><div id=\"column-69f6075c75c97\" class=\"fw-col-sm-3 tf-sh-cc3dd990a28b5b2b5079595b7d638074\" >\n\t<div class=\"fw-wrap-col-inner clearfix  \"   >\n\t\t\t\t<div class=\"fw-col-inner\">\n\t\t\t<div class=\"fw-text-box tf-sh-cbc139e4b3311ca752d2b06f120ca54c \" >\n\t<div class=\"fw-text-inner\">\n\t\t<p><a href=\"#\" onclick=\"ppsShowPopup(111); return false;\"><img loading=\"lazy\" decoding=\"async\" class=\"aligncenter size-full wp-image-1022\" src=\"https:\/\/www.hcristallo.it\/wp-content\/uploads\/2018\/03\/virtual-tour-300x153.png\" alt=\"\" width=\"300\" height=\"153\" \/><\/a><\/p>\n\t<\/div>\n<\/div>\t\t<\/div>\n\t<\/div>\n<\/div><\/div>\n\n\t<\/div>\n\t<\/section><section   class=\"fw-main-row-custom fw-section-no-padding  auto  fw-section-position-back tf-sh-ab92656868cc9c71ef09e446399b9638 destra\"  style=\" background-color:#e8e8e8;\"  >\n\t\t\t<div class=\"fw-container-fluid\" >\n\t\t<div class=\"fw-row\">\n\t<div id=\"column-69f6075c76c2a\" class=\"fw-col-sm-12 fw-col-md-6 tf-sh-d998146fd8390b2ca885f1281f8c6e82  fw-col-no-padding\" >\n\t<div class=\"fw-wrap-col-inner clearfix   fw-column-height-custom\" style=\"height: 500px;\"  >\n\t\t\t\t<div class=\"fw-col-inner\">\n\t\t\t\t\t<\/div>\n\t<\/div>\n<\/div><div id=\"column-69f6075c76f00\" class=\"fw-col-sm-12 fw-col-md-6 tf-sh-a63f715448fab47ecece44d1ebb4e6ff destra\" >\n\t<div class=\"fw-wrap-col-inner clearfix  \"   >\n\t\t\t\t<div class=\"fw-col-inner\">\n\t\t\t<div class=\"fw-heading fw-heading-left  fw-animated-element tf-sh-f0b4244f9a6976183e63cdb9e550e44b\"  data-animation-type=\"fadeInUp\" data-animation-delay=\"300\">\n\t\t\t<h2 class=\"fw-special-title\">Erholung nach der Arbeit<\/h2>\n\t\n\t\n\t<\/div><div class=\"fw-divider-space  fw-custom-space  clearfix\" style=\"height:15px;\" ><\/div><div class=\"fw-text-box tf-sh-a69564321ae0f14d917305a7366a0191  fw-animated-element\"  data-animation-type=\"fadeInUp\" data-animation-delay=\"500\">\n\t<div class=\"fw-text-inner\">\n\t\t<p>Dank unserer neuen Super-Comfort-Matratzen erwarten Sie erholsame N\u00e4chte in einer Umgebung, die vollkommen auf Entspannung ausgerichtet ist. Dar\u00fcber hinaus sorgt unser renommiertes Restaurant Cristallo f\u00fcr den richtigen Geschmack, durch den Ihre Gesch\u00e4ftsreise zu einem unvergesslichen Erlebnis wird. Ein besonderes \u201eGuten Morgen!\u201c, damit Sie erfolgreich in den Tag starten!<\/p>\n\t<\/div>\n<\/div><div class=\"fw-divider-space  fw-custom-space  clearfix\" style=\"height:30px;\" ><\/div>\t\t<\/div>\n\t<\/div>\n<\/div><\/div>\n\n\t<\/div>\n\t<\/section><section   class=\"fw-main-row-custom fw-section-no-padding  auto  fw-section-position-back tf-sh-2dfbfe5d8860d8806f69babc332330c6 sinistra\"  style=\" background-color:#e8e8e8;\"  >\n\t\t\t<div class=\"fw-container-fluid\" >\n\t\t<div class=\"fw-row\">\n\t<div id=\"column-69f6075c78484\" class=\"fw-col-sm-12 fw-col-md-6 tf-sh-b6d8ee42285784e344b3b7374e6dbff2 sinistra\" >\n\t<div class=\"fw-wrap-col-inner clearfix  \"   >\n\t\t\t\t<div class=\"fw-col-inner\">\n\t\t\t<div class=\"fw-heading fw-heading-left  fw-animated-element tf-sh-f00202d52f26f5cbe576429890a43e2e\"  data-animation-type=\"fadeInUp\" data-animation-delay=\"300\">\n\t\t\t<h2 class=\"fw-special-title\">Fitnessraum mit Panoramablick<\/h2>\n\t\n\t\n\t<\/div><div class=\"fw-divider-space  fw-custom-space  clearfix\" style=\"height:15px;\" ><\/div><div class=\"fw-text-box tf-sh-521ec92123e809cde6fd28b52ae4c65a  fw-animated-element\"  data-animation-type=\"fadeInUp\" data-animation-delay=\"500\">\n\t<div class=\"fw-text-inner\">\n\t\t<p>Nach einem langen Arbeitstag empfehlen wir Ihnen, sich in unserem Fitnessraum im vierten Stock mit einer entspannenden Trainingseinheit zu st\u00e4rken, von wo Sie auch zu jeder Jahreszeit einen wunderbaren Blick auf das Meer haben.<\/p>\n\t<\/div>\n<\/div><div class=\"fw-divider-space  fw-custom-space  clearfix\" style=\"height:30px;\" ><\/div>\t\t<\/div>\n\t<\/div>\n<\/div><div id=\"column-69f6075c793bb\" class=\"fw-col-sm-12 fw-col-md-6 tf-sh-29769428d8eafc670cd89d15b3d54bf8  fw-col-no-padding\" >\n\t<div class=\"fw-wrap-col-inner clearfix   fw-column-height-custom\" style=\"height: 500px;\"  >\n\t\t\t\t<div class=\"fw-col-inner\">\n\t\t\t\t\t<\/div>\n\t<\/div>\n<\/div><\/div>\n\n\t<\/div>\n\t<\/section><section   class=\"fw-main-row-custom fw-section-no-padding  auto  fw-section-position-back tf-sh-e6558c2f420cbed95d9480cecaf67768 destra\"  style=\" background-color:#e8e8e8;\"  >\n\t\t\t<div class=\"fw-container-fluid\" >\n\t\t<div class=\"fw-row\">\n\t<div id=\"column-69f6075c79d5c\" class=\"fw-col-sm-12 fw-col-md-6 tf-sh-0d5e268ee72906a5dce49a143fc2d5a8  fw-col-no-padding\" >\n\t<div class=\"fw-wrap-col-inner clearfix   fw-column-height-custom\" style=\"height: 500px;\"  >\n\t\t\t\t<div class=\"fw-col-inner\">\n\t\t\t\t\t<\/div>\n\t<\/div>\n<\/div><div id=\"column-69f6075c7a00d\" class=\"fw-col-sm-12 fw-col-md-6 tf-sh-f5ab7060b31937c79a84da037b9b16be destra\" >\n\t<div class=\"fw-wrap-col-inner clearfix  \"   >\n\t\t\t\t<div class=\"fw-col-inner\">\n\t\t\t<div class=\"fw-heading fw-heading-left  fw-animated-element tf-sh-fbfb35bb080dd5d836a84513f9bf5585\"  data-animation-type=\"fadeInUp\" data-animation-delay=\"300\">\n\t\t\t<h2 class=\"fw-special-title\">Meetings und Gesch\u00e4ftsbrunch<\/h2>\n\t\n\t\n\t<\/div><div class=\"fw-divider-space  fw-custom-space  clearfix\" style=\"height:15px;\" ><\/div><div class=\"fw-text-box tf-sh-2875fe5d0c17c2951a65385f1bbd0eeb  fw-animated-element\"  data-animation-type=\"fadeInUp\" data-animation-delay=\"500\">\n\t<div class=\"fw-text-inner\">\n\t\t<p>Dank unserer flexiblen Struktur sind wir in der Lage, Ihnen f\u00fcr jedes Ihrer Gesch\u00e4ftstreffen sowie Ihrer Konferenzen und Firmenveranstaltungen eine ma\u00dfgeschneiderte L\u00f6sung zwischen 35 und 100 Pl\u00e4tzen anzubieten. Wir sind die Wahl f\u00fcr Kongresse, Fortbildungen und andere Firmenveranstaltungen, da wir \u00fcber alle notwendigen technischen Dienstleistungen verf\u00fcgen und auch f\u00fcr das leibliche Wohl Ihrer Teilnehmer mit Cocktails, gesellschaftlichen Abendessen, Gesch\u00e4ftsessen, Kaffeepausen, Banketten oder Empf\u00e4ngen sorgen.<\/p>\n\t<\/div>\n<\/div><div class=\"fw-divider-space  fw-custom-space  clearfix\" style=\"height:30px;\" ><\/div>\t\t<\/div>\n\t<\/div>\n<\/div><\/div>\n\n\t<\/div>\n\t<\/section><section   class=\"fw-main-row  auto  fw-section-position-back\"    >\n\t\t\t<div class=\"fw-container\" >\n\t\t<div class=\"fw-row\">\n\t<div id=\"column-69f6075c7b613\" class=\"fw-col-sm-12 fw-mobile-hide-element tf-sh-90ef5df75421126a4d0cb9e092d90600\" >\n\t<div class=\"fw-wrap-col-inner clearfix  \"   >\n\t\t\t\t<div class=\"fw-col-inner\">\n\t\t\t<div class=\"text-center\">\t<a href=\"https:\/\/www.simplebooking.it\/ibe\/search?hid=9622&amp;lang=DE\" target=\"_blank\" class=\"fw-btn tf-sh-cb5f6e548fa690f8cdff5df2d2900c19  fw-btn-lg   fw-animated-element fw-btn-1\"  data-animation-type=\"fadeInUp\" data-animation-delay=\"500\" style=\"\">\n\t\t<span >\n\t\t\tVERF\u00dcGBARKEIT PR\u00dcFEN\t\t<\/span>\n\t<\/a>\n<\/div>\t\t<\/div>\n\t<\/div>\n<\/div><\/div>\n\n\t<\/div>\n\t<\/section><\/p>\n","protected":false},"excerpt":{"rendered":"<p>H\u00f6chst komfortable Gesch\u00e4ftsreise Und auch Meetings und Gesch\u00e4ftsessen Erholen Sie sich auch bei besonderen Gesch\u00e4ftsreisen in der zentralen und ruhigen Gegend von Giulianova. Das Hotel ist leicht zu erreichen und liegt in der N\u00e4he der wichtigsten St\u00e4dte der Abruzzen und Marken. Erholung nach der Arbeit Dank unserer neuen Super-Comfort-Matratzen erwarten Sie erholsame N\u00e4chte in einer [&hellip;]<\/p>\n","protected":false},"author":1,"featured_media":0,"parent":0,"menu_order":0,"comment_status":"closed","ping_status":"closed","template":"visual-builder-template.php","meta":{"footnotes":""},"class_list":["post-26973","page","type-page","status-publish","hentry"],"yoast_head":"<!-- This site is optimized with the Yoast SEO plugin v26.9 - https:\/\/yoast.com\/product\/yoast-seo-wordpress\/ -->\n<title>BUSINESS HOTEL - CRISTALLO HOTEL Giulianova<\/title>\n<meta name=\"robots\" content=\"index, follow, max-snippet:-1, max-image-preview:large, max-video-preview:-1\" \/>\n<link rel=\"canonical\" href=\"https:\/\/www.hcristallo.it\/de\/business-aufenthalt-hotel-geschaftsreise-italien\/\" \/>\n<meta property=\"og:locale\" content=\"de_DE\" \/>\n<meta property=\"og:type\" content=\"article\" \/>\n<meta property=\"og:title\" content=\"BUSINESS HOTEL - CRISTALLO HOTEL Giulianova\" \/>\n<meta property=\"og:description\" content=\"H\u00f6chst komfortable Gesch\u00e4ftsreise Und auch Meetings und Gesch\u00e4ftsessen Erholen Sie sich auch bei besonderen Gesch\u00e4ftsreisen in der zentralen und ruhigen Gegend von Giulianova. Das Hotel ist leicht zu erreichen und liegt in der N\u00e4he der wichtigsten St\u00e4dte der Abruzzen und Marken. Erholung nach der Arbeit Dank unserer neuen Super-Comfort-Matratzen erwarten Sie erholsame N\u00e4chte in einer [&hellip;]\" \/>\n<meta property=\"og:url\" content=\"https:\/\/www.hcristallo.it\/de\/business-aufenthalt-hotel-geschaftsreise-italien\/\" \/>\n<meta property=\"og:site_name\" content=\"CRISTALLO HOTEL Giulianova\" \/>\n<meta property=\"article:publisher\" content=\"https:\/\/www.facebook.com\/HotelCristalloGiulianova\/\" \/>\n<meta property=\"article:modified_time\" content=\"2025-02-05T14:17:12+00:00\" \/>\n<meta property=\"og:image\" content=\"https:\/\/www.hcristallo.it\/wp-content\/uploads\/2018\/04\/virtual-tour-wc.png\" \/>\n\t<meta property=\"og:image:width\" content=\"300\" \/>\n\t<meta property=\"og:image:height\" content=\"153\" \/>\n\t<meta property=\"og:image:type\" content=\"image\/png\" \/>\n<meta name=\"twitter:card\" content=\"summary_large_image\" \/>\n<meta name=\"twitter:label1\" content=\"Gesch\u00e4tzte Lesezeit\" \/>\n\t<meta name=\"twitter:data1\" content=\"2\u00a0Minuten\" \/>\n<script type=\"application\/ld+json\" class=\"yoast-schema-graph\">{\"@context\":\"https:\/\/schema.org\",\"@graph\":[{\"@type\":\"WebPage\",\"@id\":\"https:\/\/www.hcristallo.it\/de\/business-aufenthalt-hotel-geschaftsreise-italien\/\",\"url\":\"https:\/\/www.hcristallo.it\/de\/business-aufenthalt-hotel-geschaftsreise-italien\/\",\"name\":\"BUSINESS HOTEL - CRISTALLO HOTEL Giulianova\",\"isPartOf\":{\"@id\":\"https:\/\/www.hcristallo.it\/de\/#website\"},\"primaryImageOfPage\":{\"@id\":\"https:\/\/www.hcristallo.it\/de\/business-aufenthalt-hotel-geschaftsreise-italien\/#primaryimage\"},\"image\":{\"@id\":\"https:\/\/www.hcristallo.it\/de\/business-aufenthalt-hotel-geschaftsreise-italien\/#primaryimage\"},\"thumbnailUrl\":\"https:\/\/www.hcristallo.it\/wp-content\/uploads\/2018\/03\/virtual-tour-300x153.png\",\"datePublished\":\"2018-04-09T13:50:02+00:00\",\"dateModified\":\"2025-02-05T14:17:12+00:00\",\"breadcrumb\":{\"@id\":\"https:\/\/www.hcristallo.it\/de\/business-aufenthalt-hotel-geschaftsreise-italien\/#breadcrumb\"},\"inLanguage\":\"de\",\"potentialAction\":[{\"@type\":\"ReadAction\",\"target\":[\"https:\/\/www.hcristallo.it\/de\/business-aufenthalt-hotel-geschaftsreise-italien\/\"]}]},{\"@type\":\"ImageObject\",\"inLanguage\":\"de\",\"@id\":\"https:\/\/www.hcristallo.it\/de\/business-aufenthalt-hotel-geschaftsreise-italien\/#primaryimage\",\"url\":\"https:\/\/www.hcristallo.it\/wp-content\/uploads\/2018\/03\/virtual-tour-300x153.png\",\"contentUrl\":\"https:\/\/www.hcristallo.it\/wp-content\/uploads\/2018\/03\/virtual-tour-300x153.png\"},{\"@type\":\"BreadcrumbList\",\"@id\":\"https:\/\/www.hcristallo.it\/de\/business-aufenthalt-hotel-geschaftsreise-italien\/#breadcrumb\",\"itemListElement\":[{\"@type\":\"ListItem\",\"position\":1,\"name\":\"Home\",\"item\":\"https:\/\/www.hcristallo.it\/de\/\"},{\"@type\":\"ListItem\",\"position\":2,\"name\":\"BUSINESS HOTEL\"}]},{\"@type\":\"WebSite\",\"@id\":\"https:\/\/www.hcristallo.it\/de\/#website\",\"url\":\"https:\/\/www.hcristallo.it\/de\/\",\"name\":\"CRISTALLO HOTEL Giulianova\",\"description\":\"Family e business hotel 4 stelle a Giulianova in Italia\",\"publisher\":{\"@id\":\"https:\/\/www.hcristallo.it\/de\/#organization\"},\"potentialAction\":[{\"@type\":\"SearchAction\",\"target\":{\"@type\":\"EntryPoint\",\"urlTemplate\":\"https:\/\/www.hcristallo.it\/de\/?s={search_term_string}\"},\"query-input\":{\"@type\":\"PropertyValueSpecification\",\"valueRequired\":true,\"valueName\":\"search_term_string\"}}],\"inLanguage\":\"de\"},{\"@type\":\"Organization\",\"@id\":\"https:\/\/www.hcristallo.it\/de\/#organization\",\"name\":\"Hotel Cristallo\",\"url\":\"https:\/\/www.hcristallo.it\/de\/\",\"logo\":{\"@type\":\"ImageObject\",\"inLanguage\":\"de\",\"@id\":\"https:\/\/www.hcristallo.it\/de\/#\/schema\/logo\/image\/\",\"url\":\"https:\/\/www.hcristallo.it\/wp-content\/uploads\/2019\/05\/Logo.png\",\"contentUrl\":\"https:\/\/www.hcristallo.it\/wp-content\/uploads\/2019\/05\/Logo.png\",\"width\":274,\"height\":186,\"caption\":\"Hotel Cristallo\"},\"image\":{\"@id\":\"https:\/\/www.hcristallo.it\/de\/#\/schema\/logo\/image\/\"},\"sameAs\":[\"https:\/\/www.facebook.com\/HotelCristalloGiulianova\/\"]}]}<\/script>\n<!-- \/ Yoast SEO plugin. -->","yoast_head_json":{"title":"BUSINESS HOTEL - CRISTALLO HOTEL Giulianova","robots":{"index":"index","follow":"follow","max-snippet":"max-snippet:-1","max-image-preview":"max-image-preview:large","max-video-preview":"max-video-preview:-1"},"canonical":"https:\/\/www.hcristallo.it\/de\/business-aufenthalt-hotel-geschaftsreise-italien\/","og_locale":"de_DE","og_type":"article","og_title":"BUSINESS HOTEL - CRISTALLO HOTEL Giulianova","og_description":"H\u00f6chst komfortable Gesch\u00e4ftsreise Und auch Meetings und Gesch\u00e4ftsessen Erholen Sie sich auch bei besonderen Gesch\u00e4ftsreisen in der zentralen und ruhigen Gegend von Giulianova. Das Hotel ist leicht zu erreichen und liegt in der N\u00e4he der wichtigsten St\u00e4dte der Abruzzen und Marken. Erholung nach der Arbeit Dank unserer neuen Super-Comfort-Matratzen erwarten Sie erholsame N\u00e4chte in einer [&hellip;]","og_url":"https:\/\/www.hcristallo.it\/de\/business-aufenthalt-hotel-geschaftsreise-italien\/","og_site_name":"CRISTALLO HOTEL Giulianova","article_publisher":"https:\/\/www.facebook.com\/HotelCristalloGiulianova\/","article_modified_time":"2025-02-05T14:17:12+00:00","og_image":[{"width":300,"height":153,"url":"https:\/\/www.hcristallo.it\/wp-content\/uploads\/2018\/04\/virtual-tour-wc.png","type":"image\/png"}],"twitter_card":"summary_large_image","twitter_misc":{"Gesch\u00e4tzte Lesezeit":"2\u00a0Minuten"},"schema":{"@context":"https:\/\/schema.org","@graph":[{"@type":"WebPage","@id":"https:\/\/www.hcristallo.it\/de\/business-aufenthalt-hotel-geschaftsreise-italien\/","url":"https:\/\/www.hcristallo.it\/de\/business-aufenthalt-hotel-geschaftsreise-italien\/","name":"BUSINESS HOTEL - CRISTALLO HOTEL Giulianova","isPartOf":{"@id":"https:\/\/www.hcristallo.it\/de\/#website"},"primaryImageOfPage":{"@id":"https:\/\/www.hcristallo.it\/de\/business-aufenthalt-hotel-geschaftsreise-italien\/#primaryimage"},"image":{"@id":"https:\/\/www.hcristallo.it\/de\/business-aufenthalt-hotel-geschaftsreise-italien\/#primaryimage"},"thumbnailUrl":"https:\/\/www.hcristallo.it\/wp-content\/uploads\/2018\/03\/virtual-tour-300x153.png","datePublished":"2018-04-09T13:50:02+00:00","dateModified":"2025-02-05T14:17:12+00:00","breadcrumb":{"@id":"https:\/\/www.hcristallo.it\/de\/business-aufenthalt-hotel-geschaftsreise-italien\/#breadcrumb"},"inLanguage":"de","potentialAction":[{"@type":"ReadAction","target":["https:\/\/www.hcristallo.it\/de\/business-aufenthalt-hotel-geschaftsreise-italien\/"]}]},{"@type":"ImageObject","inLanguage":"de","@id":"https:\/\/www.hcristallo.it\/de\/business-aufenthalt-hotel-geschaftsreise-italien\/#primaryimage","url":"https:\/\/www.hcristallo.it\/wp-content\/uploads\/2018\/03\/virtual-tour-300x153.png","contentUrl":"https:\/\/www.hcristallo.it\/wp-content\/uploads\/2018\/03\/virtual-tour-300x153.png"},{"@type":"BreadcrumbList","@id":"https:\/\/www.hcristallo.it\/de\/business-aufenthalt-hotel-geschaftsreise-italien\/#breadcrumb","itemListElement":[{"@type":"ListItem","position":1,"name":"Home","item":"https:\/\/www.hcristallo.it\/de\/"},{"@type":"ListItem","position":2,"name":"BUSINESS HOTEL"}]},{"@type":"WebSite","@id":"https:\/\/www.hcristallo.it\/de\/#website","url":"https:\/\/www.hcristallo.it\/de\/","name":"CRISTALLO HOTEL Giulianova","description":"Family e business hotel 4 stelle a Giulianova in Italia","publisher":{"@id":"https:\/\/www.hcristallo.it\/de\/#organization"},"potentialAction":[{"@type":"SearchAction","target":{"@type":"EntryPoint","urlTemplate":"https:\/\/www.hcristallo.it\/de\/?s={search_term_string}"},"query-input":{"@type":"PropertyValueSpecification","valueRequired":true,"valueName":"search_term_string"}}],"inLanguage":"de"},{"@type":"Organization","@id":"https:\/\/www.hcristallo.it\/de\/#organization","name":"Hotel Cristallo","url":"https:\/\/www.hcristallo.it\/de\/","logo":{"@type":"ImageObject","inLanguage":"de","@id":"https:\/\/www.hcristallo.it\/de\/#\/schema\/logo\/image\/","url":"https:\/\/www.hcristallo.it\/wp-content\/uploads\/2019\/05\/Logo.png","contentUrl":"https:\/\/www.hcristallo.it\/wp-content\/uploads\/2019\/05\/Logo.png","width":274,"height":186,"caption":"Hotel Cristallo"},"image":{"@id":"https:\/\/www.hcristallo.it\/de\/#\/schema\/logo\/image\/"},"sameAs":["https:\/\/www.facebook.com\/HotelCristalloGiulianova\/"]}]}},"publishpress_future_action":{"enabled":false,"date":"2026-05-09 16:17:00","action":"change-status","newStatus":"draft","terms":[],"taxonomy":"translation_priority","extraData":[]},"publishpress_future_workflow_manual_trigger":{"enabledWorkflows":[]},"_links":{"self":[{"href":"https:\/\/www.hcristallo.it\/de\/wp-json\/wp\/v2\/pages\/26973","targetHints":{"allow":["GET"]}}],"collection":[{"href":"https:\/\/www.hcristallo.it\/de\/wp-json\/wp\/v2\/pages"}],"about":[{"href":"https:\/\/www.hcristallo.it\/de\/wp-json\/wp\/v2\/types\/page"}],"author":[{"embeddable":true,"href":"https:\/\/www.hcristallo.it\/de\/wp-json\/wp\/v2\/users\/1"}],"replies":[{"embeddable":true,"href":"https:\/\/www.hcristallo.it\/de\/wp-json\/wp\/v2\/comments?post=26973"}],"version-history":[{"count":5,"href":"https:\/\/www.hcristallo.it\/de\/wp-json\/wp\/v2\/pages\/26973\/revisions"}],"predecessor-version":[{"id":38222,"href":"https:\/\/www.hcristallo.it\/de\/wp-json\/wp\/v2\/pages\/26973\/revisions\/38222"}],"wp:attachment":[{"href":"https:\/\/www.hcristallo.it\/de\/wp-json\/wp\/v2\/media?parent=26973"}],"curies":[{"name":"wp","href":"https:\/\/api.w.org\/{rel}","templated":true}]}}