{"id":27008,"date":"2019-02-25T12:08:16","date_gmt":"2019-02-25T11:08:16","guid":{"rendered":"https:\/\/www.hcristallo.it\/temporary-lunch\/"},"modified":"2026-02-09T22:05:36","modified_gmt":"2026-02-09T21:05:36","slug":"temporary-lunch","status":"publish","type":"page","link":"https:\/\/www.hcristallo.it\/de\/temporary-lunch\/","title":{"rendered":"TEMPORARY LUNCH"},"content":{"rendered":"<p><section   class=\"fw-main-row-custom fw-main-row-top fw-section-no-padding  fw_theme_bg_fw-custom fw-section-image fw-section-height-custom  fw-section-position-back tf-sh-0427b7c6c59618cbd33a2e564bb5cafc\"  style=\" background-image:url(https:\/\/www.hcristallo.it\/wp-content\/uploads\/2019\/02\/ristorante-cristallo-giulianova_temporary-lunch-05.jpg); background-repeat: no-repeat; background-position: center top; background-size: cover; height: 560px;\"  >\n\t\t\t<div class=\"fw-container-fluid\" >\n\t\t<div class=\"fw-row\">\n\t<div id=\"column-69ff1544a95e0\" class=\"fw-col-sm-12 tf-sh-18b8432e0468f1415a3ae419b7822d33  fw-animated-element fw-col-no-padding\" data-animation-type=\"fadeInUp\" data-animation-delay=\"300\">\n\t<div class=\"fw-wrap-col-inner clearfix  \"   >\n\t\t\t\t<div class=\"fw-col-inner\">\n\t\t\t<div class=\"fw-heading fw-heading-center  fw-heading-with-subtitle tf-sh-277ab0ddd26e64a702509b6a58d9f9c2\" >\n\t\t\t<h1 class=\"fw-special-title\">Leckere Mittagspause<\/h1>\n\t\n\t\n\t\t\t<div class=\"fw-special-subtitle\">Der Temporary Lunch im Restaurant Cristallo<\/div>\n\t<\/div>\t\t<\/div>\n\t<\/div>\n<\/div><\/div>\n\n\t<\/div>\n\t<\/section><section   class=\"fw-main-row-custom fw-section-no-padding  auto  fw-section-position-back tf-sh-2a24729400113cf7c2ac056d488aacd5 sinistra\"    >\n\t\t\t<div class=\"fw-container\" >\n\t\t<div class=\"fw-row\">\n\t<div id=\"column-69ff1544aa7b5\" class=\"fw-col-sm-12 tf-sh-3577f77f733188f01f6858a5183142de\" >\n\t<div class=\"fw-wrap-col-inner clearfix  \"   >\n\t\t\t\t<div class=\"fw-col-inner\">\n\t\t\t<div class=\"fw-divider-space  fw-custom-space  fw-mobile-hide-element clearfix\" style=\"height:140px;\" ><\/div>\t\t<\/div>\n\t<\/div>\n<\/div><\/div>\n\n<div class=\"fw-row\">\n\t<div id=\"column-69ff1544ab3c9\" class=\"fw-col-sm-12 tf-sh-7e4898b680939314dc22a9aae3e0f156\" >\n\t<div class=\"fw-wrap-col-inner clearfix  \"   >\n\t\t\t\t<div class=\"fw-col-inner\">\n\t\t\t<div class=\"fw-text-box tf-sh-78b4e860daee041c1597fa210a9e937b \" >\n\t<div class=\"fw-text-inner\">\n\t\t<p>Wir erwarten Sie in Ihrer Mittagspause von Montag bis Freitag mit einem reichhaltigen Buffet und Tagesgerichten.<\/p>\n\t<\/div>\n<\/div><div class=\"fw-divider-space  fw-custom-space  fw-mobile-hide-element clearfix\" style=\"height:30px;\" ><\/div>\t\t<\/div>\n\t<\/div>\n<\/div><\/div>\n\n<div class=\"fw-row\">\n\t<div id=\"column-69ff1544ac302\" class=\"fw-col-sm-6 tf-sh-2640582917a35ea2bf1157b4e533c650  fw-animated-element\" data-animation-type=\"fadeInUp\" data-animation-delay=\"300\">\n\t<div class=\"fw-wrap-col-inner clearfix  \"   >\n\t\t\t\t<div class=\"fw-col-inner\">\n\t\t\t<div class=\"fw-text-box tf-sh-fae84ab2429f534d8a20630ef558704d \" >\n\t<div class=\"fw-text-inner\">\n\t\t<p>Damit die Zeit nicht knapp wird, k\u00f6nnen Sie zwischen Buffet und Tagesgerichten w\u00e4hlen. Unsere Speisekarte wird st\u00e4ndig erneuert und steckt voller typischer K\u00f6stlichkeiten aus den Abruzzen. Endlich gibt es auch in Giulianova einen perfekten Ort f\u00fcr Mahlzeiten mit der Familie oder eine nette und anregende Mittagspause mit Freunden und Arbeitskollegen.<\/p>\n\t<\/div>\n<\/div>\t\t<\/div>\n\t<\/div>\n<\/div><div id=\"column-69ff1544aca68\" class=\"fw-col-sm-6 tf-sh-b931951f8c038257a5db646a6eb35c8b  fw-animated-element\" data-animation-type=\"fadeInUp\" data-animation-delay=\"500\">\n\t<div class=\"fw-wrap-col-inner clearfix  \"   >\n\t\t\t\t<div class=\"fw-col-inner\">\n\t\t\t<div class=\"fw-divider-space  fw-custom-space  fw-desktop-hide-element fw-tablet-landscape-hide-element fw-tablet-hide-element clearfix\" style=\"height:30px;\" ><\/div><div class=\"fw-text-box tf-sh-7ecd69043ba24db54495f5a657826ecd \" >\n\t<div class=\"fw-text-inner\">\n\t\t<p><iframe loading=\"lazy\" width=\"560\" height=\"315\" src=\"https:\/\/www.youtube.com\/embed\/JcPn5Xtzj_U\" frameborder=\"0\" allow=\"autoplay; encrypted-media\" allowfullscreen><\/iframe><\/p>\n\t<\/div>\n<\/div><div class=\"fw-divider-space  fw-custom-space  fw-desktop-hide-element fw-tablet-landscape-hide-element fw-tablet-hide-element clearfix\" style=\"height:30px;\" ><\/div>\t\t<\/div>\n\t<\/div>\n<\/div><\/div>\n\n<div class=\"fw-row\">\n\t<div id=\"column-69ff1544adaf4\" class=\"fw-col-sm-12 tf-sh-7a400117a58e7de7c24fb56b10afb444\" >\n\t<div class=\"fw-wrap-col-inner clearfix  \"   >\n\t\t\t\t<div class=\"fw-col-inner\">\n\t\t\t<div class=\"fw-divider-space  fw-custom-space  fw-mobile-hide-element clearfix\" style=\"height:70px;\" ><\/div>\t\t<\/div>\n\t<\/div>\n<\/div><\/div>\n\n\t<\/div>\n\t<\/section><section   class=\"fw-main-row-custom fw-section-no-padding  auto  fw-section-position-back tf-sh-ab92656868cc9c71ef09e446399b9638 destra\"  style=\" background-color:#e8e8e8;\"  >\n\t\t\t<div class=\"fw-container-fluid\" >\n\t\t<div class=\"fw-row\">\n\t<div id=\"column-69ff1544aea2a\" class=\"fw-col-sm-12 fw-col-md-6 tf-sh-d998146fd8390b2ca885f1281f8c6e82  fw-col-no-padding\" >\n\t<div class=\"fw-wrap-col-inner clearfix   fw-column-height-custom\" style=\"height: 500px;\"  >\n\t\t\t\t<div class=\"fw-col-inner\">\n\t\t\t\t\t<\/div>\n\t<\/div>\n<\/div><div id=\"column-69ff1544aed71\" class=\"fw-col-sm-12 fw-col-md-6 tf-sh-a63f715448fab47ecece44d1ebb4e6ff destra\" >\n\t<div class=\"fw-wrap-col-inner clearfix  \"   >\n\t\t\t\t<div class=\"fw-col-inner\">\n\t\t\t<div class=\"fw-heading fw-heading-left  fw-animated-element tf-sh-f0b4244f9a6976183e63cdb9e550e44b\"  data-animation-type=\"fadeInUp\" data-animation-delay=\"300\">\n\t\t\t<h2 class=\"fw-special-title\">Elegante und helle R\u00e4ume<\/h2>\n\t\n\t\n\t<\/div><div class=\"fw-divider-space  fw-custom-space  clearfix\" style=\"height:20px;\" ><\/div><div class=\"fw-text-box tf-sh-a69564321ae0f14d917305a7366a0191  fw-animated-element\"  data-animation-type=\"fadeInUp\" data-animation-delay=\"500\">\n\t<div class=\"fw-text-inner\">\n\t\t<p>Probieren Sie unsere K\u00f6stlichkeiten auf der herrlichen Veranda der Aleph Bar des Cristallo mit Blick auf die Gasse und den Pinienwald.<\/p>\n\t<\/div>\n<\/div><div class=\"fw-divider-space  fw-custom-space  clearfix\" style=\"height:30px;\" ><\/div>\t\t<\/div>\n\t<\/div>\n<\/div><\/div>\n\n\t<\/div>\n\t<\/section><section   class=\"fw-main-row-custom fw-section-no-padding  auto  fw-section-position-back tf-sh-2dfbfe5d8860d8806f69babc332330c6 sinistra\"  style=\" background-color:#ffffff;\"  >\n\t\t\t<div class=\"fw-container-fluid\" >\n\t\t<div class=\"fw-row\">\n\t<div id=\"column-69ff1544b05e1\" class=\"fw-col-sm-12 fw-col-md-6 tf-sh-b6d8ee42285784e344b3b7374e6dbff2 sinistra\" >\n\t<div class=\"fw-wrap-col-inner clearfix  \"   >\n\t\t\t\t<div class=\"fw-col-inner\">\n\t\t\t<div class=\"fw-heading fw-heading-left  fw-animated-element tf-sh-f00202d52f26f5cbe576429890a43e2e\"  data-animation-type=\"fadeInUp\" data-animation-delay=\"300\">\n\t\t\t<h2 class=\"fw-special-title\">Buffet \u201eTemporary Lunch\u201c<\/h2>\n\t\n\t\n\t<\/div><div class=\"fw-divider-space  fw-custom-space  clearfix\" style=\"height:15px;\" ><\/div><div class=\"fw-text-box tf-sh-521ec92123e809cde6fd28b52ae4c65a  fw-animated-element\"  data-animation-type=\"fadeInUp\" data-animation-delay=\"500\">\n\t<div class=\"fw-text-inner\">\n\t\t<p>Cristallo-Restaurant<br \/>Lungomare Zara, 73<br \/>Giulianova Lido - Tel. <a href=\"tel:+390858003780\">+39\u00a0085.8003780<\/a><\/p>\n<p>Im Sommer sind wir im Strandbad Cristallo Mare, ebenfalls am Lungomare.<\/p>\n<p>Wir warten auf Sie!<\/p>\n\t<\/div>\n<\/div><div class=\"fw-divider-space  fw-custom-space  clearfix\" style=\"height:30px;\" ><\/div>\t\t<\/div>\n\t<\/div>\n<\/div><div id=\"column-69ff1544b167a\" class=\"fw-col-sm-12 fw-col-md-6 tf-sh-29769428d8eafc670cd89d15b3d54bf8  fw-col-no-padding\" >\n\t<div class=\"fw-wrap-col-inner clearfix   fw-column-height-custom\" style=\"height: 500px;\"  >\n\t\t\t\t<div class=\"fw-col-inner\">\n\t\t\t\t\t<\/div>\n\t<\/div>\n<\/div><\/div>\n\n\t<\/div>\n\t<\/section><section   class=\"fw-main-row  auto  fw-section-position-back\"    >\n\t\t\t<div class=\"fw-container\" >\n\t\t<div class=\"fw-row\">\n\t<div id=\"column-69ff1544b2227\" class=\"fw-col-sm-12 tf-sh-60c471a1100411dc2c57e8477693df5d\" >\n\t<div class=\"fw-wrap-col-inner clearfix  \"   >\n\t\t\t\t<div class=\"fw-col-inner\">\n\t\t\t<div class=\"text-center\">\t<a href=\"https:\/\/www.hcristallo.it\/de\/reservierung-hotel-giulianova-adria\/\" target=\"_blank\" class=\"fw-btn tf-sh-e5d841fd02761bd0d9da91565608e550  fw-btn-lg   fw-animated-element fw-btn-1\"  data-animation-type=\"fadeInUp\" data-animation-delay=\"500\" style=\"\">\n\t\t<span >\n\t\t\tINFORMATIONEN ANFORDERN\t\t<\/span>\n\t<\/a>\n<\/div>\t\t<\/div>\n\t<\/div>\n<\/div><\/div>\n\n\t<\/div>\n\t<\/section><\/p>\n","protected":false},"excerpt":{"rendered":"<p>Leckere Mittagspause Der Temporary Lunch im Restaurant Cristallo Wir erwarten Sie in Ihrer Mittagspause von Montag bis Freitag mit einem reichhaltigen Buffet und Tagesgerichten. Damit die Zeit nicht knapp wird, k\u00f6nnen Sie zwischen Buffet und Tagesgerichten w\u00e4hlen. Unsere Speisekarte wird st\u00e4ndig erneuert und steckt voller typischer K\u00f6stlichkeiten aus den Abruzzen. Endlich gibt es auch in [&hellip;]<\/p>\n","protected":false},"author":1,"featured_media":0,"parent":0,"menu_order":0,"comment_status":"closed","ping_status":"closed","template":"visual-builder-template.php","meta":{"footnotes":""},"class_list":["post-27008","page","type-page","status-publish","hentry"],"yoast_head":"<!-- This site is optimized with the Yoast SEO plugin v26.9 - https:\/\/yoast.com\/product\/yoast-seo-wordpress\/ -->\n<title>TEMPORARY LUNCH - Mittagspause im Cristallo in Giulianova<\/title>\n<meta name=\"description\" content=\"Ein schnelles und appetitliches Mittagessen, eine Auswahl an Buffets und Tagesgerichten an einem idealen Ort mit Familie oder Freunden und Kollegen\" \/>\n<meta name=\"robots\" content=\"index, follow, max-snippet:-1, max-image-preview:large, max-video-preview:-1\" \/>\n<link rel=\"canonical\" href=\"https:\/\/www.hcristallo.it\/de\/temporary-lunch\/\" \/>\n<meta property=\"og:locale\" content=\"de_DE\" \/>\n<meta property=\"og:type\" content=\"article\" \/>\n<meta property=\"og:title\" content=\"TEMPORARY LUNCH - Mittagspause im Cristallo in Giulianova\" \/>\n<meta property=\"og:description\" content=\"Ein schnelles und appetitliches Mittagessen, eine Auswahl an Buffets und Tagesgerichten an einem idealen Ort mit Familie oder Freunden und Kollegen\" \/>\n<meta property=\"og:url\" content=\"https:\/\/www.hcristallo.it\/de\/temporary-lunch\/\" \/>\n<meta property=\"og:site_name\" content=\"CRISTALLO HOTEL Giulianova\" \/>\n<meta property=\"article:publisher\" content=\"https:\/\/www.facebook.com\/HotelCristalloGiulianova\/\" \/>\n<meta property=\"article:modified_time\" content=\"2026-02-09T21:05:36+00:00\" \/>\n<meta name=\"twitter:card\" content=\"summary_large_image\" \/>\n<meta name=\"twitter:label1\" content=\"Gesch\u00e4tzte Lesezeit\" \/>\n\t<meta name=\"twitter:data1\" content=\"1\u00a0Minute\" \/>\n<script type=\"application\/ld+json\" class=\"yoast-schema-graph\">{\"@context\":\"https:\/\/schema.org\",\"@graph\":[{\"@type\":\"WebPage\",\"@id\":\"https:\/\/www.hcristallo.it\/de\/temporary-lunch\/\",\"url\":\"https:\/\/www.hcristallo.it\/de\/temporary-lunch\/\",\"name\":\"TEMPORARY LUNCH - Mittagspause im Cristallo in Giulianova\",\"isPartOf\":{\"@id\":\"https:\/\/www.hcristallo.it\/de\/#website\"},\"datePublished\":\"2019-02-25T11:08:16+00:00\",\"dateModified\":\"2026-02-09T21:05:36+00:00\",\"description\":\"Ein schnelles und appetitliches Mittagessen, eine Auswahl an Buffets und Tagesgerichten an einem idealen Ort mit Familie oder Freunden und Kollegen\",\"breadcrumb\":{\"@id\":\"https:\/\/www.hcristallo.it\/de\/temporary-lunch\/#breadcrumb\"},\"inLanguage\":\"de\",\"potentialAction\":[{\"@type\":\"ReadAction\",\"target\":[\"https:\/\/www.hcristallo.it\/de\/temporary-lunch\/\"]}]},{\"@type\":\"BreadcrumbList\",\"@id\":\"https:\/\/www.hcristallo.it\/de\/temporary-lunch\/#breadcrumb\",\"itemListElement\":[{\"@type\":\"ListItem\",\"position\":1,\"name\":\"Home\",\"item\":\"https:\/\/www.hcristallo.it\/de\/\"},{\"@type\":\"ListItem\",\"position\":2,\"name\":\"TEMPORARY LUNCH\"}]},{\"@type\":\"WebSite\",\"@id\":\"https:\/\/www.hcristallo.it\/de\/#website\",\"url\":\"https:\/\/www.hcristallo.it\/de\/\",\"name\":\"CRISTALLO HOTEL Giulianova\",\"description\":\"Family e business hotel 4 stelle a Giulianova in Italia\",\"publisher\":{\"@id\":\"https:\/\/www.hcristallo.it\/de\/#organization\"},\"potentialAction\":[{\"@type\":\"SearchAction\",\"target\":{\"@type\":\"EntryPoint\",\"urlTemplate\":\"https:\/\/www.hcristallo.it\/de\/?s={search_term_string}\"},\"query-input\":{\"@type\":\"PropertyValueSpecification\",\"valueRequired\":true,\"valueName\":\"search_term_string\"}}],\"inLanguage\":\"de\"},{\"@type\":\"Organization\",\"@id\":\"https:\/\/www.hcristallo.it\/de\/#organization\",\"name\":\"Hotel Cristallo\",\"url\":\"https:\/\/www.hcristallo.it\/de\/\",\"logo\":{\"@type\":\"ImageObject\",\"inLanguage\":\"de\",\"@id\":\"https:\/\/www.hcristallo.it\/de\/#\/schema\/logo\/image\/\",\"url\":\"https:\/\/www.hcristallo.it\/wp-content\/uploads\/2019\/05\/Logo.png\",\"contentUrl\":\"https:\/\/www.hcristallo.it\/wp-content\/uploads\/2019\/05\/Logo.png\",\"width\":274,\"height\":186,\"caption\":\"Hotel Cristallo\"},\"image\":{\"@id\":\"https:\/\/www.hcristallo.it\/de\/#\/schema\/logo\/image\/\"},\"sameAs\":[\"https:\/\/www.facebook.com\/HotelCristalloGiulianova\/\"]}]}<\/script>\n<!-- \/ Yoast SEO plugin. -->","yoast_head_json":{"title":"TEMPORARY LUNCH - Mittagspause im Cristallo in Giulianova","description":"Ein schnelles und appetitliches Mittagessen, eine Auswahl an Buffets und Tagesgerichten an einem idealen Ort mit Familie oder Freunden und Kollegen","robots":{"index":"index","follow":"follow","max-snippet":"max-snippet:-1","max-image-preview":"max-image-preview:large","max-video-preview":"max-video-preview:-1"},"canonical":"https:\/\/www.hcristallo.it\/de\/temporary-lunch\/","og_locale":"de_DE","og_type":"article","og_title":"TEMPORARY LUNCH - Mittagspause im Cristallo in Giulianova","og_description":"Ein schnelles und appetitliches Mittagessen, eine Auswahl an Buffets und Tagesgerichten an einem idealen Ort mit Familie oder Freunden und Kollegen","og_url":"https:\/\/www.hcristallo.it\/de\/temporary-lunch\/","og_site_name":"CRISTALLO HOTEL Giulianova","article_publisher":"https:\/\/www.facebook.com\/HotelCristalloGiulianova\/","article_modified_time":"2026-02-09T21:05:36+00:00","twitter_card":"summary_large_image","twitter_misc":{"Gesch\u00e4tzte Lesezeit":"1\u00a0Minute"},"schema":{"@context":"https:\/\/schema.org","@graph":[{"@type":"WebPage","@id":"https:\/\/www.hcristallo.it\/de\/temporary-lunch\/","url":"https:\/\/www.hcristallo.it\/de\/temporary-lunch\/","name":"TEMPORARY LUNCH - Mittagspause im Cristallo in Giulianova","isPartOf":{"@id":"https:\/\/www.hcristallo.it\/de\/#website"},"datePublished":"2019-02-25T11:08:16+00:00","dateModified":"2026-02-09T21:05:36+00:00","description":"Ein schnelles und appetitliches Mittagessen, eine Auswahl an Buffets und Tagesgerichten an einem idealen Ort mit Familie oder Freunden und Kollegen","breadcrumb":{"@id":"https:\/\/www.hcristallo.it\/de\/temporary-lunch\/#breadcrumb"},"inLanguage":"de","potentialAction":[{"@type":"ReadAction","target":["https:\/\/www.hcristallo.it\/de\/temporary-lunch\/"]}]},{"@type":"BreadcrumbList","@id":"https:\/\/www.hcristallo.it\/de\/temporary-lunch\/#breadcrumb","itemListElement":[{"@type":"ListItem","position":1,"name":"Home","item":"https:\/\/www.hcristallo.it\/de\/"},{"@type":"ListItem","position":2,"name":"TEMPORARY LUNCH"}]},{"@type":"WebSite","@id":"https:\/\/www.hcristallo.it\/de\/#website","url":"https:\/\/www.hcristallo.it\/de\/","name":"CRISTALLO HOTEL Giulianova","description":"Family e business hotel 4 stelle a Giulianova in Italia","publisher":{"@id":"https:\/\/www.hcristallo.it\/de\/#organization"},"potentialAction":[{"@type":"SearchAction","target":{"@type":"EntryPoint","urlTemplate":"https:\/\/www.hcristallo.it\/de\/?s={search_term_string}"},"query-input":{"@type":"PropertyValueSpecification","valueRequired":true,"valueName":"search_term_string"}}],"inLanguage":"de"},{"@type":"Organization","@id":"https:\/\/www.hcristallo.it\/de\/#organization","name":"Hotel Cristallo","url":"https:\/\/www.hcristallo.it\/de\/","logo":{"@type":"ImageObject","inLanguage":"de","@id":"https:\/\/www.hcristallo.it\/de\/#\/schema\/logo\/image\/","url":"https:\/\/www.hcristallo.it\/wp-content\/uploads\/2019\/05\/Logo.png","contentUrl":"https:\/\/www.hcristallo.it\/wp-content\/uploads\/2019\/05\/Logo.png","width":274,"height":186,"caption":"Hotel Cristallo"},"image":{"@id":"https:\/\/www.hcristallo.it\/de\/#\/schema\/logo\/image\/"},"sameAs":["https:\/\/www.facebook.com\/HotelCristalloGiulianova\/"]}]}},"publishpress_future_action":{"enabled":false,"date":"2026-05-16 13:06:44","action":"change-status","newStatus":"draft","terms":[],"taxonomy":"translation_priority","extraData":[]},"publishpress_future_workflow_manual_trigger":{"enabledWorkflows":[]},"_links":{"self":[{"href":"https:\/\/www.hcristallo.it\/de\/wp-json\/wp\/v2\/pages\/27008","targetHints":{"allow":["GET"]}}],"collection":[{"href":"https:\/\/www.hcristallo.it\/de\/wp-json\/wp\/v2\/pages"}],"about":[{"href":"https:\/\/www.hcristallo.it\/de\/wp-json\/wp\/v2\/types\/page"}],"author":[{"embeddable":true,"href":"https:\/\/www.hcristallo.it\/de\/wp-json\/wp\/v2\/users\/1"}],"replies":[{"embeddable":true,"href":"https:\/\/www.hcristallo.it\/de\/wp-json\/wp\/v2\/comments?post=27008"}],"version-history":[{"count":18,"href":"https:\/\/www.hcristallo.it\/de\/wp-json\/wp\/v2\/pages\/27008\/revisions"}],"predecessor-version":[{"id":40373,"href":"https:\/\/www.hcristallo.it\/de\/wp-json\/wp\/v2\/pages\/27008\/revisions\/40373"}],"wp:attachment":[{"href":"https:\/\/www.hcristallo.it\/de\/wp-json\/wp\/v2\/media?parent=27008"}],"curies":[{"name":"wp","href":"https:\/\/api.w.org\/{rel}","templated":true}]}}