{"id":27012,"date":"2019-02-25T11:55:29","date_gmt":"2019-02-25T10:55:29","guid":{"rendered":"https:\/\/www.hcristallo.it\/sala-banchetti-matrimoni-ristoranti-giulianova-italia\/"},"modified":"2020-02-27T17:35:42","modified_gmt":"2020-02-27T16:35:42","slug":"saal-festessen-hochzeiten-restaurants-giulianova-italien","status":"publish","type":"page","link":"https:\/\/www.hcristallo.it\/de\/saal-festessen-hochzeiten-restaurants-giulianova-italien\/","title":{"rendered":"BANKETTE UND ZEREMONIEN"},"content":{"rendered":"<p><section   class=\"fw-main-row-custom fw-main-row-top fw-section-no-padding  fw_theme_bg_fw-custom fw-section-image fw-section-height-custom  fw-section-position-back tf-sh-0427b7c6c59618cbd33a2e564bb5cafc\"  style=\" background-image:url(https:\/\/www.hcristallo.it\/wp-content\/uploads\/2019\/02\/ristorante-hotel-cristallo-giulianova-bancherri_sala-pranzo-02-e1551092492515.jpg); background-repeat: no-repeat; background-position: center top; background-size: cover; height: 560px;\"  >\n\t\t\t<div class=\"fw-container-fluid\" >\n\t\t<div class=\"fw-row\">\n\t<div id=\"column-69f1f77b95166\" class=\"fw-col-sm-12 tf-sh-18b8432e0468f1415a3ae419b7822d33  fw-animated-element fw-col-no-padding\" data-animation-type=\"fadeInUp\" data-animation-delay=\"300\">\n\t<div class=\"fw-wrap-col-inner clearfix  \"   >\n\t\t\t\t<div class=\"fw-col-inner\">\n\t\t\t<div class=\"fw-heading fw-heading-center  fw-heading-with-subtitle tf-sh-277ab0ddd26e64a702509b6a58d9f9c2\" >\n\t\t\t<h1 class=\"fw-special-title\">Hochzeiten und Zeremonien<\/h1>\n\t\n\t\n\t\t\t<div class=\"fw-special-subtitle\">Nur ein paar Schritte vom Meer<\/div>\n\t<\/div>\t\t<\/div>\n\t<\/div>\n<\/div><\/div>\n\n\t<\/div>\n\t<\/section><section   class=\"fw-main-row-custom fw-section-no-padding  auto  fw-section-position-back tf-sh-2a24729400113cf7c2ac056d488aacd5\"    >\n\t\t\t<div class=\"fw-container\" >\n\t\t<div class=\"fw-row\">\n\t<div id=\"column-69f1f77b9627a\" class=\"fw-col-sm-12 tf-sh-3577f77f733188f01f6858a5183142de\" >\n\t<div class=\"fw-wrap-col-inner clearfix  \"   >\n\t\t\t\t<div class=\"fw-col-inner\">\n\t\t\t<div class=\"fw-divider-space  fw-custom-space  fw-mobile-hide-element clearfix\" style=\"height:140px;\" ><\/div>\t\t<\/div>\n\t<\/div>\n<\/div><\/div>\n\n<div class=\"fw-row\">\n\t<div id=\"column-69f1f77b96e0d\" class=\"fw-col-sm-12 tf-sh-7e4898b680939314dc22a9aae3e0f156\" >\n\t<div class=\"fw-wrap-col-inner clearfix  \"   >\n\t\t\t\t<div class=\"fw-col-inner\">\n\t\t\t<div class=\"fw-text-box tf-sh-78b4e860daee041c1597fa210a9e937b \" >\n\t<div class=\"fw-text-inner\">\n\t\t<p>Eine elegante Kulisse f\u00fcr Ihre Hochzeitsfeier.<\/p>\n\t<\/div>\n<\/div><div class=\"fw-divider-space  fw-custom-space  fw-mobile-hide-element clearfix\" style=\"height:30px;\" ><\/div>\t\t<\/div>\n\t<\/div>\n<\/div><\/div>\n\n<div class=\"fw-row\">\n\t<div id=\"column-69f1f77b97c4f\" class=\"fw-col-sm-6 tf-sh-2640582917a35ea2bf1157b4e533c650 sinistra fw-animated-element\" data-animation-type=\"fadeInUp\" data-animation-delay=\"300\">\n\t<div class=\"fw-wrap-col-inner clearfix  \"   >\n\t\t\t\t<div class=\"fw-col-inner\">\n\t\t\t<div class=\"fw-text-box tf-sh-fae84ab2429f534d8a20630ef558704d \" >\n\t<div class=\"fw-text-inner\">\n\t\t<p>Unser Festsaal mit Platz f\u00fcr bis zu 280 Personen hei\u00dft Sie herzlich an der traumhaften Promenade von Giulianova willkommen. Feiern Sie Ihre besonderen Anl\u00e4sse mit Familie und Freunden im stilvollen und eleganten Hotel Cristallo zwischen G\u00e4rten und Pinienw\u00e4ldern und lassen Sie sich von den Gerichten unseres ber\u00fchmten Restaurants verw\u00f6hnen, das in Speisef\u00fchrern seinen Platz gefunden hat.<\/p>\n\t<\/div>\n<\/div>\t\t<\/div>\n\t<\/div>\n<\/div><div id=\"column-69f1f77b9830d\" class=\"fw-col-sm-6 tf-sh-b931951f8c038257a5db646a6eb35c8b  fw-animated-element\" data-animation-type=\"fadeInUp\" data-animation-delay=\"500\">\n\t<div class=\"fw-wrap-col-inner clearfix  \"   >\n\t\t\t\t<div class=\"fw-col-inner\">\n\t\t\t<div class=\"fw-divider-space  fw-custom-space  fw-desktop-hide-element fw-tablet-landscape-hide-element fw-tablet-hide-element clearfix\" style=\"height:30px;\" ><\/div><div class=\"fw-text-box tf-sh-7ecd69043ba24db54495f5a657826ecd \" >\n\t<div class=\"fw-text-inner\">\n\t\t<p><iframe loading=\"lazy\" width=\"560\" height=\"315\" src=\"https:\/\/www.youtube.com\/embed\/JcPn5Xtzj_U\" frameborder=\"0\" allow=\"autoplay; encrypted-media\" allowfullscreen><\/iframe><\/p>\n\t<\/div>\n<\/div><div class=\"fw-divider-space  fw-custom-space  fw-desktop-hide-element fw-tablet-landscape-hide-element fw-tablet-hide-element clearfix\" style=\"height:30px;\" ><\/div>\t\t<\/div>\n\t<\/div>\n<\/div><\/div>\n\n<div class=\"fw-row\">\n\t<div id=\"column-69f1f77b9917e\" class=\"fw-col-sm-12 tf-sh-7a400117a58e7de7c24fb56b10afb444\" >\n\t<div class=\"fw-wrap-col-inner clearfix  \"   >\n\t\t\t\t<div class=\"fw-col-inner\">\n\t\t\t<div class=\"fw-divider-space  fw-custom-space  fw-mobile-hide-element clearfix\" style=\"height:70px;\" ><\/div>\t\t<\/div>\n\t<\/div>\n<\/div><\/div>\n\n\t<\/div>\n\t<\/section><section   class=\"fw-main-row-custom fw-section-no-padding  auto  fw-section-position-back tf-sh-ab92656868cc9c71ef09e446399b9638 destra\"  style=\" background-color:#e8e8e8;\"  >\n\t\t\t<div class=\"fw-container-fluid\" >\n\t\t<div class=\"fw-row\">\n\t<div id=\"column-69f1f77b9a081\" class=\"fw-col-sm-12 fw-col-md-6 tf-sh-d998146fd8390b2ca885f1281f8c6e82  fw-col-no-padding\" >\n\t<div class=\"fw-wrap-col-inner clearfix   fw-column-height-custom\" style=\"height: 500px;\"  >\n\t\t\t\t<div class=\"fw-col-inner\">\n\t\t\t\t\t<\/div>\n\t<\/div>\n<\/div><div id=\"column-69f1f77b9a355\" class=\"fw-col-sm-12 fw-col-md-6 tf-sh-a63f715448fab47ecece44d1ebb4e6ff destra\" >\n\t<div class=\"fw-wrap-col-inner clearfix  \"   >\n\t\t\t\t<div class=\"fw-col-inner\">\n\t\t\t<div class=\"fw-heading fw-heading-left  fw-animated-element tf-sh-f0b4244f9a6976183e63cdb9e550e44b\"  data-animation-type=\"fadeInUp\" data-animation-delay=\"300\">\n\t\t\t<h2 class=\"fw-special-title\">So wird ein ganz besonderer Tag perfekt<\/h2>\n\t\n\t\n\t<\/div><div class=\"fw-divider-space  fw-custom-space  clearfix\" style=\"height:20px;\" ><\/div><div class=\"fw-text-box tf-sh-a69564321ae0f14d917305a7366a0191  fw-animated-element\"  data-animation-type=\"fadeInUp\" data-animation-delay=\"500\">\n\t<div class=\"fw-text-inner\">\n\t\t<p>Wir sind bereit, Ihnen zu Ihrem stilvollen Empfang zu verhelfen... und haben noch einige Kleinigkeiten f\u00fcr Sie, damit dieser Tag f\u00fcr immer in Erinnerung bleibt.<\/p>\n\t<\/div>\n<\/div><div class=\"fw-divider-space  fw-custom-space  clearfix\" style=\"height:30px;\" ><\/div>\t\t<\/div>\n\t<\/div>\n<\/div><\/div>\n\n\t<\/div>\n\t<\/section><section   class=\"fw-main-row  auto  fw-section-position-back\"    >\n\t\t\t<div class=\"fw-container\" >\n\t\t<div class=\"fw-row\">\n\t<div id=\"column-69f1f77b9b9d2\" class=\"fw-col-sm-12 tf-sh-60c471a1100411dc2c57e8477693df5d\" >\n\t<div class=\"fw-wrap-col-inner clearfix  \"   >\n\t\t\t\t<div class=\"fw-col-inner\">\n\t\t\t<div class=\"text-center\">\t<a href=\"https:\/\/www.hcristallo.it\/de\/reservierung-hotel-giulianova-adria\/\" target=\"_blank\" class=\"fw-btn tf-sh-e5d841fd02761bd0d9da91565608e550  fw-btn-lg   fw-animated-element fw-btn-1\"  data-animation-type=\"fadeInUp\" data-animation-delay=\"500\" style=\"\">\n\t\t<span >\n\t\t\tINFORMATIONEN ANFORDERN\t\t<\/span>\n\t<\/a>\n<\/div>\t\t<\/div>\n\t<\/div>\n<\/div><\/div>\n\n\t<\/div>\n\t<\/section><\/p>\n","protected":false},"excerpt":{"rendered":"<p>Hochzeiten und Zeremonien Nur ein paar Schritte vom Meer Eine elegante Kulisse f\u00fcr Ihre Hochzeitsfeier. Unser Festsaal mit Platz f\u00fcr bis zu 280 Personen hei\u00dft Sie herzlich an der traumhaften Promenade von Giulianova willkommen. Feiern Sie Ihre besonderen Anl\u00e4sse mit Familie und Freunden im stilvollen und eleganten Hotel Cristallo zwischen G\u00e4rten und Pinienw\u00e4ldern und lassen [&hellip;]<\/p>\n","protected":false},"author":1,"featured_media":0,"parent":0,"menu_order":0,"comment_status":"closed","ping_status":"closed","template":"visual-builder-template.php","meta":{"footnotes":""},"class_list":["post-27012","page","type-page","status-publish","hentry"],"yoast_head":"<!-- This site is optimized with the Yoast SEO plugin v26.9 - https:\/\/yoast.com\/product\/yoast-seo-wordpress\/ -->\n<title>Idealer Ort f\u00fcr Bankette und Zeremonien - CRISTALLO HOTEL Giulianova<\/title>\n<meta name=\"description\" content=\"Vor dem Meer zu feiern, in einer vertr\u00e4umten Atmosph\u00e4re Hochzeiten, Taufen, Konfirmationen, Kommunionen und auch Veranstaltungen, Gesch\u00e4ftsessen und Abendessen\" \/>\n<meta name=\"robots\" content=\"index, follow, max-snippet:-1, max-image-preview:large, max-video-preview:-1\" \/>\n<link rel=\"canonical\" href=\"https:\/\/www.hcristallo.it\/de\/saal-festessen-hochzeiten-restaurants-giulianova-italien\/\" \/>\n<meta property=\"og:locale\" content=\"de_DE\" \/>\n<meta property=\"og:type\" content=\"article\" \/>\n<meta property=\"og:title\" content=\"Idealer Ort f\u00fcr Bankette und Zeremonien - CRISTALLO HOTEL Giulianova\" \/>\n<meta property=\"og:description\" content=\"Vor dem Meer zu feiern, in einer vertr\u00e4umten Atmosph\u00e4re Hochzeiten, Taufen, Konfirmationen, Kommunionen und auch Veranstaltungen, Gesch\u00e4ftsessen und Abendessen\" \/>\n<meta property=\"og:url\" content=\"https:\/\/www.hcristallo.it\/de\/saal-festessen-hochzeiten-restaurants-giulianova-italien\/\" \/>\n<meta property=\"og:site_name\" content=\"CRISTALLO HOTEL Giulianova\" \/>\n<meta property=\"article:publisher\" content=\"https:\/\/www.facebook.com\/HotelCristalloGiulianova\/\" \/>\n<meta property=\"article:modified_time\" content=\"2020-02-27T16:35:42+00:00\" \/>\n<meta name=\"twitter:card\" content=\"summary_large_image\" \/>\n<meta name=\"twitter:label1\" content=\"Gesch\u00e4tzte Lesezeit\" \/>\n\t<meta name=\"twitter:data1\" content=\"1\u00a0Minute\" \/>\n<script type=\"application\/ld+json\" class=\"yoast-schema-graph\">{\"@context\":\"https:\/\/schema.org\",\"@graph\":[{\"@type\":\"WebPage\",\"@id\":\"https:\/\/www.hcristallo.it\/de\/saal-festessen-hochzeiten-restaurants-giulianova-italien\/\",\"url\":\"https:\/\/www.hcristallo.it\/de\/saal-festessen-hochzeiten-restaurants-giulianova-italien\/\",\"name\":\"Idealer Ort f\u00fcr Bankette und Zeremonien - CRISTALLO HOTEL Giulianova\",\"isPartOf\":{\"@id\":\"https:\/\/www.hcristallo.it\/de\/#website\"},\"datePublished\":\"2019-02-25T10:55:29+00:00\",\"dateModified\":\"2020-02-27T16:35:42+00:00\",\"description\":\"Vor dem Meer zu feiern, in einer vertr\u00e4umten Atmosph\u00e4re Hochzeiten, Taufen, Konfirmationen, Kommunionen und auch Veranstaltungen, Gesch\u00e4ftsessen und Abendessen\",\"breadcrumb\":{\"@id\":\"https:\/\/www.hcristallo.it\/de\/saal-festessen-hochzeiten-restaurants-giulianova-italien\/#breadcrumb\"},\"inLanguage\":\"de\",\"potentialAction\":[{\"@type\":\"ReadAction\",\"target\":[\"https:\/\/www.hcristallo.it\/de\/saal-festessen-hochzeiten-restaurants-giulianova-italien\/\"]}]},{\"@type\":\"BreadcrumbList\",\"@id\":\"https:\/\/www.hcristallo.it\/de\/saal-festessen-hochzeiten-restaurants-giulianova-italien\/#breadcrumb\",\"itemListElement\":[{\"@type\":\"ListItem\",\"position\":1,\"name\":\"Home\",\"item\":\"https:\/\/www.hcristallo.it\/de\/\"},{\"@type\":\"ListItem\",\"position\":2,\"name\":\"BANKETTE UND ZEREMONIEN\"}]},{\"@type\":\"WebSite\",\"@id\":\"https:\/\/www.hcristallo.it\/de\/#website\",\"url\":\"https:\/\/www.hcristallo.it\/de\/\",\"name\":\"CRISTALLO HOTEL Giulianova\",\"description\":\"Family e business hotel 4 stelle a Giulianova in Italia\",\"publisher\":{\"@id\":\"https:\/\/www.hcristallo.it\/de\/#organization\"},\"potentialAction\":[{\"@type\":\"SearchAction\",\"target\":{\"@type\":\"EntryPoint\",\"urlTemplate\":\"https:\/\/www.hcristallo.it\/de\/?s={search_term_string}\"},\"query-input\":{\"@type\":\"PropertyValueSpecification\",\"valueRequired\":true,\"valueName\":\"search_term_string\"}}],\"inLanguage\":\"de\"},{\"@type\":\"Organization\",\"@id\":\"https:\/\/www.hcristallo.it\/de\/#organization\",\"name\":\"Hotel Cristallo\",\"url\":\"https:\/\/www.hcristallo.it\/de\/\",\"logo\":{\"@type\":\"ImageObject\",\"inLanguage\":\"de\",\"@id\":\"https:\/\/www.hcristallo.it\/de\/#\/schema\/logo\/image\/\",\"url\":\"https:\/\/www.hcristallo.it\/wp-content\/uploads\/2019\/05\/Logo.png\",\"contentUrl\":\"https:\/\/www.hcristallo.it\/wp-content\/uploads\/2019\/05\/Logo.png\",\"width\":274,\"height\":186,\"caption\":\"Hotel Cristallo\"},\"image\":{\"@id\":\"https:\/\/www.hcristallo.it\/de\/#\/schema\/logo\/image\/\"},\"sameAs\":[\"https:\/\/www.facebook.com\/HotelCristalloGiulianova\/\"]}]}<\/script>\n<!-- \/ Yoast SEO plugin. -->","yoast_head_json":{"title":"Idealer Ort f\u00fcr Bankette und Zeremonien - CRISTALLO HOTEL Giulianova","description":"Vor dem Meer zu feiern, in einer vertr\u00e4umten Atmosph\u00e4re Hochzeiten, Taufen, Konfirmationen, Kommunionen und auch Veranstaltungen, Gesch\u00e4ftsessen und Abendessen","robots":{"index":"index","follow":"follow","max-snippet":"max-snippet:-1","max-image-preview":"max-image-preview:large","max-video-preview":"max-video-preview:-1"},"canonical":"https:\/\/www.hcristallo.it\/de\/saal-festessen-hochzeiten-restaurants-giulianova-italien\/","og_locale":"de_DE","og_type":"article","og_title":"Idealer Ort f\u00fcr Bankette und Zeremonien - CRISTALLO HOTEL Giulianova","og_description":"Vor dem Meer zu feiern, in einer vertr\u00e4umten Atmosph\u00e4re Hochzeiten, Taufen, Konfirmationen, Kommunionen und auch Veranstaltungen, Gesch\u00e4ftsessen und Abendessen","og_url":"https:\/\/www.hcristallo.it\/de\/saal-festessen-hochzeiten-restaurants-giulianova-italien\/","og_site_name":"CRISTALLO HOTEL Giulianova","article_publisher":"https:\/\/www.facebook.com\/HotelCristalloGiulianova\/","article_modified_time":"2020-02-27T16:35:42+00:00","twitter_card":"summary_large_image","twitter_misc":{"Gesch\u00e4tzte Lesezeit":"1\u00a0Minute"},"schema":{"@context":"https:\/\/schema.org","@graph":[{"@type":"WebPage","@id":"https:\/\/www.hcristallo.it\/de\/saal-festessen-hochzeiten-restaurants-giulianova-italien\/","url":"https:\/\/www.hcristallo.it\/de\/saal-festessen-hochzeiten-restaurants-giulianova-italien\/","name":"Idealer Ort f\u00fcr Bankette und Zeremonien - CRISTALLO HOTEL Giulianova","isPartOf":{"@id":"https:\/\/www.hcristallo.it\/de\/#website"},"datePublished":"2019-02-25T10:55:29+00:00","dateModified":"2020-02-27T16:35:42+00:00","description":"Vor dem Meer zu feiern, in einer vertr\u00e4umten Atmosph\u00e4re Hochzeiten, Taufen, Konfirmationen, Kommunionen und auch Veranstaltungen, Gesch\u00e4ftsessen und Abendessen","breadcrumb":{"@id":"https:\/\/www.hcristallo.it\/de\/saal-festessen-hochzeiten-restaurants-giulianova-italien\/#breadcrumb"},"inLanguage":"de","potentialAction":[{"@type":"ReadAction","target":["https:\/\/www.hcristallo.it\/de\/saal-festessen-hochzeiten-restaurants-giulianova-italien\/"]}]},{"@type":"BreadcrumbList","@id":"https:\/\/www.hcristallo.it\/de\/saal-festessen-hochzeiten-restaurants-giulianova-italien\/#breadcrumb","itemListElement":[{"@type":"ListItem","position":1,"name":"Home","item":"https:\/\/www.hcristallo.it\/de\/"},{"@type":"ListItem","position":2,"name":"BANKETTE UND ZEREMONIEN"}]},{"@type":"WebSite","@id":"https:\/\/www.hcristallo.it\/de\/#website","url":"https:\/\/www.hcristallo.it\/de\/","name":"CRISTALLO HOTEL Giulianova","description":"Family e business hotel 4 stelle a Giulianova in Italia","publisher":{"@id":"https:\/\/www.hcristallo.it\/de\/#organization"},"potentialAction":[{"@type":"SearchAction","target":{"@type":"EntryPoint","urlTemplate":"https:\/\/www.hcristallo.it\/de\/?s={search_term_string}"},"query-input":{"@type":"PropertyValueSpecification","valueRequired":true,"valueName":"search_term_string"}}],"inLanguage":"de"},{"@type":"Organization","@id":"https:\/\/www.hcristallo.it\/de\/#organization","name":"Hotel Cristallo","url":"https:\/\/www.hcristallo.it\/de\/","logo":{"@type":"ImageObject","inLanguage":"de","@id":"https:\/\/www.hcristallo.it\/de\/#\/schema\/logo\/image\/","url":"https:\/\/www.hcristallo.it\/wp-content\/uploads\/2019\/05\/Logo.png","contentUrl":"https:\/\/www.hcristallo.it\/wp-content\/uploads\/2019\/05\/Logo.png","width":274,"height":186,"caption":"Hotel Cristallo"},"image":{"@id":"https:\/\/www.hcristallo.it\/de\/#\/schema\/logo\/image\/"},"sameAs":["https:\/\/www.facebook.com\/HotelCristalloGiulianova\/"]}]}},"publishpress_future_action":{"enabled":false,"date":"2026-05-06 14:20:11","action":"change-status","newStatus":"draft","terms":[],"taxonomy":"translation_priority","extraData":[]},"publishpress_future_workflow_manual_trigger":{"enabledWorkflows":[]},"_links":{"self":[{"href":"https:\/\/www.hcristallo.it\/de\/wp-json\/wp\/v2\/pages\/27012","targetHints":{"allow":["GET"]}}],"collection":[{"href":"https:\/\/www.hcristallo.it\/de\/wp-json\/wp\/v2\/pages"}],"about":[{"href":"https:\/\/www.hcristallo.it\/de\/wp-json\/wp\/v2\/types\/page"}],"author":[{"embeddable":true,"href":"https:\/\/www.hcristallo.it\/de\/wp-json\/wp\/v2\/users\/1"}],"replies":[{"embeddable":true,"href":"https:\/\/www.hcristallo.it\/de\/wp-json\/wp\/v2\/comments?post=27012"}],"version-history":[{"count":4,"href":"https:\/\/www.hcristallo.it\/de\/wp-json\/wp\/v2\/pages\/27012\/revisions"}],"predecessor-version":[{"id":27662,"href":"https:\/\/www.hcristallo.it\/de\/wp-json\/wp\/v2\/pages\/27012\/revisions\/27662"}],"wp:attachment":[{"href":"https:\/\/www.hcristallo.it\/de\/wp-json\/wp\/v2\/media?parent=27012"}],"curies":[{"name":"wp","href":"https:\/\/api.w.org\/{rel}","templated":true}]}}