{"id":27029,"date":"2019-03-28T15:13:31","date_gmt":"2019-03-28T14:13:31","guid":{"rendered":"https:\/\/www.hcristallo.it\/policy-e-cancellazioni\/"},"modified":"2023-06-13T15:54:04","modified_gmt":"2023-06-13T13:54:04","slug":"bedingungen-und-storno","status":"publish","type":"page","link":"https:\/\/www.hcristallo.it\/de\/bedingungen-und-storno\/","title":{"rendered":"BEDINGUNGEN UND STORNO"},"content":{"rendered":"<p><section   class=\"fw-main-row-custom fw-main-row-top fw-section-no-padding  fw_theme_bg_fw-custom fw-section-image fw-section-height-custom  fw-section-position-back tf-sh-0427b7c6c59618cbd33a2e564bb5cafc\"  style=\" background-image:url(https:\/\/www.hcristallo.it\/wp-content\/uploads\/2019\/03\/IMG_2836-1-1.jpg); background-repeat: no-repeat; background-position: center top; background-size: cover; height: 460px;\"  >\n\t\t\t<div class=\"fw-container\" >\n\t\t<div class=\"fw-row\">\n\t<div id=\"column-69f5517db27eb\" class=\"fw-col-sm-12 tf-sh-18b8432e0468f1415a3ae419b7822d33  fw-animated-element fw-col-no-padding\" data-animation-type=\"fadeInUp\" data-animation-delay=\"300\">\n\t<div class=\"fw-wrap-col-inner clearfix  \"   >\n\t\t\t\t<div class=\"fw-col-inner\">\n\t\t\t<div class=\"fw-heading fw-heading-center  tf-sh-277ab0ddd26e64a702509b6a58d9f9c2\" >\n\t\t\t<h1 class=\"fw-special-title\">Bedingungen und Storno<\/h1>\n\t\n\t\n\t<\/div>\t\t<\/div>\n\t<\/div>\n<\/div><\/div>\n\n\t<\/div>\n\t<\/section><section   class=\"fw-main-row-custom fw-section-no-padding  auto  fw-section-position-back tf-sh-6b0bc6b88e3f0a1e80b905d6931e6d9b\"    >\n\t\t\t<div class=\"fw-container\" >\n\t\t<div class=\"fw-row\">\n\t<div id=\"column-69f5517db33ef\" class=\"fw-col-sm-12 tf-sh-8a7eae4d295bf8d935cbd26d047c89a1\" >\n\t<div class=\"fw-wrap-col-inner clearfix  \"   >\n\t\t\t\t<div class=\"fw-col-inner\">\n\t\t\t<div class=\"fw-divider-space  fw-custom-space  fw-mobile-hide-element clearfix\" style=\"height:100px;\" ><\/div>\t\t<\/div>\n\t<\/div>\n<\/div><\/div>\n\n<div class=\"fw-row\">\n\t<div id=\"column-69f5517db3c59\" class=\"fw-col-sm-12 tf-sh-fe7083acbd6cfbaa7406b82a6d6b9ea5\" >\n\t<div class=\"fw-wrap-col-inner clearfix  \"   >\n\t\t\t\t<div class=\"fw-col-inner\">\n\t\t\t<div class=\"fw-divider-space  fw-custom-space  clearfix\" style=\"height:20px;\" ><\/div><div class=\"fw-heading fw-heading-left  tf-sh-5a3a3b190b89a2dd22b558d631cafbe0\" >\n\t\t\t<h3 class=\"fw-special-title\">Abz\u00fcge<\/h3>\n\t\n\t\n\t<\/div><div class=\"fw-text-box tf-sh-19da4474372c3af3d6629ad97a37820d \" >\n\t<div class=\"fw-text-inner\">\n\t\t<p>Es gibt keine Abz\u00fcge f\u00fcr nicht eingenommene Mahlzeiten, vorzeitige Abreisen oder versp\u00e4tete Ank\u00fcnfte.<\/p>\n\t<\/div>\n<\/div><div class=\"fw-divider-space  fw-custom-space  fw-mobile-hide-element clearfix\" style=\"height:50px;\" ><\/div><div class=\"fw-heading fw-heading-left  tf-sh-789abd4163e9137830acddb9202365b9\" >\n\t\t\t<h3 class=\"fw-special-title\">Stornierungen<\/h3>\n\t\n\t\n\t<\/div><div class=\"fw-text-box tf-sh-ff325b14213817abbef7fadef31fdf5c \" >\n\t<div class=\"fw-text-inner\">\n\t\t<p>Bei Stornierungen werden unterschiedliche Geb\u00fchren gemessen am Gesamtbetrag des Aufenthalts f\u00e4llig. Weitere Einzelheiten sind im Folgenden angegeben:<\/p>\n<p>- Bis zu 15 Tage vor Anreise: Keine Geb\u00fchr<\/p>\n<p>- Bis zu 7 Tage vor Anreise: 25\u00a0% vom Gesamtbetrag<\/p>\n<p>- Bis zu 3 Tage vor Anreise: 50\u00a0% vom Gesamtbetrag<\/p>\n<p>Alle Stornierungen, die sp\u00e4ter als dem letzten Fall vor der Anreise eingehen oder bei Nichterscheinen, ist der Gast verpflichtet, 100\u00a0% des Gesamtbetrages zu entrichten.<\/p>\n\t<\/div>\n<\/div><div class=\"fw-divider-space  fw-custom-space  fw-mobile-hide-element clearfix\" style=\"height:50px;\" ><\/div><div class=\"fw-heading fw-heading-left  tf-sh-b8670604b3df2ffdcacff4eaa4ef7885\" >\n\t\t\t<h3 class=\"fw-special-title\">Reservierungsbest\u00e4tigung<\/h3>\n\t\n\t\n\t<\/div><div class=\"fw-text-box tf-sh-258c58b755e189c36f257e2f0dc4a8e9 \" >\n\t<div class=\"fw-text-inner\">\n\t\t<p>F\u00fcr die Buchung ist eine AnzaHalung in H\u00f6he von 30% des Aufenthalts erfragt und auch eine obligatorische Kreditkartengarantie.<\/p>\n<p>BeiKurzaufenthalten oder in Bed &amp; Breakfast ist eine Grantiekreditkarte erforderlich, von der nach Best\u00e4tigung ein mit der Gesch\u00e4ftsleitung vereinbarter Betrag bzw. der gesamte Betrag bei \u201cnicht erstattungsf\u00e4higen Tarifen\u201d abgebucht wird.<\/p>\n\t<\/div>\n<\/div>\t\t<\/div>\n\t<\/div>\n<\/div><\/div>\n\n\t<\/div>\n\t<\/section><section   class=\"fw-main-row  auto  fw-section-position-back\"    >\n\t\t\t<div class=\"fw-container\" >\n\t\t<div class=\"fw-row\">\n\t<div id=\"column-69f5517db5de0\" class=\"fw-col-sm-12 tf-sh-60c471a1100411dc2c57e8477693df5d\" >\n\t<div class=\"fw-wrap-col-inner clearfix  \"   >\n\t\t\t\t<div class=\"fw-col-inner\">\n\t\t\t<div class=\"text-center\">\t<a href=\"https:\/\/www.hcristallo.it\/de\/reservierung-hotel-giulianova-adria\/\" target=\"_blank\" class=\"fw-btn tf-sh-e5d841fd02761bd0d9da91565608e550  fw-btn-lg   fw-animated-element fw-btn-1\"  data-animation-type=\"fadeInUp\" data-animation-delay=\"500\" style=\"\">\n\t\t<span >\n\t\t\tINFORMATIONEN ANFORDERN\t\t<\/span>\n\t<\/a>\n<\/div>\t\t<\/div>\n\t<\/div>\n<\/div><\/div>\n\n\t<\/div>\n\t<\/section><\/p>\n","protected":false},"excerpt":{"rendered":"<p>Bedingungen und Storno Abz\u00fcge Es gibt keine Abz\u00fcge f\u00fcr nicht eingenommene Mahlzeiten, vorzeitige Abreisen oder versp\u00e4tete Ank\u00fcnfte. Stornierungen Bei Stornierungen werden unterschiedliche Geb\u00fchren gemessen am Gesamtbetrag des Aufenthalts f\u00e4llig. Weitere Einzelheiten sind im Folgenden angegeben: &#8211; Bis zu 15 Tage vor Anreise: Keine Geb\u00fchr &#8211; Bis zu 7 Tage vor Anreise: 25\u00a0% vom Gesamtbetrag &#8211; [&hellip;]<\/p>\n","protected":false},"author":1,"featured_media":0,"parent":0,"menu_order":0,"comment_status":"closed","ping_status":"closed","template":"visual-builder-template.php","meta":{"footnotes":""},"class_list":["post-27029","page","type-page","status-publish","hentry"],"yoast_head":"<!-- This site is optimized with the Yoast SEO plugin v26.9 - https:\/\/yoast.com\/product\/yoast-seo-wordpress\/ -->\n<title>BEDINGUNGEN UND STORNO - CRISTALLO HOTEL Giulianova<\/title>\n<meta name=\"robots\" content=\"index, follow, max-snippet:-1, max-image-preview:large, max-video-preview:-1\" \/>\n<link rel=\"canonical\" href=\"https:\/\/www.hcristallo.it\/de\/bedingungen-und-storno\/\" \/>\n<meta property=\"og:locale\" content=\"de_DE\" \/>\n<meta property=\"og:type\" content=\"article\" \/>\n<meta property=\"og:title\" content=\"BEDINGUNGEN UND STORNO - CRISTALLO HOTEL Giulianova\" \/>\n<meta property=\"og:description\" content=\"Bedingungen und Storno Abz\u00fcge Es gibt keine Abz\u00fcge f\u00fcr nicht eingenommene Mahlzeiten, vorzeitige Abreisen oder versp\u00e4tete Ank\u00fcnfte. Stornierungen Bei Stornierungen werden unterschiedliche Geb\u00fchren gemessen am Gesamtbetrag des Aufenthalts f\u00e4llig. Weitere Einzelheiten sind im Folgenden angegeben: - Bis zu 15 Tage vor Anreise: Keine Geb\u00fchr - Bis zu 7 Tage vor Anreise: 25\u00a0% vom Gesamtbetrag - [&hellip;]\" \/>\n<meta property=\"og:url\" content=\"https:\/\/www.hcristallo.it\/de\/bedingungen-und-storno\/\" \/>\n<meta property=\"og:site_name\" content=\"CRISTALLO HOTEL Giulianova\" \/>\n<meta property=\"article:publisher\" content=\"https:\/\/www.facebook.com\/HotelCristalloGiulianova\/\" \/>\n<meta property=\"article:modified_time\" content=\"2023-06-13T13:54:04+00:00\" \/>\n<meta name=\"twitter:card\" content=\"summary_large_image\" \/>\n<meta name=\"twitter:label1\" content=\"Gesch\u00e4tzte Lesezeit\" \/>\n\t<meta name=\"twitter:data1\" content=\"1\u00a0Minute\" \/>\n<script type=\"application\/ld+json\" class=\"yoast-schema-graph\">{\"@context\":\"https:\/\/schema.org\",\"@graph\":[{\"@type\":\"WebPage\",\"@id\":\"https:\/\/www.hcristallo.it\/de\/bedingungen-und-storno\/\",\"url\":\"https:\/\/www.hcristallo.it\/de\/bedingungen-und-storno\/\",\"name\":\"BEDINGUNGEN UND STORNO - CRISTALLO HOTEL Giulianova\",\"isPartOf\":{\"@id\":\"https:\/\/www.hcristallo.it\/de\/#website\"},\"datePublished\":\"2019-03-28T14:13:31+00:00\",\"dateModified\":\"2023-06-13T13:54:04+00:00\",\"breadcrumb\":{\"@id\":\"https:\/\/www.hcristallo.it\/de\/bedingungen-und-storno\/#breadcrumb\"},\"inLanguage\":\"de\",\"potentialAction\":[{\"@type\":\"ReadAction\",\"target\":[\"https:\/\/www.hcristallo.it\/de\/bedingungen-und-storno\/\"]}]},{\"@type\":\"BreadcrumbList\",\"@id\":\"https:\/\/www.hcristallo.it\/de\/bedingungen-und-storno\/#breadcrumb\",\"itemListElement\":[{\"@type\":\"ListItem\",\"position\":1,\"name\":\"Home\",\"item\":\"https:\/\/www.hcristallo.it\/de\/\"},{\"@type\":\"ListItem\",\"position\":2,\"name\":\"BEDINGUNGEN UND STORNO\"}]},{\"@type\":\"WebSite\",\"@id\":\"https:\/\/www.hcristallo.it\/de\/#website\",\"url\":\"https:\/\/www.hcristallo.it\/de\/\",\"name\":\"CRISTALLO HOTEL Giulianova\",\"description\":\"Family e business hotel 4 stelle a Giulianova in Italia\",\"publisher\":{\"@id\":\"https:\/\/www.hcristallo.it\/de\/#organization\"},\"potentialAction\":[{\"@type\":\"SearchAction\",\"target\":{\"@type\":\"EntryPoint\",\"urlTemplate\":\"https:\/\/www.hcristallo.it\/de\/?s={search_term_string}\"},\"query-input\":{\"@type\":\"PropertyValueSpecification\",\"valueRequired\":true,\"valueName\":\"search_term_string\"}}],\"inLanguage\":\"de\"},{\"@type\":\"Organization\",\"@id\":\"https:\/\/www.hcristallo.it\/de\/#organization\",\"name\":\"Hotel Cristallo\",\"url\":\"https:\/\/www.hcristallo.it\/de\/\",\"logo\":{\"@type\":\"ImageObject\",\"inLanguage\":\"de\",\"@id\":\"https:\/\/www.hcristallo.it\/de\/#\/schema\/logo\/image\/\",\"url\":\"https:\/\/www.hcristallo.it\/wp-content\/uploads\/2019\/05\/Logo.png\",\"contentUrl\":\"https:\/\/www.hcristallo.it\/wp-content\/uploads\/2019\/05\/Logo.png\",\"width\":274,\"height\":186,\"caption\":\"Hotel Cristallo\"},\"image\":{\"@id\":\"https:\/\/www.hcristallo.it\/de\/#\/schema\/logo\/image\/\"},\"sameAs\":[\"https:\/\/www.facebook.com\/HotelCristalloGiulianova\/\"]}]}<\/script>\n<!-- \/ Yoast SEO plugin. -->","yoast_head_json":{"title":"BEDINGUNGEN UND STORNO - CRISTALLO HOTEL Giulianova","robots":{"index":"index","follow":"follow","max-snippet":"max-snippet:-1","max-image-preview":"max-image-preview:large","max-video-preview":"max-video-preview:-1"},"canonical":"https:\/\/www.hcristallo.it\/de\/bedingungen-und-storno\/","og_locale":"de_DE","og_type":"article","og_title":"BEDINGUNGEN UND STORNO - CRISTALLO HOTEL Giulianova","og_description":"Bedingungen und Storno Abz\u00fcge Es gibt keine Abz\u00fcge f\u00fcr nicht eingenommene Mahlzeiten, vorzeitige Abreisen oder versp\u00e4tete Ank\u00fcnfte. Stornierungen Bei Stornierungen werden unterschiedliche Geb\u00fchren gemessen am Gesamtbetrag des Aufenthalts f\u00e4llig. Weitere Einzelheiten sind im Folgenden angegeben: - Bis zu 15 Tage vor Anreise: Keine Geb\u00fchr - Bis zu 7 Tage vor Anreise: 25\u00a0% vom Gesamtbetrag - [&hellip;]","og_url":"https:\/\/www.hcristallo.it\/de\/bedingungen-und-storno\/","og_site_name":"CRISTALLO HOTEL Giulianova","article_publisher":"https:\/\/www.facebook.com\/HotelCristalloGiulianova\/","article_modified_time":"2023-06-13T13:54:04+00:00","twitter_card":"summary_large_image","twitter_misc":{"Gesch\u00e4tzte Lesezeit":"1\u00a0Minute"},"schema":{"@context":"https:\/\/schema.org","@graph":[{"@type":"WebPage","@id":"https:\/\/www.hcristallo.it\/de\/bedingungen-und-storno\/","url":"https:\/\/www.hcristallo.it\/de\/bedingungen-und-storno\/","name":"BEDINGUNGEN UND STORNO - CRISTALLO HOTEL Giulianova","isPartOf":{"@id":"https:\/\/www.hcristallo.it\/de\/#website"},"datePublished":"2019-03-28T14:13:31+00:00","dateModified":"2023-06-13T13:54:04+00:00","breadcrumb":{"@id":"https:\/\/www.hcristallo.it\/de\/bedingungen-und-storno\/#breadcrumb"},"inLanguage":"de","potentialAction":[{"@type":"ReadAction","target":["https:\/\/www.hcristallo.it\/de\/bedingungen-und-storno\/"]}]},{"@type":"BreadcrumbList","@id":"https:\/\/www.hcristallo.it\/de\/bedingungen-und-storno\/#breadcrumb","itemListElement":[{"@type":"ListItem","position":1,"name":"Home","item":"https:\/\/www.hcristallo.it\/de\/"},{"@type":"ListItem","position":2,"name":"BEDINGUNGEN UND STORNO"}]},{"@type":"WebSite","@id":"https:\/\/www.hcristallo.it\/de\/#website","url":"https:\/\/www.hcristallo.it\/de\/","name":"CRISTALLO HOTEL Giulianova","description":"Family e business hotel 4 stelle a Giulianova in Italia","publisher":{"@id":"https:\/\/www.hcristallo.it\/de\/#organization"},"potentialAction":[{"@type":"SearchAction","target":{"@type":"EntryPoint","urlTemplate":"https:\/\/www.hcristallo.it\/de\/?s={search_term_string}"},"query-input":{"@type":"PropertyValueSpecification","valueRequired":true,"valueName":"search_term_string"}}],"inLanguage":"de"},{"@type":"Organization","@id":"https:\/\/www.hcristallo.it\/de\/#organization","name":"Hotel Cristallo","url":"https:\/\/www.hcristallo.it\/de\/","logo":{"@type":"ImageObject","inLanguage":"de","@id":"https:\/\/www.hcristallo.it\/de\/#\/schema\/logo\/image\/","url":"https:\/\/www.hcristallo.it\/wp-content\/uploads\/2019\/05\/Logo.png","contentUrl":"https:\/\/www.hcristallo.it\/wp-content\/uploads\/2019\/05\/Logo.png","width":274,"height":186,"caption":"Hotel Cristallo"},"image":{"@id":"https:\/\/www.hcristallo.it\/de\/#\/schema\/logo\/image\/"},"sameAs":["https:\/\/www.facebook.com\/HotelCristalloGiulianova\/"]}]}},"publishpress_future_action":{"enabled":false,"date":"2026-05-09 03:21:01","action":"change-status","newStatus":"draft","terms":[],"taxonomy":"translation_priority","extraData":[]},"publishpress_future_workflow_manual_trigger":{"enabledWorkflows":[]},"_links":{"self":[{"href":"https:\/\/www.hcristallo.it\/de\/wp-json\/wp\/v2\/pages\/27029","targetHints":{"allow":["GET"]}}],"collection":[{"href":"https:\/\/www.hcristallo.it\/de\/wp-json\/wp\/v2\/pages"}],"about":[{"href":"https:\/\/www.hcristallo.it\/de\/wp-json\/wp\/v2\/types\/page"}],"author":[{"embeddable":true,"href":"https:\/\/www.hcristallo.it\/de\/wp-json\/wp\/v2\/users\/1"}],"replies":[{"embeddable":true,"href":"https:\/\/www.hcristallo.it\/de\/wp-json\/wp\/v2\/comments?post=27029"}],"version-history":[{"count":4,"href":"https:\/\/www.hcristallo.it\/de\/wp-json\/wp\/v2\/pages\/27029\/revisions"}],"predecessor-version":[{"id":35665,"href":"https:\/\/www.hcristallo.it\/de\/wp-json\/wp\/v2\/pages\/27029\/revisions\/35665"}],"wp:attachment":[{"href":"https:\/\/www.hcristallo.it\/de\/wp-json\/wp\/v2\/media?parent=27029"}],"curies":[{"name":"wp","href":"https:\/\/api.w.org\/{rel}","templated":true}]}}