{"id":35450,"date":"2022-05-24T10:21:34","date_gmt":"2022-05-24T08:21:34","guid":{"rendered":"https:\/\/www.hcristallo.it\/innovazioni-e-novita-ristrutturazioni-e-nuovi-servizi\/"},"modified":"2026-03-03T12:04:39","modified_gmt":"2026-03-03T11:04:39","slug":"innovationen-und-neuigkeiten-renovierungen-und-neue-dienstleistungen","status":"publish","type":"page","link":"https:\/\/www.hcristallo.it\/de\/innovationen-und-neuigkeiten-renovierungen-und-neue-dienstleistungen\/","title":{"rendered":"GROSSE NEUERUNGEN"},"content":{"rendered":"<p><section   class=\"fw-main-row-custom fw-main-row-top fw-section-no-padding  fw_theme_bg_fw-custom fw-section-image fw-section-height-custom  fw-section-position-back tf-sh-0427b7c6c59618cbd33a2e564bb5cafc\"  style=\" background-image:url(https:\/\/www.hcristallo.it\/wp-content\/uploads\/2026\/03\/HC_header-piscina-parco_1920x775.jpg); background-repeat: no-repeat; background-position: center top; background-size: auto; height: 560px;\"  >\n\t\t\t<div class=\"fw-container\" >\n\t\t<div class=\"fw-row\">\n\t<div id=\"column-69f37ab3e91d0\" class=\"fw-col-sm-12 tf-sh-18b8432e0468f1415a3ae419b7822d33  fw-animated-element fw-col-no-padding\" data-animation-type=\"fadeInUp\" data-animation-delay=\"300\">\n\t<div class=\"fw-wrap-col-inner clearfix  \"   >\n\t\t\t\t<div class=\"fw-col-inner\">\n\t\t\t<div class=\"fw-heading fw-heading-center  fw-heading-with-subtitle tf-sh-277ab0ddd26e64a702509b6a58d9f9c2\" >\n\t\t\t<h1 class=\"fw-special-title\">Gro\u00dfe Neuigkeiten<\/h1>\n\t\n\t\n\t\t\t<div class=\"fw-special-subtitle\">Unsere Zukunft f\u00fcr Sie<\/div>\n\t<\/div>\t\t<\/div>\n\t<\/div>\n<\/div><\/div>\n\n\t<\/div>\n\t<\/section><section   class=\"fw-main-row-custom fw-section-no-padding  auto  fw-section-position-back tf-sh-350ea997bc7f8a4269fda430c8751858 quick-reservation-section\"    >\n\t\t\t<div class=\"fw-container\" >\n\t\t<div class=\"fw-row\">\n\t<div id=\"column-69f37ab3ea174\" class=\"fw-col-sm-12 fw-col-md-12 tf-sh-add4e13e6777830d37d9c4e53a02ff89 quick-reservation\" >\n\t<div class=\"fw-wrap-col-inner clearfix  \"   >\n\t\t\t\t<div class=\"fw-col-inner\">\n\t\t\t<div class=\"fw-raw-code \">\n\t\n\t\t\t<script type=\"text\/javascript\">\n\t\t\t(function (i, s, o, g, r, a, m) {\n\t\t\ti['SBSyncroBoxParam'] = r; i[r] = i[r] || function () {\n\t\t\t(i[r].q = i[r].q || []).push(arguments)\n\t\t\t}, i[r].l = 1 * new Date(); a = s.createElement(o),\n\t\t\tm = s.getElementsByTagName(o)[0]; a.async = 1; a.src = g; m.parentNode.insertBefore(a, m)\n\t\t\t})(window, document, 'script', 'https:\/\/cdn.simplebooking.it\/search-box-script.axd?IDA=9622','SBSyncroBox');\n\n\t\t\tSBSyncroBox({\n\t\t\tCodLang: 'DE',\n\t\t\tStyles: {\n\t\t\tFontFamily: 'Lato, OpenSans, sans-serif',\n\t\t\tTheme: \"dark\",\n\t\t\tCustomColor: \"#f6f3ef\", \/\/primary color ex. #CDEFDD\n\t\t\tCustomBGColor: \"#93a8c9\", \/\/background color\n\t\t\tCustomLabelColor: \"#f6f3ef\", \/\/labels color\n\t\t\tCustomWidgetColor: \"#f6f3ef\", \/\/popovers text color\n\t\t\tCustomWidgetBGColor: \"#7486a3\",\n\t\t\tCustomWidgetElementHoverColor: \"#000\",\n\t\t\tCustomWidgetElementHoverBGColor: \"#000\",\n\t\t\tCustomBoxShadowColor: \"#f6f3ef\",\n\t\t\tCustomBoxShadowColorHover: \"#f6f3ef\",\n\t\t\tCustomIntentSelectionColor: \"#f6f3ef\",\n\t\t\tCustomIntentSelectionDaysBGColor : \"#f6f3ef\",\n\t\t\tCustomLabelHoverColor: \"#000\",\/\/f0f0f0\n\t\t\tCustomButtonColor: \"#5b7079\",\n\t\t\tCustomButtonBGColor: \"#ffffff\", \/\/db4807\n\t\t\tCustomButtonHoverBGColor: \"#f6f3ef\",\n\t\t\tCustomIconColor: \"#ffffff\",\/\/f0f0f0\n\t\t\tCustomLinkColor: \"#f6f3ef\",\n\t\t\tCustomBoxShadowColorFocus: \"#f6f3ef\",\/\/f0f0f0\n\t\t\tCustomAddRoomBoxShadowColor: \"#000\",\/\/f0f0f0\n\t\t\tCustomAccentColor : \"#f6f3ef\",\n\t\t\tCustomBGColor: \"#93a8c9\",\/\/f0f0f0\n\t\t\tCustomFieldBackgroundColor: \"#7486a3\",\n\t\t\tCustomSelectedDaysColor: \"#000\",\n\t\t\tCustomCalendarBackgroundColor: \"#7486a3\"\n\t\t\t}\n\t\t\t});\n\t\t\t<\/script>\n\t\t\t<div id=\"sb-container\"><\/div>\n\t\t\t<\/div>\t\t<\/div>\n\t<\/div>\n<\/div><\/div>\n\n\t<\/div>\n\t<\/section><section   class=\"fw-main-row-custom fw-section-no-padding  auto  fw-section-position-back tf-sh-2a24729400113cf7c2ac056d488aacd5\"    >\n\t\t\t<div class=\"fw-container\" >\n\t\t<div class=\"fw-row\">\n\t<div id=\"column-69f37ab3eaf9f\" class=\"fw-col-sm-12 tf-sh-3577f77f733188f01f6858a5183142de\" >\n\t<div class=\"fw-wrap-col-inner clearfix  \"   >\n\t\t\t\t<div class=\"fw-col-inner\">\n\t\t\t<div class=\"fw-divider-space  fw-custom-space  fw-mobile-hide-element clearfix\" style=\"height:110px;\" ><\/div>\t\t<\/div>\n\t<\/div>\n<\/div><\/div>\n\n<div class=\"fw-row\">\n\t<div id=\"column-69f37ab3eba57\" class=\"fw-col-sm-9 fw-col-md-12 tf-sh-d1d36f8dab7256bb289fc324e2654c2c sinistra fw-animated-element\" data-animation-type=\"fadeInUp\" data-animation-delay=\"300\">\n\t<div class=\"fw-wrap-col-inner clearfix  \"   >\n\t\t\t\t<div class=\"fw-col-inner\">\n\t\t\t<div class=\"fw-heading fw-heading-left  fw-heading-with-subtitle tf-sh-ade10b06772013677f84c060bd4304b9\" >\n\t\t\t<h4 class=\"fw-special-title\">Im Jahr 2026 begr\u00fc\u00dfen wir Sie in einer neuen Dimension der Eleganz: exklusives Spa, Swimmingpool im Park, raffinierte Zimmer und Serviceleistungen, die jeden Ihrer Aufenthalte zu einem unvergesslichen Erlebnis machen.<\/h4>\n\t\n\t\n\t\t\t<div class=\"fw-special-subtitle\">Die Arbeiten sind im Gange. Die Verf\u00fcgbarkeit der Dienstleistungen f\u00fcr die Sommersaison wird in K\u00fcrze best\u00e4tigt.<\/div>\n\t<\/div><div class=\"fw-divider-space  fw-custom-space  clearfix\" style=\"height:100px;\" ><\/div>\t\t<\/div>\n\t<\/div>\n<\/div><\/div>\n\n\t<\/div>\n\t<\/section><section   class=\"fw-main-row-custom fw-section-no-padding  auto  fw-section-position-back tf-sh-ab92656868cc9c71ef09e446399b9638 destra\"  style=\" background-color:#e8e8e8;\"  >\n\t\t\t<div class=\"fw-container-fluid\" >\n\t\t<div class=\"fw-row\">\n\t<div id=\"column-69f37ab3ecb0a\" class=\"fw-col-sm-12 fw-col-md-6 tf-sh-d998146fd8390b2ca885f1281f8c6e82  fw-col-no-padding\" >\n\t<div class=\"fw-wrap-col-inner clearfix   fw-column-height-custom\" style=\"height: 500px;\"  >\n\t\t\t\t<div class=\"fw-col-inner\">\n\t\t\t\t\t<\/div>\n\t<\/div>\n<\/div><div id=\"column-69f37ab3ece09\" class=\"fw-col-sm-12 fw-col-md-6 tf-sh-a63f715448fab47ecece44d1ebb4e6ff destra\" >\n\t<div class=\"fw-wrap-col-inner clearfix  \"   >\n\t\t\t\t<div class=\"fw-col-inner\">\n\t\t\t<div class=\"fw-heading fw-heading-left  fw-animated-element tf-sh-f0b4244f9a6976183e63cdb9e550e44b\"  data-animation-type=\"fadeInUp\" data-animation-delay=\"300\">\n\t\t\t<h2 class=\"fw-special-title\">Unsere Entwicklung hin zu Exzellenz<\/h2>\n\t\n\t\n\t<\/div><div class=\"fw-divider-space  fw-custom-space  clearfix\" style=\"height:15px;\" ><\/div><div class=\"fw-text-box tf-sh-a69564321ae0f14d917305a7366a0191  fw-animated-element\"  data-animation-type=\"fadeInUp\" data-animation-delay=\"500\">\n\t<div class=\"fw-text-inner\">\n\t\t<p class=\"p1\">Wir schlagen ein neues Kapitel unserer Geschichte auf. Wir haben stets an Verbesserungen gearbeitet, Ihre W\u00fcnsche ber\u00fccksichtigt und Ihre Bed\u00fcrfnisse vorausgesehen. Die Serviceleistungen, die wir im Laufe des Jahres 2026 einf\u00fchren werden, stehen f\u00fcr unser Engagement f\u00fcr immer h\u00f6here Standards: Ein Spa, ein Pool, exklusive <span class=\"s1\">Zimmer<\/span>, ein neues Restaurant und private Parkpl\u00e4tze werden das Erlebnis, das wir Ihnen an der Adriak\u00fcste bieten m\u00f6chten, neu definieren.<\/p>\n\t<\/div>\n<\/div><div class=\"fw-divider-space  fw-custom-space  clearfix\" style=\"height:30px;\" ><\/div>\t\t<\/div>\n\t<\/div>\n<\/div><\/div>\n\n\t<\/div>\n\t<\/section><section   class=\"fw-main-row-custom fw-section-no-padding  auto  fw-section-position-back tf-sh-2dfbfe5d8860d8806f69babc332330c6 sinistra\"  style=\" background-color:#e8e8e8;\"  >\n\t\t\t<div class=\"fw-container-fluid\" >\n\t\t<div class=\"fw-row\">\n\t<div id=\"column-69f37ab3ee651\" class=\"fw-col-sm-12 fw-col-md-6 tf-sh-b6d8ee42285784e344b3b7374e6dbff2 sinistra\" >\n\t<div class=\"fw-wrap-col-inner clearfix  \"   >\n\t\t\t\t<div class=\"fw-col-inner\">\n\t\t\t<div class=\"fw-heading fw-heading-left  fw-animated-element tf-sh-f00202d52f26f5cbe576429890a43e2e\"  data-animation-type=\"fadeInUp\" data-animation-delay=\"300\">\n\t\t\t<h2 class=\"fw-special-title\">Unser Spa: Ihr Wohlbefinden<\/h2>\n\t\n\t\n\t<\/div><div class=\"fw-divider-space  fw-custom-space  clearfix\" style=\"height:15px;\" ><\/div><div class=\"fw-text-box tf-sh-521ec92123e809cde6fd28b52ae4c65a  fw-animated-element\"  data-animation-type=\"fadeInUp\" data-animation-delay=\"500\">\n\t<div class=\"fw-text-inner\">\n\t\t<p class=\"p1\">Wir haben den Spa-Bereich so gestaltet, dass er Ihnen erholsame und harmonische Erlebnisse bietet. Eine finnische Sauna, Erlebnisduschen, ein t\u00fcrkisches Bad und eine Schneedusche erwarten Sie f\u00fcr Ihr Wohlbefinden. In den Massager\u00e4umen k\u00f6nnen Sie sich mit exklusiven Behandlungen verw\u00f6hnen lassen. Jedes Detail ist auf Ihr Wohlbefinden ausgerichtet, egal ob Sie vom Strand oder von einem Arbeitstag zur\u00fcckkehren.<\/p>\n\t<\/div>\n<\/div><div class=\"fw-divider-space  fw-custom-space  clearfix\" style=\"height:30px;\" ><\/div>\t\t<\/div>\n\t<\/div>\n<\/div><div id=\"column-69f37ab3ef4d1\" class=\"fw-col-sm-12 fw-col-md-6 tf-sh-29769428d8eafc670cd89d15b3d54bf8  fw-col-no-padding\" >\n\t<div class=\"fw-wrap-col-inner clearfix   fw-column-height-custom\" style=\"height: 500px;\"  >\n\t\t\t\t<div class=\"fw-col-inner\">\n\t\t\t\t\t<\/div>\n\t<\/div>\n<\/div><\/div>\n\n\t<\/div>\n\t<\/section><section   class=\"fw-main-row-custom fw-section-no-padding  auto  fw-section-position-back tf-sh-e6558c2f420cbed95d9480cecaf67768 destra\"  style=\" background-color:#e8e8e8;\"  >\n\t\t\t<div class=\"fw-container-fluid\" >\n\t\t<div class=\"fw-row\">\n\t<div id=\"column-69f37ab3efe13\" class=\"fw-col-sm-12 fw-col-md-6 tf-sh-0d5e268ee72906a5dce49a143fc2d5a8  fw-col-no-padding\" >\n\t<div class=\"fw-wrap-col-inner clearfix   fw-column-height-custom\" style=\"height: 500px;\"  >\n\t\t\t\t<div class=\"fw-col-inner\">\n\t\t\t\t\t<\/div>\n\t<\/div>\n<\/div><div id=\"column-69f37ab3f010d\" class=\"fw-col-sm-12 fw-col-md-6 tf-sh-f5ab7060b31937c79a84da037b9b16be destra\" >\n\t<div class=\"fw-wrap-col-inner clearfix  \"   >\n\t\t\t\t<div class=\"fw-col-inner\">\n\t\t\t<div class=\"fw-heading fw-heading-left  fw-animated-element tf-sh-fbfb35bb080dd5d836a84513f9bf5585\"  data-animation-type=\"fadeInUp\" data-animation-delay=\"300\">\n\t\t\t<h2 class=\"fw-special-title\">Schwimmbad, Restaurant und exklusive Bereiche<\/h2>\n\t\n\t\n\t<\/div><div class=\"fw-divider-space  fw-custom-space  clearfix\" style=\"height:15px;\" ><\/div><div class=\"fw-text-box tf-sh-2875fe5d0c17c2951a65385f1bbd0eeb  fw-animated-element\"  data-animation-type=\"fadeInUp\" data-animation-delay=\"500\">\n\t<div class=\"fw-text-inner\">\n\t\t<p class=\"p1\">Der Pool in unserem Park bietet Ihnen dank der Poolbar Momente purer Entspannung. Das renovierte Restaurant wird Sie weiterhin mit Ihren Lieblingsgerichten begeistern . Neue Konferenzr\u00e4ume stehen Gesch\u00e4ftsreisenden zur Verf\u00fcgung, w\u00e4hrend die <span class=\"s1\">eleganten Villen <\/span>absolute Privatsph\u00e4re garantieren. Ein umz\u00e4unter Parkplatz rundet das Serviceangebot ab, das Ihren Hotelaufenthalt zu einem unvergesslichen Erlebnis macht.<\/p>\n\t<\/div>\n<\/div><div class=\"fw-divider-space  fw-custom-space  clearfix\" style=\"height:30px;\" ><\/div>\t\t<\/div>\n\t<\/div>\n<\/div><\/div>\n\n\t<\/div>\n\t<\/section><section   class=\"fw-main-row  auto  fw-section-position-back\"    >\n\t\t\t<div class=\"fw-container\" >\n\t\t<div class=\"fw-row\">\n\t<div id=\"column-69f37ab3f170d\" class=\"fw-col-sm-12 fw-mobile-hide-element tf-sh-90ef5df75421126a4d0cb9e092d90600\" >\n\t<div class=\"fw-wrap-col-inner clearfix  \"   >\n\t\t\t\t<div class=\"fw-col-inner\">\n\t\t\t<div class=\"text-center\">\t<a href=\" https:\/\/booking.ericsoft.com\/BookingEngine\/Book?idh=97DA23E3F75734B6&amp;lang=it&amp;cur=EUR&amp;pax=2_0_0&amp;acmp=RT0\" target=\"_blank\" class=\"fw-btn tf-sh-cb5f6e548fa690f8cdff5df2d2900c19  fw-btn-lg   fw-animated-element fw-btn-1\"  data-animation-type=\"fadeInUp\" data-animation-delay=\"500\" style=\"\">\n\t\t<span >\n\t\t\tVERIFICA DISPONIBILITA'\t\t<\/span>\n\t<\/a>\n<\/div>\t\t<\/div>\n\t<\/div>\n<\/div><\/div>\n\n\t<\/div>\n\t<\/section><\/p>\n","protected":false},"excerpt":{"rendered":"<p>Gro\u00dfe Neuigkeiten Unsere Zukunft f\u00fcr Sie Im Jahr 2026 begr\u00fc\u00dfen wir Sie in einer neuen Dimension der Eleganz: exklusives Spa, Swimmingpool im Park, raffinierte Zimmer und Serviceleistungen, die jeden Ihrer Aufenthalte zu einem unvergesslichen Erlebnis machen. Die Arbeiten sind im Gange. Die Verf\u00fcgbarkeit der Dienstleistungen f\u00fcr die Sommersaison wird in K\u00fcrze best\u00e4tigt. Unsere Entwicklung hin [&hellip;]<\/p>\n","protected":false},"author":1,"featured_media":40042,"parent":0,"menu_order":0,"comment_status":"closed","ping_status":"closed","template":"visual-builder-template.php","meta":{"footnotes":""},"class_list":["post-35450","page","type-page","status-publish","has-post-thumbnail","hentry"],"yoast_head":"<!-- This site is optimized with the Yoast SEO plugin v26.9 - https:\/\/yoast.com\/product\/yoast-seo-wordpress\/ -->\n<title>GROSSE NEUERUNGEN - CRISTALLO HOTEL Giulianova - Italy<\/title>\n<meta name=\"description\" content=\"Eine gro\u00dfartige Saison der Innovationen hat begonnen, im Einklang mit der Vision der kontinuierlichen Erneuerung, die unsere Geschichte auszeichnet\" \/>\n<meta name=\"robots\" content=\"index, follow, max-snippet:-1, max-image-preview:large, max-video-preview:-1\" \/>\n<link rel=\"canonical\" href=\"https:\/\/www.hcristallo.it\/de\/innovationen-und-neuigkeiten-renovierungen-und-neue-dienstleistungen\/\" \/>\n<meta property=\"og:locale\" content=\"de_DE\" \/>\n<meta property=\"og:type\" content=\"article\" \/>\n<meta property=\"og:title\" content=\"GROSSE NEUERUNGEN - CRISTALLO HOTEL Giulianova - Italy\" \/>\n<meta property=\"og:description\" content=\"Eine gro\u00dfartige Saison der Innovationen hat begonnen, im Einklang mit der Vision der kontinuierlichen Erneuerung, die unsere Geschichte auszeichnet\" \/>\n<meta property=\"og:url\" content=\"https:\/\/www.hcristallo.it\/de\/innovationen-und-neuigkeiten-renovierungen-und-neue-dienstleistungen\/\" \/>\n<meta property=\"og:site_name\" content=\"CRISTALLO HOTEL Giulianova\" \/>\n<meta property=\"article:publisher\" content=\"https:\/\/www.facebook.com\/HotelCristalloGiulianova\/\" \/>\n<meta property=\"article:modified_time\" content=\"2026-03-03T11:04:39+00:00\" \/>\n<meta property=\"og:image\" content=\"https:\/\/www.hcristallo.it\/wp-content\/uploads\/2025\/11\/HC_header-novita-generale-piscina-parco_1920x775.jpg\" \/>\n\t<meta property=\"og:image:width\" content=\"1920\" \/>\n\t<meta property=\"og:image:height\" content=\"775\" \/>\n\t<meta property=\"og:image:type\" content=\"image\/jpeg\" \/>\n<meta name=\"twitter:card\" content=\"summary_large_image\" \/>\n<meta name=\"twitter:label1\" content=\"Gesch\u00e4tzte Lesezeit\" \/>\n\t<meta name=\"twitter:data1\" content=\"2\u00a0Minuten\" \/>\n<script type=\"application\/ld+json\" class=\"yoast-schema-graph\">{\"@context\":\"https:\/\/schema.org\",\"@graph\":[{\"@type\":\"WebPage\",\"@id\":\"https:\/\/www.hcristallo.it\/de\/innovationen-und-neuigkeiten-renovierungen-und-neue-dienstleistungen\/\",\"url\":\"https:\/\/www.hcristallo.it\/de\/innovationen-und-neuigkeiten-renovierungen-und-neue-dienstleistungen\/\",\"name\":\"GROSSE NEUERUNGEN - CRISTALLO HOTEL Giulianova - Italy\",\"isPartOf\":{\"@id\":\"https:\/\/www.hcristallo.it\/de\/#website\"},\"primaryImageOfPage\":{\"@id\":\"https:\/\/www.hcristallo.it\/de\/innovationen-und-neuigkeiten-renovierungen-und-neue-dienstleistungen\/#primaryimage\"},\"image\":{\"@id\":\"https:\/\/www.hcristallo.it\/de\/innovationen-und-neuigkeiten-renovierungen-und-neue-dienstleistungen\/#primaryimage\"},\"thumbnailUrl\":\"https:\/\/www.hcristallo.it\/wp-content\/uploads\/2025\/11\/HC_header-novita-generale-piscina-parco_1920x775.jpg\",\"datePublished\":\"2022-05-24T08:21:34+00:00\",\"dateModified\":\"2026-03-03T11:04:39+00:00\",\"description\":\"Eine gro\u00dfartige Saison der Innovationen hat begonnen, im Einklang mit der Vision der kontinuierlichen Erneuerung, die unsere Geschichte auszeichnet\",\"breadcrumb\":{\"@id\":\"https:\/\/www.hcristallo.it\/de\/innovationen-und-neuigkeiten-renovierungen-und-neue-dienstleistungen\/#breadcrumb\"},\"inLanguage\":\"de\",\"potentialAction\":[{\"@type\":\"ReadAction\",\"target\":[\"https:\/\/www.hcristallo.it\/de\/innovationen-und-neuigkeiten-renovierungen-und-neue-dienstleistungen\/\"]}]},{\"@type\":\"ImageObject\",\"inLanguage\":\"de\",\"@id\":\"https:\/\/www.hcristallo.it\/de\/innovationen-und-neuigkeiten-renovierungen-und-neue-dienstleistungen\/#primaryimage\",\"url\":\"https:\/\/www.hcristallo.it\/wp-content\/uploads\/2025\/11\/HC_header-novita-generale-piscina-parco_1920x775.jpg\",\"contentUrl\":\"https:\/\/www.hcristallo.it\/wp-content\/uploads\/2025\/11\/HC_header-novita-generale-piscina-parco_1920x775.jpg\",\"width\":1920,\"height\":775,\"caption\":\"Rendering nuova piscina nel parco in coistruzione presso l'Hotel Cristallo di Giulianova\"},{\"@type\":\"BreadcrumbList\",\"@id\":\"https:\/\/www.hcristallo.it\/de\/innovationen-und-neuigkeiten-renovierungen-und-neue-dienstleistungen\/#breadcrumb\",\"itemListElement\":[{\"@type\":\"ListItem\",\"position\":1,\"name\":\"Home\",\"item\":\"https:\/\/www.hcristallo.it\/de\/\"},{\"@type\":\"ListItem\",\"position\":2,\"name\":\"GROSSE NEUERUNGEN\"}]},{\"@type\":\"WebSite\",\"@id\":\"https:\/\/www.hcristallo.it\/de\/#website\",\"url\":\"https:\/\/www.hcristallo.it\/de\/\",\"name\":\"CRISTALLO HOTEL Giulianova\",\"description\":\"Family e business hotel 4 stelle a Giulianova in Italia\",\"publisher\":{\"@id\":\"https:\/\/www.hcristallo.it\/de\/#organization\"},\"potentialAction\":[{\"@type\":\"SearchAction\",\"target\":{\"@type\":\"EntryPoint\",\"urlTemplate\":\"https:\/\/www.hcristallo.it\/de\/?s={search_term_string}\"},\"query-input\":{\"@type\":\"PropertyValueSpecification\",\"valueRequired\":true,\"valueName\":\"search_term_string\"}}],\"inLanguage\":\"de\"},{\"@type\":\"Organization\",\"@id\":\"https:\/\/www.hcristallo.it\/de\/#organization\",\"name\":\"Hotel Cristallo\",\"url\":\"https:\/\/www.hcristallo.it\/de\/\",\"logo\":{\"@type\":\"ImageObject\",\"inLanguage\":\"de\",\"@id\":\"https:\/\/www.hcristallo.it\/de\/#\/schema\/logo\/image\/\",\"url\":\"https:\/\/www.hcristallo.it\/wp-content\/uploads\/2019\/05\/Logo.png\",\"contentUrl\":\"https:\/\/www.hcristallo.it\/wp-content\/uploads\/2019\/05\/Logo.png\",\"width\":274,\"height\":186,\"caption\":\"Hotel Cristallo\"},\"image\":{\"@id\":\"https:\/\/www.hcristallo.it\/de\/#\/schema\/logo\/image\/\"},\"sameAs\":[\"https:\/\/www.facebook.com\/HotelCristalloGiulianova\/\"]}]}<\/script>\n<!-- \/ Yoast SEO plugin. -->","yoast_head_json":{"title":"GROSSE NEUERUNGEN - CRISTALLO HOTEL Giulianova - Italy","description":"Eine gro\u00dfartige Saison der Innovationen hat begonnen, im Einklang mit der Vision der kontinuierlichen Erneuerung, die unsere Geschichte auszeichnet","robots":{"index":"index","follow":"follow","max-snippet":"max-snippet:-1","max-image-preview":"max-image-preview:large","max-video-preview":"max-video-preview:-1"},"canonical":"https:\/\/www.hcristallo.it\/de\/innovationen-und-neuigkeiten-renovierungen-und-neue-dienstleistungen\/","og_locale":"de_DE","og_type":"article","og_title":"GROSSE NEUERUNGEN - CRISTALLO HOTEL Giulianova - Italy","og_description":"Eine gro\u00dfartige Saison der Innovationen hat begonnen, im Einklang mit der Vision der kontinuierlichen Erneuerung, die unsere Geschichte auszeichnet","og_url":"https:\/\/www.hcristallo.it\/de\/innovationen-und-neuigkeiten-renovierungen-und-neue-dienstleistungen\/","og_site_name":"CRISTALLO HOTEL Giulianova","article_publisher":"https:\/\/www.facebook.com\/HotelCristalloGiulianova\/","article_modified_time":"2026-03-03T11:04:39+00:00","og_image":[{"width":1920,"height":775,"url":"https:\/\/www.hcristallo.it\/wp-content\/uploads\/2025\/11\/HC_header-novita-generale-piscina-parco_1920x775.jpg","type":"image\/jpeg"}],"twitter_card":"summary_large_image","twitter_misc":{"Gesch\u00e4tzte Lesezeit":"2\u00a0Minuten"},"schema":{"@context":"https:\/\/schema.org","@graph":[{"@type":"WebPage","@id":"https:\/\/www.hcristallo.it\/de\/innovationen-und-neuigkeiten-renovierungen-und-neue-dienstleistungen\/","url":"https:\/\/www.hcristallo.it\/de\/innovationen-und-neuigkeiten-renovierungen-und-neue-dienstleistungen\/","name":"GROSSE NEUERUNGEN - CRISTALLO HOTEL Giulianova - Italy","isPartOf":{"@id":"https:\/\/www.hcristallo.it\/de\/#website"},"primaryImageOfPage":{"@id":"https:\/\/www.hcristallo.it\/de\/innovationen-und-neuigkeiten-renovierungen-und-neue-dienstleistungen\/#primaryimage"},"image":{"@id":"https:\/\/www.hcristallo.it\/de\/innovationen-und-neuigkeiten-renovierungen-und-neue-dienstleistungen\/#primaryimage"},"thumbnailUrl":"https:\/\/www.hcristallo.it\/wp-content\/uploads\/2025\/11\/HC_header-novita-generale-piscina-parco_1920x775.jpg","datePublished":"2022-05-24T08:21:34+00:00","dateModified":"2026-03-03T11:04:39+00:00","description":"Eine gro\u00dfartige Saison der Innovationen hat begonnen, im Einklang mit der Vision der kontinuierlichen Erneuerung, die unsere Geschichte auszeichnet","breadcrumb":{"@id":"https:\/\/www.hcristallo.it\/de\/innovationen-und-neuigkeiten-renovierungen-und-neue-dienstleistungen\/#breadcrumb"},"inLanguage":"de","potentialAction":[{"@type":"ReadAction","target":["https:\/\/www.hcristallo.it\/de\/innovationen-und-neuigkeiten-renovierungen-und-neue-dienstleistungen\/"]}]},{"@type":"ImageObject","inLanguage":"de","@id":"https:\/\/www.hcristallo.it\/de\/innovationen-und-neuigkeiten-renovierungen-und-neue-dienstleistungen\/#primaryimage","url":"https:\/\/www.hcristallo.it\/wp-content\/uploads\/2025\/11\/HC_header-novita-generale-piscina-parco_1920x775.jpg","contentUrl":"https:\/\/www.hcristallo.it\/wp-content\/uploads\/2025\/11\/HC_header-novita-generale-piscina-parco_1920x775.jpg","width":1920,"height":775,"caption":"Rendering nuova piscina nel parco in coistruzione presso l'Hotel Cristallo di Giulianova"},{"@type":"BreadcrumbList","@id":"https:\/\/www.hcristallo.it\/de\/innovationen-und-neuigkeiten-renovierungen-und-neue-dienstleistungen\/#breadcrumb","itemListElement":[{"@type":"ListItem","position":1,"name":"Home","item":"https:\/\/www.hcristallo.it\/de\/"},{"@type":"ListItem","position":2,"name":"GROSSE NEUERUNGEN"}]},{"@type":"WebSite","@id":"https:\/\/www.hcristallo.it\/de\/#website","url":"https:\/\/www.hcristallo.it\/de\/","name":"CRISTALLO HOTEL Giulianova","description":"Family e business hotel 4 stelle a Giulianova in Italia","publisher":{"@id":"https:\/\/www.hcristallo.it\/de\/#organization"},"potentialAction":[{"@type":"SearchAction","target":{"@type":"EntryPoint","urlTemplate":"https:\/\/www.hcristallo.it\/de\/?s={search_term_string}"},"query-input":{"@type":"PropertyValueSpecification","valueRequired":true,"valueName":"search_term_string"}}],"inLanguage":"de"},{"@type":"Organization","@id":"https:\/\/www.hcristallo.it\/de\/#organization","name":"Hotel Cristallo","url":"https:\/\/www.hcristallo.it\/de\/","logo":{"@type":"ImageObject","inLanguage":"de","@id":"https:\/\/www.hcristallo.it\/de\/#\/schema\/logo\/image\/","url":"https:\/\/www.hcristallo.it\/wp-content\/uploads\/2019\/05\/Logo.png","contentUrl":"https:\/\/www.hcristallo.it\/wp-content\/uploads\/2019\/05\/Logo.png","width":274,"height":186,"caption":"Hotel Cristallo"},"image":{"@id":"https:\/\/www.hcristallo.it\/de\/#\/schema\/logo\/image\/"},"sameAs":["https:\/\/www.facebook.com\/HotelCristalloGiulianova\/"]}]}},"publishpress_future_action":{"enabled":false,"date":"2026-05-07 17:52:20","action":"change-status","newStatus":"draft","terms":[],"taxonomy":"translation_priority","extraData":[]},"publishpress_future_workflow_manual_trigger":{"enabledWorkflows":[]},"_links":{"self":[{"href":"https:\/\/www.hcristallo.it\/de\/wp-json\/wp\/v2\/pages\/35450","targetHints":{"allow":["GET"]}}],"collection":[{"href":"https:\/\/www.hcristallo.it\/de\/wp-json\/wp\/v2\/pages"}],"about":[{"href":"https:\/\/www.hcristallo.it\/de\/wp-json\/wp\/v2\/types\/page"}],"author":[{"embeddable":true,"href":"https:\/\/www.hcristallo.it\/de\/wp-json\/wp\/v2\/users\/1"}],"replies":[{"embeddable":true,"href":"https:\/\/www.hcristallo.it\/de\/wp-json\/wp\/v2\/comments?post=35450"}],"version-history":[{"count":6,"href":"https:\/\/www.hcristallo.it\/de\/wp-json\/wp\/v2\/pages\/35450\/revisions"}],"predecessor-version":[{"id":40663,"href":"https:\/\/www.hcristallo.it\/de\/wp-json\/wp\/v2\/pages\/35450\/revisions\/40663"}],"wp:featuredmedia":[{"embeddable":true,"href":"https:\/\/www.hcristallo.it\/de\/wp-json\/wp\/v2\/media\/40042"}],"wp:attachment":[{"href":"https:\/\/www.hcristallo.it\/de\/wp-json\/wp\/v2\/media?parent=35450"}],"curies":[{"name":"wp","href":"https:\/\/api.w.org\/{rel}","templated":true}]}}