{"id":39960,"date":"2025-11-08T20:42:04","date_gmt":"2025-11-08T19:42:04","guid":{"rendered":"https:\/\/www.hcristallo.it\/?page_id=39960"},"modified":"2025-11-10T10:28:49","modified_gmt":"2025-11-10T09:28:49","slug":"wellnessbereich","status":"publish","type":"page","link":"https:\/\/www.hcristallo.it\/de\/wellnessbereich\/","title":{"rendered":"Wellnessbereich"},"content":{"rendered":"<p><section   class=\"fw-main-row-custom fw-main-row-top fw-section-no-padding  fw_theme_bg_fw-custom fw-section-image fw-section-height-custom  fw-section-position-back tf-sh-0427b7c6c59618cbd33a2e564bb5cafc\"  style=\" background-image:url(https:\/\/www.hcristallo.it\/wp-content\/uploads\/2025\/11\/HC_header-Area-benessere_1920x775.jpg); background-repeat: no-repeat; background-position: center bottom; background-size: auto; height: 560px;\"  >\n\t\t\t<div class=\"fw-container\" >\n\t\t<div class=\"fw-row\">\n\t<div id=\"column-69e637f65df06\" class=\"fw-col-sm-12 tf-sh-18b8432e0468f1415a3ae419b7822d33  fw-animated-element fw-col-no-padding\" data-animation-type=\"fadeInUp\" data-animation-delay=\"300\">\n\t<div class=\"fw-wrap-col-inner clearfix  \"   >\n\t\t\t\t<div class=\"fw-col-inner\">\n\t\t\t<div class=\"fw-heading fw-heading-center  fw-heading-with-subtitle tf-sh-277ab0ddd26e64a702509b6a58d9f9c2\" >\n\t\t\t<h1 class=\"fw-special-title\">Wellnessbereich mit Meerblick<\/h1>\n\t\n\t\n\t\t\t<div class=\"fw-special-subtitle\">Wahrer Luxus bedeutet, sich um sich selbst zu k\u00fcmmern.<\/div>\n\t<\/div>\t\t<\/div>\n\t<\/div>\n<\/div><\/div>\n\n\t<\/div>\n\t<\/section><section   class=\"fw-main-row-custom fw-section-no-padding  auto  fw-section-position-back tf-sh-350ea997bc7f8a4269fda430c8751858 quick-reservation-section\"    >\n\t\t\t<div class=\"fw-container\" >\n\t\t<div class=\"fw-row\">\n\t<div id=\"column-69e637f65f0b3\" class=\"fw-col-sm-12 fw-col-md-12 tf-sh-add4e13e6777830d37d9c4e53a02ff89 quick-reservation\" >\n\t<div class=\"fw-wrap-col-inner clearfix  \"   >\n\t\t\t\t<div class=\"fw-col-inner\">\n\t\t\t<div class=\"fw-raw-code \">\n\t\n\t\t\t<script type=\"text\/javascript\">\n\t\t\t(function (i, s, o, g, r, a, m) {\n\t\t\ti['SBSyncroBoxParam'] = r; i[r] = i[r] || function () {\n\t\t\t(i[r].q = i[r].q || []).push(arguments)\n\t\t\t}, i[r].l = 1 * new Date(); a = s.createElement(o),\n\t\t\tm = s.getElementsByTagName(o)[0]; a.async = 1; a.src = g; m.parentNode.insertBefore(a, m)\n\t\t\t})(window, document, 'script', 'https:\/\/cdn.simplebooking.it\/search-box-script.axd?IDA=9622','SBSyncroBox');\n\n\t\t\tSBSyncroBox({\n\t\t\tCodLang: 'DE',\n\t\t\tStyles: {\n\t\t\tFontFamily: 'Lato, OpenSans, sans-serif',\n\t\t\tTheme: \"dark\",\n\t\t\tCustomColor: \"#f6f3ef\", \/\/primary color ex. #CDEFDD\n\t\t\tCustomBGColor: \"#93a8c9\", \/\/background color\n\t\t\tCustomLabelColor: \"#f6f3ef\", \/\/labels color\n\t\t\tCustomWidgetColor: \"#f6f3ef\", \/\/popovers text color\n\t\t\tCustomWidgetBGColor: \"#7486a3\",\n\t\t\tCustomWidgetElementHoverColor: \"#000\",\n\t\t\tCustomWidgetElementHoverBGColor: \"#000\",\n\t\t\tCustomBoxShadowColor: \"#f6f3ef\",\n\t\t\tCustomBoxShadowColorHover: \"#f6f3ef\",\n\t\t\tCustomIntentSelectionColor: \"#f6f3ef\",\n\t\t\tCustomIntentSelectionDaysBGColor : \"#f6f3ef\",\n\t\t\tCustomLabelHoverColor: \"#000\",\/\/f0f0f0\n\t\t\tCustomButtonColor: \"#5b7079\",\n\t\t\tCustomButtonBGColor: \"#ffffff\", \/\/db4807\n\t\t\tCustomButtonHoverBGColor: \"#f6f3ef\",\n\t\t\tCustomIconColor: \"#ffffff\",\/\/f0f0f0\n\t\t\tCustomLinkColor: \"#f6f3ef\",\n\t\t\tCustomBoxShadowColorFocus: \"#f6f3ef\",\/\/f0f0f0\n\t\t\tCustomAddRoomBoxShadowColor: \"#000\",\/\/f0f0f0\n\t\t\tCustomAccentColor : \"#f6f3ef\",\n\t\t\tCustomBGColor: \"#93a8c9\",\/\/f0f0f0\n\t\t\tCustomFieldBackgroundColor: \"#7486a3\",\n\t\t\tCustomSelectedDaysColor: \"#000\",\n\t\t\tCustomCalendarBackgroundColor: \"#7486a3\"\n\t\t\t}\n\t\t\t});\n\t\t\t<\/script>\n\t\t\t<div id=\"sb-container\"><\/div>\n\t\t\t<\/div>\t\t<\/div>\n\t<\/div>\n<\/div><\/div>\n\n\t<\/div>\n\t<\/section><section   class=\"fw-main-row-custom fw-section-no-padding  auto  fw-section-position-back tf-sh-2a24729400113cf7c2ac056d488aacd5\"    >\n\t\t\t<div class=\"fw-container\" >\n\t\t<div class=\"fw-row\">\n\t<div id=\"column-69e637f660105\" class=\"fw-col-sm-12 tf-sh-3577f77f733188f01f6858a5183142de\" >\n\t<div class=\"fw-wrap-col-inner clearfix  \"   >\n\t\t\t\t<div class=\"fw-col-inner\">\n\t\t\t<div class=\"fw-divider-space  fw-custom-space  fw-mobile-hide-element clearfix\" style=\"height:110px;\" ><\/div>\t\t<\/div>\n\t<\/div>\n<\/div><\/div>\n\n<div class=\"fw-row\">\n\t<div id=\"column-69e637f660d29\" class=\"fw-col-sm-9 fw-col-md-12 tf-sh-d1d36f8dab7256bb289fc324e2654c2c sinistra fw-animated-element\" data-animation-type=\"fadeInUp\" data-animation-delay=\"300\">\n\t<div class=\"fw-wrap-col-inner clearfix  \"   >\n\t\t\t\t<div class=\"fw-col-inner\">\n\t\t\t<div class=\"fw-heading fw-heading-left  tf-sh-ade10b06772013677f84c060bd4304b9\" >\n\t\t\t<h4 class=\"fw-special-title\">Von entspannenden Massagen bis hin zu Gesichts- und K\u00f6rperbehandlungen ist jedes Detail darauf ausgelegt, ein authentisches und erholsames Erlebnis zu gew\u00e4hrleisten.<\/h4>\n\t\n\t\n\t<\/div><div class=\"fw-divider-space  fw-custom-space  clearfix\" style=\"height:100px;\" ><\/div>\t\t<\/div>\n\t<\/div>\n<\/div><\/div>\n\n\t<\/div>\n\t<\/section><section   class=\"fw-main-row-custom fw-section-no-padding  auto  fw-section-position-back tf-sh-ab92656868cc9c71ef09e446399b9638 destra\"  style=\" background-color:#e8e8e8;\"  >\n\t\t\t<div class=\"fw-container-fluid\" >\n\t\t<div class=\"fw-row\">\n\t<div id=\"column-69e637f662037\" class=\"fw-col-sm-12 fw-col-md-6 tf-sh-d998146fd8390b2ca885f1281f8c6e82  fw-col-no-padding\" >\n\t<div class=\"fw-wrap-col-inner clearfix   fw-column-height-custom\" style=\"height: 500px;\"  >\n\t\t\t\t<div class=\"fw-col-inner\">\n\t\t\t\t\t<\/div>\n\t<\/div>\n<\/div><div id=\"column-69e637f662379\" class=\"fw-col-sm-12 fw-col-md-6 tf-sh-a63f715448fab47ecece44d1ebb4e6ff destra\" >\n\t<div class=\"fw-wrap-col-inner clearfix  \"   >\n\t\t\t\t<div class=\"fw-col-inner\">\n\t\t\t<div class=\"fw-heading fw-heading-left  fw-animated-element tf-sh-f0b4244f9a6976183e63cdb9e550e44b\"  data-animation-type=\"fadeInUp\" data-animation-delay=\"300\">\n\t\t\t<h2 class=\"fw-special-title\">Eleganz und Ruhe<\/h2>\n\t\n\t\n\t<\/div><div class=\"fw-divider-space  fw-custom-space  clearfix\" style=\"height:15px;\" ><\/div><div class=\"fw-text-box tf-sh-a69564321ae0f14d917305a7366a0191  fw-animated-element\"  data-animation-type=\"fadeInUp\" data-animation-delay=\"500\">\n\t<div class=\"fw-text-inner\">\n\t\t<p class=\"p1\"><span class=\"s1\">Die sorgf\u00e4ltig gestaltete Umgebung l\u00e4dt zum Innehalten und zu einer tiefen Auszeit ein. Ob f\u00fcr eine kurze, regenerierende Auszeit, eine Pause nach einem wichtigen Meeting oder zum Abschluss eines anstrengenden Arbeitstages \u2013 hier findet jeder Gast Balance und Wohlbefinden.<\/span><\/p>\n\t<\/div>\n<\/div><div class=\"fw-divider-space  fw-custom-space  clearfix\" style=\"height:30px;\" ><\/div>\t\t<\/div>\n\t<\/div>\n<\/div><\/div>\n\n\t<\/div>\n\t<\/section><section   class=\"fw-main-row-custom fw-section-no-padding  auto  fw-section-position-back tf-sh-2dfbfe5d8860d8806f69babc332330c6 sinistra\"  style=\" background-color:#e8e8e8;\"  >\n\t\t\t<div class=\"fw-container-fluid\" >\n\t\t<div class=\"fw-row\">\n\t<div id=\"column-69e637f663ae2\" class=\"fw-col-sm-12 fw-col-md-6 tf-sh-b6d8ee42285784e344b3b7374e6dbff2 sinistra\" >\n\t<div class=\"fw-wrap-col-inner clearfix  \"   >\n\t\t\t\t<div class=\"fw-col-inner\">\n\t\t\t<div class=\"fw-heading fw-heading-left  fw-animated-element tf-sh-f00202d52f26f5cbe576429890a43e2e\"  data-animation-type=\"fadeInUp\" data-animation-delay=\"300\">\n\t\t\t<h2 class=\"fw-special-title\">Winter Wellness<\/h2>\n\t\n\t\n\t<\/div><div class=\"fw-divider-space  fw-custom-space  clearfix\" style=\"height:15px;\" ><\/div><div class=\"fw-text-box tf-sh-521ec92123e809cde6fd28b52ae4c65a  fw-animated-element\"  data-animation-type=\"fadeInUp\" data-animation-delay=\"500\">\n\t<div class=\"fw-text-inner\">\n\t\t<p class=\"p1\"><span class=\"s1\">Tauchen Sie ein in die Magie des Winters mit unseren Massagen und Behandlungen und finden Sie zu innerer Harmonie. Die <\/span><span class=\"s2\"><b>Kerzenmassage <\/b><\/span><span class=\"s1\">h\u00fcllt Ihren K\u00f6rper in warme, duftende \u00d6le und f\u00f6rdert durch sanfte Bewegungen tiefe Entspannung. Die <\/span><span class=\"s2\"><b>Cristallo -Massage <\/b><\/span><span class=\"s1\">verw\u00f6hnt Sie mit reinen Essenzen aus den Abruzzen und schenkt Ihnen ein aromatisches Erlebnis voller Leichtigkeit und Wohlbefinden. F\u00fcr alle, die eine schnelle und dennoch effektive Gesichtsbehandlung suchen, bietet <\/span><span class=\"s2\"><b>Express Viso <\/b><\/span><span class=\"s1\">eine regenerierende Auszeit, die Ihrer Haut in nur 30 Minuten neue Vitalit\u00e4t verleiht.<\/span><\/p>\n\t<\/div>\n<\/div><div class=\"fw-divider-space  fw-custom-space  clearfix\" style=\"height:30px;\" ><\/div>\t\t<\/div>\n\t<\/div>\n<\/div><div id=\"column-69e637f664acb\" class=\"fw-col-sm-12 fw-col-md-6 tf-sh-29769428d8eafc670cd89d15b3d54bf8  fw-col-no-padding\" >\n\t<div class=\"fw-wrap-col-inner clearfix   fw-column-height-custom\" style=\"height: 500px;\"  >\n\t\t\t\t<div class=\"fw-col-inner\">\n\t\t\t\t\t<\/div>\n\t<\/div>\n<\/div><\/div>\n\n\t<\/div>\n\t<\/section><section   class=\"fw-main-row-custom fw-section-no-padding  auto  fw-section-position-back tf-sh-e6558c2f420cbed95d9480cecaf67768 destra\"  style=\" background-color:#e8e8e8;\"  >\n\t\t\t<div class=\"fw-container-fluid\" >\n\t\t<div class=\"fw-row\">\n\t<div id=\"column-69e637f6655ca\" class=\"fw-col-sm-12 fw-col-md-6 tf-sh-0d5e268ee72906a5dce49a143fc2d5a8  fw-col-no-padding\" >\n\t<div class=\"fw-wrap-col-inner clearfix   fw-column-height-custom\" style=\"height: 500px;\"  >\n\t\t\t\t<div class=\"fw-col-inner\">\n\t\t\t\t\t<\/div>\n\t<\/div>\n<\/div><div id=\"column-69e637f6658ff\" class=\"fw-col-sm-12 fw-col-md-6 tf-sh-f5ab7060b31937c79a84da037b9b16be destra\" >\n\t<div class=\"fw-wrap-col-inner clearfix  \"   >\n\t\t\t\t<div class=\"fw-col-inner\">\n\t\t\t<div class=\"fw-heading fw-heading-left  fw-animated-element tf-sh-fbfb35bb080dd5d836a84513f9bf5585\"  data-animation-type=\"fadeInUp\" data-animation-delay=\"300\">\n\t\t\t<h2 class=\"fw-special-title\">Betriebliches Wohlbefinden<\/h2>\n\t\n\t\n\t<\/div><div class=\"fw-divider-space  fw-custom-space  clearfix\" style=\"height:15px;\" ><\/div><div class=\"fw-text-box tf-sh-2875fe5d0c17c2951a65385f1bbd0eeb  fw-animated-element\"  data-animation-type=\"fadeInUp\" data-animation-delay=\"500\">\n\t<div class=\"fw-text-inner\">\n\t\t<p class=\"p1\"><span class=\"s1\">Die digitale <\/span><span class=\"s2\"><b>Massage <\/b><\/span><span class=\"s1\">entspricht den modernen Bed\u00fcrfnissen durch die h\u00e4ufige Nutzung digitaler Ger\u00e4te und ist die ideale L\u00f6sung, um zwischen Terminen neue Energie zu tanken. Diese Massage konzentriert sich auf Kopf, Gesicht, Nacken und Schultern, l\u00f6st Muskelverspannungen und stellt Balance und innere Ruhe wieder her. Eine wertvolle M\u00f6glichkeit, berufliche Produktivit\u00e4t und pers\u00f6nliches Wohlbefinden w\u00e4hrend einer Gesch\u00e4ftsreise in Einklang zu bringen.<\/span><\/p>\n\t<\/div>\n<\/div><div class=\"fw-divider-space  fw-custom-space  clearfix\" style=\"height:30px;\" ><\/div>\t\t<\/div>\n\t<\/div>\n<\/div><\/div>\n\n\t<\/div>\n\t<\/section><section   class=\"fw-main-row  auto  fw-section-position-back\"    >\n\t\t\t<div class=\"fw-container\" >\n\t\t<div class=\"fw-row\">\n\t<div id=\"column-69e637f6671c8\" class=\"fw-col-sm-12 fw-mobile-hide-element tf-sh-90ef5df75421126a4d0cb9e092d90600\" >\n\t<div class=\"fw-wrap-col-inner clearfix  \"   >\n\t\t\t\t<div class=\"fw-col-inner\">\n\t\t\t<div class=\"text-center\">\t<a href=\" https:\/\/booking.ericsoft.com\/BookingEngine\/Book?idh=97DA23E3F75734B6&amp;lang=it&amp;cur=EUR&amp;pax=2_0_0&amp;acmp=RT0\" target=\"_blank\" class=\"fw-btn tf-sh-cb5f6e548fa690f8cdff5df2d2900c19  fw-btn-lg   fw-animated-element fw-btn-1\"  data-animation-type=\"fadeInUp\" data-animation-delay=\"500\" style=\"\">\n\t\t<span >\n\t\t\tVERIFICA DISPONIBILITA'\t\t<\/span>\n\t<\/a>\n<\/div>\t\t<\/div>\n\t<\/div>\n<\/div><\/div>\n\n\t<\/div>\n\t<\/section><\/p>\n","protected":false},"excerpt":{"rendered":"<p>Wellnessbereich mit Meerblick Wahrer Luxus bedeutet, sich um sich selbst zu k\u00fcmmern. Von entspannenden Massagen bis hin zu Gesichts- und K\u00f6rperbehandlungen ist jedes Detail darauf ausgelegt, ein authentisches und erholsames Erlebnis zu gew\u00e4hrleisten. Eleganz und Ruhe Die sorgf\u00e4ltig gestaltete Umgebung l\u00e4dt zum Innehalten und zu einer tiefen Auszeit ein. Ob f\u00fcr eine kurze, regenerierende Auszeit, [&hellip;]<\/p>\n","protected":false},"author":3,"featured_media":39964,"parent":0,"menu_order":0,"comment_status":"closed","ping_status":"closed","template":"visual-builder-template.php","meta":{"footnotes":""},"class_list":["post-39960","page","type-page","status-publish","has-post-thumbnail","hentry"],"yoast_head":"<!-- This site is optimized with the Yoast SEO plugin v26.9 - https:\/\/yoast.com\/product\/yoast-seo-wordpress\/ -->\n<title>Wellnessbereich - CRISTALLO HOTEL Giulianova - Italy<\/title>\n<meta name=\"description\" content=\"Eine gro\u00dfartige Saison der Innovationen hat begonnen, im Einklang mit der Vision der kontinuierlichen Erneuerung, die unsere Geschichte auszeichnet\" \/>\n<meta name=\"robots\" content=\"index, follow, max-snippet:-1, max-image-preview:large, max-video-preview:-1\" \/>\n<link rel=\"canonical\" href=\"https:\/\/www.hcristallo.it\/de\/wellnessbereich\/\" \/>\n<meta property=\"og:locale\" content=\"de_DE\" \/>\n<meta property=\"og:type\" content=\"article\" \/>\n<meta property=\"og:title\" content=\"Wellnessbereich - CRISTALLO HOTEL Giulianova - Italy\" \/>\n<meta property=\"og:description\" content=\"Eine gro\u00dfartige Saison der Innovationen hat begonnen, im Einklang mit der Vision der kontinuierlichen Erneuerung, die unsere Geschichte auszeichnet\" \/>\n<meta property=\"og:url\" content=\"https:\/\/www.hcristallo.it\/de\/wellnessbereich\/\" \/>\n<meta property=\"og:site_name\" content=\"CRISTALLO HOTEL Giulianova\" \/>\n<meta property=\"article:publisher\" content=\"https:\/\/www.facebook.com\/HotelCristalloGiulianova\/\" \/>\n<meta property=\"article:modified_time\" content=\"2025-11-10T09:28:49+00:00\" \/>\n<meta property=\"og:image\" content=\"https:\/\/www.hcristallo.it\/wp-content\/uploads\/2025\/11\/HC_Area-benessere_1100x775.jpg\" \/>\n\t<meta property=\"og:image:width\" content=\"1100\" \/>\n\t<meta property=\"og:image:height\" content=\"775\" \/>\n\t<meta property=\"og:image:type\" content=\"image\/jpeg\" \/>\n<meta name=\"twitter:card\" content=\"summary_large_image\" \/>\n<meta name=\"twitter:label1\" content=\"Gesch\u00e4tzte Lesezeit\" \/>\n\t<meta name=\"twitter:data1\" content=\"2\u00a0Minuten\" \/>\n<script type=\"application\/ld+json\" class=\"yoast-schema-graph\">{\"@context\":\"https:\/\/schema.org\",\"@graph\":[{\"@type\":\"WebPage\",\"@id\":\"https:\/\/www.hcristallo.it\/de\/wellnessbereich\/\",\"url\":\"https:\/\/www.hcristallo.it\/de\/wellnessbereich\/\",\"name\":\"Wellnessbereich - CRISTALLO HOTEL Giulianova - Italy\",\"isPartOf\":{\"@id\":\"https:\/\/www.hcristallo.it\/de\/#website\"},\"primaryImageOfPage\":{\"@id\":\"https:\/\/www.hcristallo.it\/de\/wellnessbereich\/#primaryimage\"},\"image\":{\"@id\":\"https:\/\/www.hcristallo.it\/de\/wellnessbereich\/#primaryimage\"},\"thumbnailUrl\":\"https:\/\/www.hcristallo.it\/wp-content\/uploads\/2025\/11\/HC_Area-benessere_1100x775.jpg\",\"datePublished\":\"2025-11-08T19:42:04+00:00\",\"dateModified\":\"2025-11-10T09:28:49+00:00\",\"description\":\"Eine gro\u00dfartige Saison der Innovationen hat begonnen, im Einklang mit der Vision der kontinuierlichen Erneuerung, die unsere Geschichte auszeichnet\",\"breadcrumb\":{\"@id\":\"https:\/\/www.hcristallo.it\/de\/wellnessbereich\/#breadcrumb\"},\"inLanguage\":\"de\",\"potentialAction\":[{\"@type\":\"ReadAction\",\"target\":[\"https:\/\/www.hcristallo.it\/de\/wellnessbereich\/\"]}]},{\"@type\":\"ImageObject\",\"inLanguage\":\"de\",\"@id\":\"https:\/\/www.hcristallo.it\/de\/wellnessbereich\/#primaryimage\",\"url\":\"https:\/\/www.hcristallo.it\/wp-content\/uploads\/2025\/11\/HC_Area-benessere_1100x775.jpg\",\"contentUrl\":\"https:\/\/www.hcristallo.it\/wp-content\/uploads\/2025\/11\/HC_Area-benessere_1100x775.jpg\",\"width\":1100,\"height\":775,\"caption\":\"Area benessere vista mare - Hotel Cristallo Giulianova\"},{\"@type\":\"BreadcrumbList\",\"@id\":\"https:\/\/www.hcristallo.it\/de\/wellnessbereich\/#breadcrumb\",\"itemListElement\":[{\"@type\":\"ListItem\",\"position\":1,\"name\":\"Home\",\"item\":\"https:\/\/www.hcristallo.it\/de\/\"},{\"@type\":\"ListItem\",\"position\":2,\"name\":\"Wellnessbereich\"}]},{\"@type\":\"WebSite\",\"@id\":\"https:\/\/www.hcristallo.it\/de\/#website\",\"url\":\"https:\/\/www.hcristallo.it\/de\/\",\"name\":\"CRISTALLO HOTEL Giulianova\",\"description\":\"Family e business hotel 4 stelle a Giulianova in Italia\",\"publisher\":{\"@id\":\"https:\/\/www.hcristallo.it\/de\/#organization\"},\"potentialAction\":[{\"@type\":\"SearchAction\",\"target\":{\"@type\":\"EntryPoint\",\"urlTemplate\":\"https:\/\/www.hcristallo.it\/de\/?s={search_term_string}\"},\"query-input\":{\"@type\":\"PropertyValueSpecification\",\"valueRequired\":true,\"valueName\":\"search_term_string\"}}],\"inLanguage\":\"de\"},{\"@type\":\"Organization\",\"@id\":\"https:\/\/www.hcristallo.it\/de\/#organization\",\"name\":\"Hotel Cristallo\",\"url\":\"https:\/\/www.hcristallo.it\/de\/\",\"logo\":{\"@type\":\"ImageObject\",\"inLanguage\":\"de\",\"@id\":\"https:\/\/www.hcristallo.it\/de\/#\/schema\/logo\/image\/\",\"url\":\"https:\/\/www.hcristallo.it\/wp-content\/uploads\/2019\/05\/Logo.png\",\"contentUrl\":\"https:\/\/www.hcristallo.it\/wp-content\/uploads\/2019\/05\/Logo.png\",\"width\":274,\"height\":186,\"caption\":\"Hotel Cristallo\"},\"image\":{\"@id\":\"https:\/\/www.hcristallo.it\/de\/#\/schema\/logo\/image\/\"},\"sameAs\":[\"https:\/\/www.facebook.com\/HotelCristalloGiulianova\/\"]}]}<\/script>\n<!-- \/ Yoast SEO plugin. -->","yoast_head_json":{"title":"Wellnessbereich - CRISTALLO HOTEL Giulianova - Italy","description":"Eine gro\u00dfartige Saison der Innovationen hat begonnen, im Einklang mit der Vision der kontinuierlichen Erneuerung, die unsere Geschichte auszeichnet","robots":{"index":"index","follow":"follow","max-snippet":"max-snippet:-1","max-image-preview":"max-image-preview:large","max-video-preview":"max-video-preview:-1"},"canonical":"https:\/\/www.hcristallo.it\/de\/wellnessbereich\/","og_locale":"de_DE","og_type":"article","og_title":"Wellnessbereich - CRISTALLO HOTEL Giulianova - Italy","og_description":"Eine gro\u00dfartige Saison der Innovationen hat begonnen, im Einklang mit der Vision der kontinuierlichen Erneuerung, die unsere Geschichte auszeichnet","og_url":"https:\/\/www.hcristallo.it\/de\/wellnessbereich\/","og_site_name":"CRISTALLO HOTEL Giulianova","article_publisher":"https:\/\/www.facebook.com\/HotelCristalloGiulianova\/","article_modified_time":"2025-11-10T09:28:49+00:00","og_image":[{"width":1100,"height":775,"url":"https:\/\/www.hcristallo.it\/wp-content\/uploads\/2025\/11\/HC_Area-benessere_1100x775.jpg","type":"image\/jpeg"}],"twitter_card":"summary_large_image","twitter_misc":{"Gesch\u00e4tzte Lesezeit":"2\u00a0Minuten"},"schema":{"@context":"https:\/\/schema.org","@graph":[{"@type":"WebPage","@id":"https:\/\/www.hcristallo.it\/de\/wellnessbereich\/","url":"https:\/\/www.hcristallo.it\/de\/wellnessbereich\/","name":"Wellnessbereich - CRISTALLO HOTEL Giulianova - Italy","isPartOf":{"@id":"https:\/\/www.hcristallo.it\/de\/#website"},"primaryImageOfPage":{"@id":"https:\/\/www.hcristallo.it\/de\/wellnessbereich\/#primaryimage"},"image":{"@id":"https:\/\/www.hcristallo.it\/de\/wellnessbereich\/#primaryimage"},"thumbnailUrl":"https:\/\/www.hcristallo.it\/wp-content\/uploads\/2025\/11\/HC_Area-benessere_1100x775.jpg","datePublished":"2025-11-08T19:42:04+00:00","dateModified":"2025-11-10T09:28:49+00:00","description":"Eine gro\u00dfartige Saison der Innovationen hat begonnen, im Einklang mit der Vision der kontinuierlichen Erneuerung, die unsere Geschichte auszeichnet","breadcrumb":{"@id":"https:\/\/www.hcristallo.it\/de\/wellnessbereich\/#breadcrumb"},"inLanguage":"de","potentialAction":[{"@type":"ReadAction","target":["https:\/\/www.hcristallo.it\/de\/wellnessbereich\/"]}]},{"@type":"ImageObject","inLanguage":"de","@id":"https:\/\/www.hcristallo.it\/de\/wellnessbereich\/#primaryimage","url":"https:\/\/www.hcristallo.it\/wp-content\/uploads\/2025\/11\/HC_Area-benessere_1100x775.jpg","contentUrl":"https:\/\/www.hcristallo.it\/wp-content\/uploads\/2025\/11\/HC_Area-benessere_1100x775.jpg","width":1100,"height":775,"caption":"Area benessere vista mare - Hotel Cristallo Giulianova"},{"@type":"BreadcrumbList","@id":"https:\/\/www.hcristallo.it\/de\/wellnessbereich\/#breadcrumb","itemListElement":[{"@type":"ListItem","position":1,"name":"Home","item":"https:\/\/www.hcristallo.it\/de\/"},{"@type":"ListItem","position":2,"name":"Wellnessbereich"}]},{"@type":"WebSite","@id":"https:\/\/www.hcristallo.it\/de\/#website","url":"https:\/\/www.hcristallo.it\/de\/","name":"CRISTALLO HOTEL Giulianova","description":"Family e business hotel 4 stelle a Giulianova in Italia","publisher":{"@id":"https:\/\/www.hcristallo.it\/de\/#organization"},"potentialAction":[{"@type":"SearchAction","target":{"@type":"EntryPoint","urlTemplate":"https:\/\/www.hcristallo.it\/de\/?s={search_term_string}"},"query-input":{"@type":"PropertyValueSpecification","valueRequired":true,"valueName":"search_term_string"}}],"inLanguage":"de"},{"@type":"Organization","@id":"https:\/\/www.hcristallo.it\/de\/#organization","name":"Hotel Cristallo","url":"https:\/\/www.hcristallo.it\/de\/","logo":{"@type":"ImageObject","inLanguage":"de","@id":"https:\/\/www.hcristallo.it\/de\/#\/schema\/logo\/image\/","url":"https:\/\/www.hcristallo.it\/wp-content\/uploads\/2019\/05\/Logo.png","contentUrl":"https:\/\/www.hcristallo.it\/wp-content\/uploads\/2019\/05\/Logo.png","width":274,"height":186,"caption":"Hotel Cristallo"},"image":{"@id":"https:\/\/www.hcristallo.it\/de\/#\/schema\/logo\/image\/"},"sameAs":["https:\/\/www.facebook.com\/HotelCristalloGiulianova\/"]}]}},"publishpress_future_action":{"enabled":false,"date":"2026-04-27 16:28:06","action":"change-status","newStatus":"draft","terms":[],"taxonomy":"translation_priority","extraData":[]},"publishpress_future_workflow_manual_trigger":{"enabledWorkflows":[]},"_links":{"self":[{"href":"https:\/\/www.hcristallo.it\/de\/wp-json\/wp\/v2\/pages\/39960","targetHints":{"allow":["GET"]}}],"collection":[{"href":"https:\/\/www.hcristallo.it\/de\/wp-json\/wp\/v2\/pages"}],"about":[{"href":"https:\/\/www.hcristallo.it\/de\/wp-json\/wp\/v2\/types\/page"}],"author":[{"embeddable":true,"href":"https:\/\/www.hcristallo.it\/de\/wp-json\/wp\/v2\/users\/3"}],"replies":[{"embeddable":true,"href":"https:\/\/www.hcristallo.it\/de\/wp-json\/wp\/v2\/comments?post=39960"}],"version-history":[{"count":2,"href":"https:\/\/www.hcristallo.it\/de\/wp-json\/wp\/v2\/pages\/39960\/revisions"}],"predecessor-version":[{"id":40010,"href":"https:\/\/www.hcristallo.it\/de\/wp-json\/wp\/v2\/pages\/39960\/revisions\/40010"}],"wp:featuredmedia":[{"embeddable":true,"href":"https:\/\/www.hcristallo.it\/de\/wp-json\/wp\/v2\/media\/39964"}],"wp:attachment":[{"href":"https:\/\/www.hcristallo.it\/de\/wp-json\/wp\/v2\/media?parent=39960"}],"curies":[{"name":"wp","href":"https:\/\/api.w.org\/{rel}","templated":true}]}}